{"id":37747,"date":"2025-02-20T23:28:23","date_gmt":"2025-02-20T22:28:23","guid":{"rendered":"http:\/\/olemosaic.com\/producto\/4-bols-de-coco-de-13-x-6-cm-caballito-de-mar\/"},"modified":"2025-07-25T20:41:19","modified_gmt":"2025-07-25T18:41:19","slug":"4-tacas-de-coco-de-13-x-6-cm-cavalo-marinho-pt-pt","status":"publish","type":"product","link":"https:\/\/olemosaic.com\/pt-pt\/produto\/4-tacas-de-coco-de-13-x-6-cm-cavalo-marinho-pt-pt\/","title":{"rendered":"4 Ta\u00e7as de coco de 13 x 6 cm. Cavalo-marinho."},"content":{"rendered":"<p>Descubra as nossas encantadoras ta\u00e7as de coco de 13 x 6 cm, um conjunto de quatro pe\u00e7as que presta homenagem \u00e0 beleza do mar. Cada ta\u00e7a, pintada \u00e0 m\u00e3o, apresenta um design vibrante que combina tons de azul, laranja, vermelho e dourado, criando um acabamento colorido e elegante. No seu interior, imagens delicadas de cavalos-marinhos entrela\u00e7am-se com um subtil efeito de rede, conferindo um toque moderno e atrativo. Estas ta\u00e7as n\u00e3o s\u00e3o apenas ideais para servir aperitivos, mas tamb\u00e9m funcionam como pe\u00e7as decorativas que real\u00e7am o ambiente de qualquer mesa, perfeitas para festas ou jantares tem\u00e1ticos.<\/p>\n<p>A liga\u00e7\u00e3o cultural destas ta\u00e7as com a tradi\u00e7\u00e3o artesanal da regi\u00e3o mediterr\u00e2nica destaca a sua autenticidade e relev\u00e2ncia como uma recorda\u00e7\u00e3o t\u00edpica. Pelo seu design \u00fanico, estas ta\u00e7as de coco s\u00e3o uma excelente op\u00e7\u00e3o para turistas que procuram lembran\u00e7as que capturem a ess\u00eancia do mar e da cultura local. Na Ol\u00e9 Mosaic, orgulhamo-nos de oferecer recorda\u00e7\u00f5es de alta qualidade por grosso, e este conjunto de ta\u00e7as de cavalos-marinhos \u00e9 uma op\u00e7\u00e3o perfeita para lojas de presentes tur\u00edsticos que procuram variedade e exclusividade. Como distribuidores de recorda\u00e7\u00f5es aut\u00eanticas, convidamo-lo a incluir estas encantadoras ta\u00e7as no seu cat\u00e1logo.<\/p>\n","protected":false},"excerpt":{"rendered":"<p>Ta\u00e7as de coco de 13 x 6 cm com design de cavalo-marinho, ideais para decora\u00e7\u00e3o ou para servir aperitivos. Cada ta\u00e7a apresenta um acabamento colorido em tons de azul, laranja, vermelho e dourado, com um subtil efeito de rede que confere um toque elegante e moderno. Pintadas com estilo artesanal, estas ta\u00e7as exibem imagens de cavalos-marinhos no seu interior, criando um contraste visual que real\u00e7a a sua singularidade e atratividade. Perfeitas para adicionar um toque marinho a qualquer mesa.<\/p>\n","protected":false},"featured_media":10636,"template":"","meta":{"_acf_changed":false},"product_brand":[],"product_cat":[513],"product_tag":[516],"class_list":{"0":"post-37747","1":"product","2":"type-product","3":"status-publish","4":"has-post-thumbnail","6":"product_cat-bols","7":"product_tag-animais","8":"pa_motivo-cavalos-marinhos","10":"first","11":"instock","12":"shipping-taxable","13":"product-type-simple"},"acf":[],"_links":{"self":[{"href":"https:\/\/olemosaic.com\/pt-pt\/wp-json\/wp\/v2\/product\/37747","targetHints":{"allow":["GET"]}}],"collection":[{"href":"https:\/\/olemosaic.com\/pt-pt\/wp-json\/wp\/v2\/product"}],"about":[{"href":"https:\/\/olemosaic.com\/pt-pt\/wp-json\/wp\/v2\/types\/product"}],"wp:featuredmedia":[{"embeddable":true,"href":"https:\/\/olemosaic.com\/pt-pt\/wp-json\/wp\/v2\/media\/10636"}],"wp:attachment":[{"href":"https:\/\/olemosaic.com\/pt-pt\/wp-json\/wp\/v2\/media?parent=37747"}],"wp:term":[{"taxonomy":"product_brand","embeddable":true,"href":"https:\/\/olemosaic.com\/pt-pt\/wp-json\/wp\/v2\/product_brand?post=37747"},{"taxonomy":"product_cat","embeddable":true,"href":"https:\/\/olemosaic.com\/pt-pt\/wp-json\/wp\/v2\/product_cat?post=37747"},{"taxonomy":"product_tag","embeddable":true,"href":"https:\/\/olemosaic.com\/pt-pt\/wp-json\/wp\/v2\/product_tag?post=37747"}],"curies":[{"name":"wp","href":"https:\/\/api.w.org\/{rel}","templated":true}]}}