{"id":37746,"date":"2025-02-20T22:28:22","date_gmt":"2025-02-20T22:28:22","guid":{"rendered":"http:\/\/olemosaic.com\/producto\/iman-de-metal-sagrada-familia-barcelona-8-cm\/"},"modified":"2025-07-25T19:51:10","modified_gmt":"2025-07-25T17:51:10","slug":"iman-de-metal-sagrada-familia-barcelona-8-cm-pt-pt-2","status":"publish","type":"product","link":"https:\/\/olemosaic.com\/pt-pt\/produto\/iman-de-metal-sagrada-familia-barcelona-8-cm-pt-pt-2\/","title":{"rendered":"\u00cdman de metal. Sagrada Fam\u00edlia. Barcelona. 8 cm."},"content":{"rendered":"<p>Descubra o nosso \u00edman met\u00e1lico de 8 cm que captura a ess\u00eancia da ic\u00f3nica Sagrada Fam\u00edlia de Barcelona, um s\u00edmbolo imprescind\u00edvel da arquitetura modernista. Este atraente souvenir apresenta um design vibrante inspirado no estilo mosaico de Antoni Gaud\u00ed, o c\u00e9lebre arquiteto catal\u00e3o conhecido pelas suas criativas e coloridas obras. Com tons chamativos que real\u00e7am as torres e os complexos detalhes arquitet\u00f3nicos do monumento, cada olhar para este \u00edman evoca a grandiosidade de uma das obras-primas mais significativas da cidade.<\/p>\n<p>Na parte superior, a palavra &#8220;Barcelona&#8221; \u00e9 impressa com uma tipografia que complementa perfeitamente a imagem, real\u00e7ando ainda mais o encanto desta recorda\u00e7\u00e3o. A combina\u00e7\u00e3o de cores, desde as quentes tonalidades terracota at\u00e9 aos ricos azuis do fundo, suscita uma liga\u00e7\u00e3o imediata com o vibrante ambiente da cidade condal, tornando-o uma recorda\u00e7\u00e3o perfeita para os turistas que desejam levar um peda\u00e7o de Barcelona para casa.<\/p>\n<p>Este \u00edman n\u00e3o s\u00f3 \u00e9 uma excelente op\u00e7\u00e3o para decorar qualquer espa\u00e7o, como tamb\u00e9m representa um peda\u00e7o da rica cultura catal\u00e3. Na Ol\u00e9 Mosaic, como grossistas de souvenirs, oferecemos produtos aut\u00eanticos que refletem a diversidade do patrim\u00f3nio espanhol, tornando este \u00edman da Sagrada Fam\u00edlia num presente ideal para lojas de presentes tur\u00edsticos que procurem produtos aut\u00eanticos e representativos de Espanha.<\/p>\n","protected":false},"excerpt":{"rendered":"<p>\u00cdman de metal de 8 cm que representa a ic\u00f3nica Sagrada Fam\u00edlia de Barcelona. Este atraente souvenir apresenta um design vibrante, inspirado no estilo mosaico de Gaud\u00ed, com cores chamativas que real\u00e7am as torres e os detalhes arquitet\u00f3nicos do monumento. A palavra &#8220;Barcelona&#8221; figura na parte superior, complementando a imagem e tornando este \u00edman numa recorda\u00e7\u00e3o perfeita da riqueza cultural da cidade. Ideal para decorar qualquer espa\u00e7o.<\/p>\n","protected":false},"featured_media":11359,"template":"","meta":{"_acf_changed":false},"product_brand":[],"product_cat":[699],"product_tag":[],"class_list":{"0":"post-37746","1":"product","2":"type-product","3":"status-publish","4":"has-post-thumbnail","6":"product_cat-imanes","7":"pa_ciudad-barcelona","8":"pa_motivo-sagrada-familia","9":"pa_pais-espana","11":"first","12":"instock","13":"shipping-taxable","14":"product-type-simple"},"acf":[],"_links":{"self":[{"href":"https:\/\/olemosaic.com\/pt-pt\/wp-json\/wp\/v2\/product\/37746","targetHints":{"allow":["GET"]}}],"collection":[{"href":"https:\/\/olemosaic.com\/pt-pt\/wp-json\/wp\/v2\/product"}],"about":[{"href":"https:\/\/olemosaic.com\/pt-pt\/wp-json\/wp\/v2\/types\/product"}],"wp:featuredmedia":[{"embeddable":true,"href":"https:\/\/olemosaic.com\/pt-pt\/wp-json\/wp\/v2\/media\/11359"}],"wp:attachment":[{"href":"https:\/\/olemosaic.com\/pt-pt\/wp-json\/wp\/v2\/media?parent=37746"}],"wp:term":[{"taxonomy":"product_brand","embeddable":true,"href":"https:\/\/olemosaic.com\/pt-pt\/wp-json\/wp\/v2\/product_brand?post=37746"},{"taxonomy":"product_cat","embeddable":true,"href":"https:\/\/olemosaic.com\/pt-pt\/wp-json\/wp\/v2\/product_cat?post=37746"},{"taxonomy":"product_tag","embeddable":true,"href":"https:\/\/olemosaic.com\/pt-pt\/wp-json\/wp\/v2\/product_tag?post=37746"}],"curies":[{"name":"wp","href":"https:\/\/api.w.org\/{rel}","templated":true}]}}