{"id":37745,"date":"2025-02-20T23:28:22","date_gmt":"2025-02-20T22:28:22","guid":{"rendered":"http:\/\/olemosaic.com\/producto\/bol-de-coco-azul-delfin-mallorca\/"},"modified":"2025-07-25T18:50:13","modified_gmt":"2025-07-25T16:50:13","slug":"taca-de-coco-azul-golfinho-maiorca-pt-pt","status":"publish","type":"product","link":"https:\/\/olemosaic.com\/pt-pt\/produto\/taca-de-coco-azul-golfinho-maiorca-pt-pt\/","title":{"rendered":"Ta\u00e7a de coco azul. Golfinho. Maiorca."},"content":{"rendered":"<p>Descubra a nossa requintada ta\u00e7a de cer\u00e2mica azul, uma aut\u00eantica representa\u00e7\u00e3o da beleza natural de Maiorca. Esta delicada ta\u00e7a apresenta um elegante golfinho no centro, um s\u00edmbolo ic\u00f3nico da fauna marinha que habita nas \u00e1guas cristalinas da ilha. A sua forma org\u00e2nica e a borda irregular conferem-lhe um toque artesanal, evocando a ess\u00eancia da tradi\u00e7\u00e3o cer\u00e2mica maiorquina. O fundo azul profundo, salpicado de manchas que lembram as ondas do Mediterr\u00e2neo, oferece um apelo visual cativante. Na base, a inscri\u00e7\u00e3o &#8220;MAIORCA&#8221; destaca-se em letras brancas, rodeada por um design que evoca os cl\u00e1ssicos azulejos da regi\u00e3o, conferindo um toque aut\u00eantico e cultural \u00e0 pe\u00e7a.<\/p>\n<p>Esta ta\u00e7a n\u00e3o s\u00f3 \u00e9 ideal para uso decorativo, como tamb\u00e9m pode servir para apresentar aperitivos ou pequenas iguarias em qualquer casa, tornando-se um ponto focal na sua mesa. Ao escolher esta ta\u00e7a de cer\u00e2mica, n\u00e3o s\u00f3 adquire um objeto funcional, mas um peda\u00e7o da riqueza cultural de Maiorca. Na Ol\u00e9 Mosaic, o nosso compromisso \u00e9 oferecer souvenirs aut\u00eanticos e de qualidade. Esta ta\u00e7a \u00e9 uma excelente op\u00e7\u00e3o para lojas de presentes tur\u00edsticos que procuram produtos que celebrem a heran\u00e7a e a beleza de Espanha. Como grossistas de cer\u00e2micas, garantimos que cada pe\u00e7a \u00e9 realizada com dedica\u00e7\u00e3o e amor pela tradi\u00e7\u00e3o.<\/p>\n","protected":false},"excerpt":{"rendered":"<p>Ta\u00e7a de coco azul, decorada com um elegante golfinho no centro, um s\u00edmbolo emblem\u00e1tico da fauna marinha de Maiorca. Esta ta\u00e7a, de forma org\u00e2nica e borda irregular, \u00e9 embelezada com um fundo azul profundo e salpicado que evoca o mar Mediterr\u00e2neo. A inscri\u00e7\u00e3o &#8220;MAIORCA&#8221; ressalta com letras brancas na parte inferior, rodeada por um design de azulejos que acrescenta um toque tradicional a esta pe\u00e7a. Ideal para uso decorativo ou pr\u00e1tico em qualquer casa.<\/p>\n","protected":false},"featured_media":11779,"template":"","meta":{"_acf_changed":false},"product_brand":[],"product_cat":[513],"product_tag":[516],"class_list":{"0":"post-37745","1":"product","2":"type-product","3":"status-publish","4":"has-post-thumbnail","6":"product_cat-bols","7":"product_tag-animais","8":"pa_ciudad-mallorca","9":"pa_motivo-golfinhos","10":"pa_pais-espana","12":"first","13":"instock","14":"shipping-taxable","15":"product-type-simple"},"acf":[],"_links":{"self":[{"href":"https:\/\/olemosaic.com\/pt-pt\/wp-json\/wp\/v2\/product\/37745","targetHints":{"allow":["GET"]}}],"collection":[{"href":"https:\/\/olemosaic.com\/pt-pt\/wp-json\/wp\/v2\/product"}],"about":[{"href":"https:\/\/olemosaic.com\/pt-pt\/wp-json\/wp\/v2\/types\/product"}],"wp:featuredmedia":[{"embeddable":true,"href":"https:\/\/olemosaic.com\/pt-pt\/wp-json\/wp\/v2\/media\/11779"}],"wp:attachment":[{"href":"https:\/\/olemosaic.com\/pt-pt\/wp-json\/wp\/v2\/media?parent=37745"}],"wp:term":[{"taxonomy":"product_brand","embeddable":true,"href":"https:\/\/olemosaic.com\/pt-pt\/wp-json\/wp\/v2\/product_brand?post=37745"},{"taxonomy":"product_cat","embeddable":true,"href":"https:\/\/olemosaic.com\/pt-pt\/wp-json\/wp\/v2\/product_cat?post=37745"},{"taxonomy":"product_tag","embeddable":true,"href":"https:\/\/olemosaic.com\/pt-pt\/wp-json\/wp\/v2\/product_tag?post=37745"}],"curies":[{"name":"wp","href":"https:\/\/api.w.org\/{rel}","templated":true}]}}