{"id":37744,"date":"2025-02-20T22:28:22","date_gmt":"2025-02-20T22:28:22","guid":{"rendered":"http:\/\/olemosaic.com\/producto\/bol-de-coco-rojo-delfin-gran-canaria\/"},"modified":"2025-07-25T20:15:13","modified_gmt":"2025-07-25T18:15:13","slug":"taca-de-coco-vermelha-golfinho-gran-canaria-pt-pt","status":"publish","type":"product","link":"https:\/\/olemosaic.com\/pt-pt\/produto\/taca-de-coco-vermelha-golfinho-gran-canaria-pt-pt\/","title":{"rendered":"Ta\u00e7a de coco vermelha. Golfinho. Gran Canaria."},"content":{"rendered":"<p>Descubra a nossa exclusiva ta\u00e7a de coco vermelha decorada com motivos de golfinhos, um aut\u00eantico souvenir de Gran Canaria que encapsula a beleza marinha das Ilhas Can\u00e1rias. Esta vibrante ta\u00e7a apresenta uma base preta sobre a qual se destacam cora\u00e7\u00f5es vermelhos e uma elegante representa\u00e7\u00e3o de dois golfinhos, simbolizando a harmonia e a alegria do oceano. Cada detalhe do design foi meticulosamente criado \u00e0 m\u00e3o, garantindo que cada pe\u00e7a seja \u00fanica e reflita a rica heran\u00e7a cultural can\u00e1ria.<\/p>\n<p>O acabamento brilhante e as cores contrastantes fazem desta ta\u00e7a um elemento decorativo sumamente atraente que pode servir tanto como recipiente para aperitivos como pe\u00e7a de destaque na decora\u00e7\u00e3o de qualquer espa\u00e7o. A sua influ\u00eancia marinha n\u00e3o s\u00f3 real\u00e7a o ambiente id\u00edlico de Gran Canaria, mas tamb\u00e9m convida a evocar mem\u00f3rias das suas \u00e1guas cristalinas e da sua exuberante vida marinha.<\/p>\n<p>Na Ol\u00e9 Mosaic, dedicamo-nos a oferecer souvenirs aut\u00eanticos que capturam a ess\u00eancia das tradi\u00e7\u00f5es locais. Esta ta\u00e7a de coco \u00e9 uma op\u00e7\u00e3o ideal para lojas de presentes tur\u00edsticos em busca de produtos que realcem a cultura can\u00e1ria e a beleza das suas paisagens. Como grossista de artigos artesanais, garantimos que cada produto represente a autenticidade e o encanto da sua origem, tornando-se uma recorda\u00e7\u00e3o inesquec\u00edvel para os visitantes.<\/p>\n","protected":false},"excerpt":{"rendered":"<p>Ta\u00e7a de coco vermelha decorada com motivos de golfinhos, que representa a beleza marinha de Gran Canaria. Esta vibrante ta\u00e7a apresenta uma base preta adornada com cora\u00e7\u00f5es vermelhos e dois golfinhos num elegante design central, criando um apelo visual atraente. Fabricada de forma artesanal, \u00e9 ideal como pe\u00e7a decorativa ou para servir aperitivos, conferindo um toque de cor e cultura can\u00e1ria a qualquer espa\u00e7o.<\/p>\n","protected":false},"featured_media":10260,"template":"","meta":{"_acf_changed":false},"product_brand":[],"product_cat":[513],"product_tag":[516],"class_list":{"0":"post-37744","1":"product","2":"type-product","3":"status-publish","4":"has-post-thumbnail","6":"product_cat-bols","7":"product_tag-animais","8":"pa_ciudad-gran-canaria","9":"pa_motivo-golfinhos","10":"pa_pais-espana","12":"first","13":"instock","14":"shipping-taxable","15":"product-type-simple"},"acf":[],"_links":{"self":[{"href":"https:\/\/olemosaic.com\/pt-pt\/wp-json\/wp\/v2\/product\/37744","targetHints":{"allow":["GET"]}}],"collection":[{"href":"https:\/\/olemosaic.com\/pt-pt\/wp-json\/wp\/v2\/product"}],"about":[{"href":"https:\/\/olemosaic.com\/pt-pt\/wp-json\/wp\/v2\/types\/product"}],"wp:featuredmedia":[{"embeddable":true,"href":"https:\/\/olemosaic.com\/pt-pt\/wp-json\/wp\/v2\/media\/10260"}],"wp:attachment":[{"href":"https:\/\/olemosaic.com\/pt-pt\/wp-json\/wp\/v2\/media?parent=37744"}],"wp:term":[{"taxonomy":"product_brand","embeddable":true,"href":"https:\/\/olemosaic.com\/pt-pt\/wp-json\/wp\/v2\/product_brand?post=37744"},{"taxonomy":"product_cat","embeddable":true,"href":"https:\/\/olemosaic.com\/pt-pt\/wp-json\/wp\/v2\/product_cat?post=37744"},{"taxonomy":"product_tag","embeddable":true,"href":"https:\/\/olemosaic.com\/pt-pt\/wp-json\/wp\/v2\/product_tag?post=37744"}],"curies":[{"name":"wp","href":"https:\/\/api.w.org\/{rel}","templated":true}]}}