{"id":37742,"date":"2025-02-20T23:28:22","date_gmt":"2025-02-20T22:28:22","guid":{"rendered":"http:\/\/olemosaic.com\/producto\/llavero-de-madera-letra-w\/"},"modified":"2025-07-25T18:35:03","modified_gmt":"2025-07-25T16:35:03","slug":"porta-chaves-de-madeira-letra-w-pt-pt","status":"publish","type":"product","link":"https:\/\/olemosaic.com\/pt-pt\/produto\/porta-chaves-de-madeira-letra-w-pt-pt\/","title":{"rendered":"Porta-chaves de madeira. Letra W."},"content":{"rendered":"<p>Descubra o nosso encantador porta-chaves de madeira com a forma da letra W, uma recorda\u00e7\u00e3o que encapsula a rica tradi\u00e7\u00e3o art\u00edstica espanhola. Este atraente porta-chaves destaca-se pelo seu design vibrante de mosaicos coloridos, que evoca a cer\u00e2mica andaluza, famosa pela sua complexidade e beleza. Com um acabamento polido, os detalhes pintados \u00e0 m\u00e3o em padr\u00f5es florais e geom\u00e9tricos real\u00e7am os tons vivos, assegurando um toque elegante e moderno, ideal para personalizar as suas chaves ou oferecer aos seus entes queridos.<\/p>\n<p>O porta-chaves, elaborado com madeira de alta qualidade, apresenta uma forma estilizada da letra W, o que o torna uma op\u00e7\u00e3o personalizada e significativa para quem procura uma recorda\u00e7\u00e3o \u00fanica da sua visita a Espanha. A liga\u00e7\u00e3o cultural deste produto reside na tradi\u00e7\u00e3o do mosaico andaluz, que adornou importantes monumentos e espa\u00e7os p\u00fablicos da regi\u00e3o, como o famoso Alc\u00e1zar de Sevilha. Este porta-chaves torna-se um s\u00edmbolo de autenticidade e um lembrete da beleza da arte espanhola, perfeito para turistas que procuram souvenirs que contam hist\u00f3rias.<\/p>\n<p>Na Ol\u00e9 Mosaic, como grossistas deste tipo de recorda\u00e7\u00f5es, oferecemos produtos artesanais que celebram a heran\u00e7a cultural de Espanha, tornando este porta-chaves uma op\u00e7\u00e3o perfeita para lojas de presentes tur\u00edsticos que desejem oferecer um produto distintivo e aut\u00eantico.<\/p>\n","protected":false},"excerpt":{"rendered":"<p>Porta-chaves de madeira com a forma da letra W, decorado com um design vibrante de mosaicos coloridos que evocam a rica tradi\u00e7\u00e3o art\u00edstica espanhola. Este atraente porta-chaves apresenta detalhes pintados \u00e0 m\u00e3o com uma variedade de padr\u00f5es florais e geom\u00e9tricos, capturando a ess\u00eancia da cer\u00e2mica andaluza. O seu acabamento polido n\u00e3o s\u00f3 real\u00e7a as cores vivas, mas tamb\u00e9m lhe confere um toque elegante e moderno, ideal para personalizar as suas chaves ou como um presente \u00fanico.<\/p>\n","protected":false},"featured_media":9613,"template":"","meta":{"_acf_changed":false},"product_brand":[],"product_cat":[611],"product_tag":[612],"class_list":{"0":"post-37742","1":"product","2":"type-product","3":"status-publish","4":"has-post-thumbnail","6":"product_cat-porta-chaves","7":"product_tag-cartas","8":"pa_motivo-letra-w","10":"first","11":"instock","12":"shipping-taxable","13":"product-type-simple"},"acf":[],"_links":{"self":[{"href":"https:\/\/olemosaic.com\/pt-pt\/wp-json\/wp\/v2\/product\/37742","targetHints":{"allow":["GET"]}}],"collection":[{"href":"https:\/\/olemosaic.com\/pt-pt\/wp-json\/wp\/v2\/product"}],"about":[{"href":"https:\/\/olemosaic.com\/pt-pt\/wp-json\/wp\/v2\/types\/product"}],"wp:featuredmedia":[{"embeddable":true,"href":"https:\/\/olemosaic.com\/pt-pt\/wp-json\/wp\/v2\/media\/9613"}],"wp:attachment":[{"href":"https:\/\/olemosaic.com\/pt-pt\/wp-json\/wp\/v2\/media?parent=37742"}],"wp:term":[{"taxonomy":"product_brand","embeddable":true,"href":"https:\/\/olemosaic.com\/pt-pt\/wp-json\/wp\/v2\/product_brand?post=37742"},{"taxonomy":"product_cat","embeddable":true,"href":"https:\/\/olemosaic.com\/pt-pt\/wp-json\/wp\/v2\/product_cat?post=37742"},{"taxonomy":"product_tag","embeddable":true,"href":"https:\/\/olemosaic.com\/pt-pt\/wp-json\/wp\/v2\/product_tag?post=37742"}],"curies":[{"name":"wp","href":"https:\/\/api.w.org\/{rel}","templated":true}]}}