{"id":37741,"date":"2025-02-20T22:28:18","date_gmt":"2025-02-20T22:28:18","guid":{"rendered":"http:\/\/olemosaic.com\/producto\/libreta-de-80-hojas-mariposas-mallorca\/"},"modified":"2025-07-25T18:37:17","modified_gmt":"2025-07-25T16:37:17","slug":"caderno-de-80-folhas-borboletas-maiorca-pt-pt","status":"publish","type":"product","link":"https:\/\/olemosaic.com\/pt-pt\/produto\/caderno-de-80-folhas-borboletas-maiorca-pt-pt\/","title":{"rendered":"Caderno de 80 folhas. Borboletas. Maiorca."},"content":{"rendered":"<p>Descubra o nosso requintado caderno decorado com borboletas e flores chamativas, uma recorda\u00e7\u00e3o exclusiva de Maiorca que captura a ess\u00eancia vibrante da natureza da ilha. Este caderno conta com 80 folhas de alta qualidade, ideais para registar os seus pensamentos, ideias ou recorda\u00e7\u00f5es das suas viagens. A sua capa destaca-se por um design colorido que apresenta borboletas em tons brilhantes de rosa, azul e amarelo, espalhadas sobre um fundo com um elegante mosaico de cores, que evoca as paisagens paradis\u00edacas da ilha.<\/p>\n<p>O pr\u00e1tico fecho el\u00e1stico vermelho n\u00e3o s\u00f3 adiciona funcionalidade, como tamb\u00e9m complementa o design, garantindo que as suas notas permane\u00e7am protegidas em todos os momentos. Este produto n\u00e3o \u00e9 apenas uma ferramenta perfeita para estudantes e viajantes, mas tamb\u00e9m uma representa\u00e7\u00e3o aut\u00eantica da arte e da diversidade natural de Maiorca, tornando-o uma recorda\u00e7\u00e3o memor\u00e1vel de um destino tur\u00edstico \u00fanico.<\/p>\n<p>Na Ol\u00e9 Mosaic, orgulhamo-nos de oferecer artigos de qualidade que refletem a cultura espanhola. Este caderno de borboletas \u00e9 uma escolha ideal para lojas de presentes tur\u00edsticos que procuram recorda\u00e7\u00f5es aut\u00eanticas e chamativas de Maiorca, garantindo que os seus clientes levam para casa um peda\u00e7o da beleza mediterr\u00e2nica. Com a nossa ampla variedade de recorda\u00e7\u00f5es e excelente distribui\u00e7\u00e3o por grosso, este caderno ser\u00e1 um sucesso garantido em qualquer com\u00e9rcio.<\/p>\n","protected":false},"excerpt":{"rendered":"<p>Caderno de 80 folhas decorado com borboletas e flores chamativas, inspirado na beleza natural de Maiorca. A sua capa apresenta um design colorido com borboletas em tons vibrantes de rosa, azul e amarelo, que se destacam sobre um fundo de mosaico. Com um pr\u00e1tico fecho el\u00e1stico vermelho, este caderno \u00e9 ideal para anotar ideias e recorda\u00e7\u00f5es, evocando a ess\u00eancia das paisagens de Maiorca em cada p\u00e1gina.<\/p>\n","protected":false},"featured_media":12006,"template":"","meta":{"_acf_changed":false},"product_brand":[],"product_cat":[808],"product_tag":[516],"class_list":{"0":"post-37741","1":"product","2":"type-product","3":"status-publish","4":"has-post-thumbnail","6":"product_cat-cadernos","7":"product_tag-animais","8":"pa_ciudad-mallorca","9":"pa_motivo-borboletas","10":"pa_pais-espana","12":"first","13":"instock","14":"shipping-taxable","15":"product-type-simple"},"acf":[],"_links":{"self":[{"href":"https:\/\/olemosaic.com\/pt-pt\/wp-json\/wp\/v2\/product\/37741","targetHints":{"allow":["GET"]}}],"collection":[{"href":"https:\/\/olemosaic.com\/pt-pt\/wp-json\/wp\/v2\/product"}],"about":[{"href":"https:\/\/olemosaic.com\/pt-pt\/wp-json\/wp\/v2\/types\/product"}],"wp:featuredmedia":[{"embeddable":true,"href":"https:\/\/olemosaic.com\/pt-pt\/wp-json\/wp\/v2\/media\/12006"}],"wp:attachment":[{"href":"https:\/\/olemosaic.com\/pt-pt\/wp-json\/wp\/v2\/media?parent=37741"}],"wp:term":[{"taxonomy":"product_brand","embeddable":true,"href":"https:\/\/olemosaic.com\/pt-pt\/wp-json\/wp\/v2\/product_brand?post=37741"},{"taxonomy":"product_cat","embeddable":true,"href":"https:\/\/olemosaic.com\/pt-pt\/wp-json\/wp\/v2\/product_cat?post=37741"},{"taxonomy":"product_tag","embeddable":true,"href":"https:\/\/olemosaic.com\/pt-pt\/wp-json\/wp\/v2\/product_tag?post=37741"}],"curies":[{"name":"wp","href":"https:\/\/api.w.org\/{rel}","templated":true}]}}