{"id":37740,"date":"2025-02-20T23:28:18","date_gmt":"2025-02-20T22:28:18","guid":{"rendered":"http:\/\/olemosaic.com\/producto\/mug-de-ceramica-panoramica-avila-beige\/"},"modified":"2025-07-25T18:54:56","modified_gmt":"2025-07-25T16:54:56","slug":"caneca-de-ceramica-panoramica-avila-bege-pt-pt","status":"publish","type":"product","link":"https:\/\/olemosaic.com\/pt-pt\/produto\/caneca-de-ceramica-panoramica-avila-bege-pt-pt\/","title":{"rendered":"Caneca de cer\u00e2mica. Panor\u00e2mica. \u00c1vila. Bege."},"content":{"rendered":"<p>Descubra a nossa exclusiva caneca de cer\u00e2mica com uma encantadora panor\u00e2mica de \u00c1vila, uma recorda\u00e7\u00e3o ideal para quem deseja levar um peda\u00e7o desta hist\u00f3rica cidade espanhola. Esta caneca apresenta um design vibrante em tons bege e laranja, destacando as emblem\u00e1ticas muralhas e a catedral de \u00c1vila atrav\u00e9s de ilustra\u00e7\u00f5es cheias de cor. O texto \u00ab\u00c1VILA\u00bb sobressai em cores chamativas sobre um fundo branco brilhante, captando a aten\u00e7\u00e3o e recordando aos utilizadores a beleza desta cidade declarada Patrim\u00f3nio da Humanidade.<\/p>\n<p>A caneca conta com uma asa de design confort\u00e1vel e uma colher a condizer num acabamento vermelho quente, o que a torna n\u00e3o s\u00f3 um objeto funcional, mas tamb\u00e9m um elemento decorativo para qualquer casa. \u00c9 perfeita para desfrutar das suas bebidas quentes favoritas, como caf\u00e9, ch\u00e1 ou chocolate, enquanto aprecia a rica hist\u00f3ria de \u00c1vila e a sua ic\u00f3nica arquitetura. Esta recorda\u00e7\u00e3o \u00e9 uma excelente escolha para turistas que desejem recordar a sua visita a esta gloriosa cidade, e ideal para lojas de presentes tur\u00edsticos que procurem oferecer produtos aut\u00eanticos e de qualidade. Na Ol\u00e9 Mosaic, como distribuidores de recorda\u00e7\u00f5es, garantimos que cada caneca reflete a autenticidade da cultura espanhola, tornando-a uma op\u00e7\u00e3o imprescind\u00edvel para quem procura recorda\u00e7\u00f5es \u00fanicas.<\/p>\n","protected":false},"excerpt":{"rendered":"<p>Caneca de cer\u00e2mica com uma encantadora panor\u00e2mica de \u00c1vila, decorada em tons bege e laranja. Apresenta ilustra\u00e7\u00f5es vibrantes da sua famosa muralha e catedral, capturando a ess\u00eancia hist\u00f3rica della cidade. O design inclui a palavra &#8220;\u00c1VILA&#8221; em cores chamativas sobre um fundo branco brilhante, complementado por uma asa e uma colher a condizer com um acabamento vermelho quente. Ideal para desfrutar das suas bebidas favoritas enquanto admira a beleza desta ic\u00f3nica cidade espanhola.<\/p>\n","protected":false},"featured_media":7291,"template":"","meta":{"_acf_changed":false},"product_brand":[],"product_cat":[726],"product_tag":[515],"class_list":{"0":"post-37740","1":"product","2":"type-product","3":"status-publish","4":"has-post-thumbnail","6":"product_cat-mugs","7":"product_tag-ceramica","8":"pa_ciudad-avila","9":"pa_motivo-panoramas","10":"pa_pais-espana","12":"first","13":"instock","14":"shipping-taxable","15":"product-type-simple"},"acf":[],"_links":{"self":[{"href":"https:\/\/olemosaic.com\/pt-pt\/wp-json\/wp\/v2\/product\/37740","targetHints":{"allow":["GET"]}}],"collection":[{"href":"https:\/\/olemosaic.com\/pt-pt\/wp-json\/wp\/v2\/product"}],"about":[{"href":"https:\/\/olemosaic.com\/pt-pt\/wp-json\/wp\/v2\/types\/product"}],"wp:featuredmedia":[{"embeddable":true,"href":"https:\/\/olemosaic.com\/pt-pt\/wp-json\/wp\/v2\/media\/7291"}],"wp:attachment":[{"href":"https:\/\/olemosaic.com\/pt-pt\/wp-json\/wp\/v2\/media?parent=37740"}],"wp:term":[{"taxonomy":"product_brand","embeddable":true,"href":"https:\/\/olemosaic.com\/pt-pt\/wp-json\/wp\/v2\/product_brand?post=37740"},{"taxonomy":"product_cat","embeddable":true,"href":"https:\/\/olemosaic.com\/pt-pt\/wp-json\/wp\/v2\/product_cat?post=37740"},{"taxonomy":"product_tag","embeddable":true,"href":"https:\/\/olemosaic.com\/pt-pt\/wp-json\/wp\/v2\/product_tag?post=37740"}],"curies":[{"name":"wp","href":"https:\/\/api.w.org\/{rel}","templated":true}]}}