{"id":37739,"date":"2025-02-20T22:28:18","date_gmt":"2025-02-20T22:28:18","guid":{"rendered":"http:\/\/olemosaic.com\/producto\/libreta-de-80-hojas-toros\/"},"modified":"2025-07-25T18:42:01","modified_gmt":"2025-07-25T16:42:01","slug":"caderno-de-80-folhas-touros-pt-pt","status":"publish","type":"product","link":"https:\/\/olemosaic.com\/pt-pt\/produto\/caderno-de-80-folhas-touros-pt-pt\/","title":{"rendered":"Caderno de 80 folhas. Touros."},"content":{"rendered":"<p>Descubra o nosso exclusivo caderno de 80 folhas com uma ilustra\u00e7\u00e3o vibrante de um touro, um s\u00edmbolo da riqueza cultural e da tradi\u00e7\u00e3o espanhola. Este design atraente, inspirado na arte do trencad\u00eds, apresenta uma paleta colorida de tons vermelhos, verdes e azuis que d\u00e3o vida \u00e0 imponente figura do touro, destacando-se sobre um fundo de paisagens abstratas que evocam a diversidade das paisagens espanholas. Com um el\u00e1stico vermelho que segura as folhas, este caderno torna-se o companheiro ideal para quem aprecia a heran\u00e7a cultural e art\u00edstica de Espanha, perfeito para tomar notas ou registar reflex\u00f5es di\u00e1rias.<\/p>\n<p>O touro na cultura espanhola n\u00e3o representa apenas a for\u00e7a e o valor, mas \u00e9 um emblema essencial em festividades e tradi\u00e7\u00f5es de diversas regi\u00f5es, especialmente em eventos taurom\u00e1quicos. Este caderno n\u00e3o \u00e9 apenas um artigo de papelaria, mas uma recorda\u00e7\u00e3o aut\u00eantica que encapsula o esp\u00edrito de Espanha, tornando-se um presente memor\u00e1vel para turistas e amantes da cultura. Na Ol\u00e9 Mosaic, como distribuidores de recorda\u00e7\u00f5es por grosso, oferecemos produtos que destacam a autenticidade e o valor cultural, e este caderno de touros \u00e9 uma excelente op\u00e7\u00e3o para lojas que procuram adicionar um toque \u00fanico e representativo da tradi\u00e7\u00e3o espanhola \u00e0 sua oferta.<\/p>\n","protected":false},"excerpt":{"rendered":"<p>Caderno de 80 folhas com uma ilustra\u00e7\u00e3o vibrante de um touro, s\u00edmbolo da riqueza cultural espanhola. O seu design, colorido e chamativo, \u00e9 inspirado na arte do trencad\u00eds, com uma mistura de tons vermelhos, verdes e azuis que d\u00e3o vida \u00e0 figura do touro sobre um fundo de paisagens abstratas. O caderno, ideal para os amantes da tradi\u00e7\u00e3o espanhola, est\u00e1 equipado com um el\u00e1stico vermelho que mant\u00e9m as folhas seguras.<\/p>\n","protected":false},"featured_media":9364,"template":"","meta":{"_acf_changed":false},"product_brand":[],"product_cat":[808],"product_tag":[516],"class_list":{"0":"post-37739","1":"product","2":"type-product","3":"status-publish","4":"has-post-thumbnail","6":"product_cat-cadernos","7":"product_tag-animais","8":"pa_motivo-touros","10":"first","11":"instock","12":"shipping-taxable","13":"product-type-simple"},"acf":[],"_links":{"self":[{"href":"https:\/\/olemosaic.com\/pt-pt\/wp-json\/wp\/v2\/product\/37739","targetHints":{"allow":["GET"]}}],"collection":[{"href":"https:\/\/olemosaic.com\/pt-pt\/wp-json\/wp\/v2\/product"}],"about":[{"href":"https:\/\/olemosaic.com\/pt-pt\/wp-json\/wp\/v2\/types\/product"}],"wp:featuredmedia":[{"embeddable":true,"href":"https:\/\/olemosaic.com\/pt-pt\/wp-json\/wp\/v2\/media\/9364"}],"wp:attachment":[{"href":"https:\/\/olemosaic.com\/pt-pt\/wp-json\/wp\/v2\/media?parent=37739"}],"wp:term":[{"taxonomy":"product_brand","embeddable":true,"href":"https:\/\/olemosaic.com\/pt-pt\/wp-json\/wp\/v2\/product_brand?post=37739"},{"taxonomy":"product_cat","embeddable":true,"href":"https:\/\/olemosaic.com\/pt-pt\/wp-json\/wp\/v2\/product_cat?post=37739"},{"taxonomy":"product_tag","embeddable":true,"href":"https:\/\/olemosaic.com\/pt-pt\/wp-json\/wp\/v2\/product_tag?post=37739"}],"curies":[{"name":"wp","href":"https:\/\/api.w.org\/{rel}","templated":true}]}}