{"id":37738,"date":"2025-02-20T23:28:18","date_gmt":"2025-02-20T22:28:18","guid":{"rendered":"http:\/\/olemosaic.com\/producto\/mug-de-ceramica-bailaora-sevilla-beige\/"},"modified":"2025-07-25T18:47:54","modified_gmt":"2025-07-25T16:47:54","slug":"caneca-de-ceramica-bailaora-sevilha-bege","status":"publish","type":"product","link":"https:\/\/olemosaic.com\/pt-pt\/produto\/caneca-de-ceramica-bailaora-sevilha-bege\/","title":{"rendered":"Caneca de cer\u00e2mica. Bailaora. Sevilha. Bege."},"content":{"rendered":"<p>Descubra a nossa encantadora caneca de cer\u00e2mica inspirada na cultura flamenca de Sevilha, uma recorda\u00e7\u00e3o aut\u00eantica que captura a ess\u00eancia desta cidade vibrante. Esta caneca apresenta um design cativante que destaca a figura de uma bailaora, vestida com uma elaborada saia multicolorida que evoca a paix\u00e3o e o movimento do flamenco. Decorada com flores vermelhas e o nome &#8220;SEVILHA&#8221; proeminentemente na parte superior, a caneca n\u00e3o \u00e9 apenas um objeto funcional, mas tamb\u00e9m uma obra de arte que presta homenagem \u00e0 rica tradi\u00e7\u00e3o cultural andaluza. O interior bege complementa perfeitamente o design exterior, criando um contraste visual atraente que real\u00e7a o artesanato deste produto.<\/p>\n<p>Esta recorda\u00e7\u00e3o de Sevilha \u00e9 mais do que uma simples caneca; \u00e9 uma lembran\u00e7a do calor e da vivacidade da cultura espanhola. A sua qualidade cer\u00e2mica assegura a sua durabilidade, tornando-a ideal tanto para uso di\u00e1rio como para exibi\u00e7\u00e3o. Torna-se assim uma excelente ideia para turistas que procuram recorda\u00e7\u00f5es aut\u00eanticas que representem a hist\u00f3ria e a arte da regi\u00e3o. Na Ol\u00e9 Mosaic, como especialistas na distribui\u00e7\u00e3o de recorda\u00e7\u00f5es por grosso, oferecemos uma gama de produtos que celebram a singularidade de Espanha, e esta caneca \u00e9 uma op\u00e7\u00e3o perfeita para lojas de presentes tur\u00edsticos que procuram adicionar um toque cultural e distintivo \u00e0 sua oferta.<\/p>\n","protected":false},"excerpt":{"rendered":"<p>Caneca de cer\u00e2mica inspirada na cultura flamenca sevilhana, com um design vibrante que destaca a figura de uma bailaora vestida com um traje multicolorido e elaborado. Decorada com flores vermelhas e o nome &#8220;SEVILHA&#8221; na parte superior, esta caneca apresenta um interior bege que complementa perfeitamente o seu design. A qualidade do material assegura a sua durabilidade, tornando-a uma recorda\u00e7\u00e3o ideal e funcional que captura a ess\u00eancia da arte e do folclore espanhol.<\/p>\n","protected":false},"featured_media":6465,"template":"","meta":{"_acf_changed":false},"product_brand":[],"product_cat":[726],"product_tag":[515],"class_list":{"0":"post-37738","1":"product","2":"type-product","3":"status-publish","4":"has-post-thumbnail","6":"product_cat-mugs","7":"product_tag-ceramica","8":"pa_ciudad-sevilla","9":"pa_motivo-dancarinos","10":"pa_pais-espana","12":"first","13":"instock","14":"shipping-taxable","15":"product-type-simple"},"acf":[],"_links":{"self":[{"href":"https:\/\/olemosaic.com\/pt-pt\/wp-json\/wp\/v2\/product\/37738","targetHints":{"allow":["GET"]}}],"collection":[{"href":"https:\/\/olemosaic.com\/pt-pt\/wp-json\/wp\/v2\/product"}],"about":[{"href":"https:\/\/olemosaic.com\/pt-pt\/wp-json\/wp\/v2\/types\/product"}],"wp:featuredmedia":[{"embeddable":true,"href":"https:\/\/olemosaic.com\/pt-pt\/wp-json\/wp\/v2\/media\/6465"}],"wp:attachment":[{"href":"https:\/\/olemosaic.com\/pt-pt\/wp-json\/wp\/v2\/media?parent=37738"}],"wp:term":[{"taxonomy":"product_brand","embeddable":true,"href":"https:\/\/olemosaic.com\/pt-pt\/wp-json\/wp\/v2\/product_brand?post=37738"},{"taxonomy":"product_cat","embeddable":true,"href":"https:\/\/olemosaic.com\/pt-pt\/wp-json\/wp\/v2\/product_cat?post=37738"},{"taxonomy":"product_tag","embeddable":true,"href":"https:\/\/olemosaic.com\/pt-pt\/wp-json\/wp\/v2\/product_tag?post=37738"}],"curies":[{"name":"wp","href":"https:\/\/api.w.org\/{rel}","templated":true}]}}