{"id":37736,"date":"2025-02-20T22:28:16","date_gmt":"2025-02-20T22:28:16","guid":{"rendered":"http:\/\/olemosaic.com\/producto\/libreta-de-80-hojas-panoramica-bilbao\/"},"modified":"2025-07-25T18:37:15","modified_gmt":"2025-07-25T16:37:15","slug":"caderno-de-80-folhas-panoramica-bilbau","status":"publish","type":"product","link":"https:\/\/olemosaic.com\/pt-pt\/produto\/caderno-de-80-folhas-panoramica-bilbau\/","title":{"rendered":"Caderno de 80 folhas. Panor\u00e2mica. Bilbau."},"content":{"rendered":"<p>Descubra o Caderno Panor\u00e2mico de Bilbau, um original caderno de 80 folhas que captura a ess\u00eancia vibrante desta cidade ic\u00f3nica. Com um design colorido e atraente, este caderno apresenta uma ilustra\u00e7\u00e3o panor\u00e2mica que destaca edif\u00edcios emblem\u00e1ticos de Bilbau, como o Museu Guggenheim, com a sua arquitetura inovadora, e a majestosa Torre Iberdrola. Cada tra\u00e7o e detalhe reflete as cores intensas e as formas singulares que caracterizam o skyline de Bilbau, enquanto elementos t\u00edpicos e guindastes evocam a sua riqueza industrial e a sua transforma\u00e7\u00e3o urbana.<\/p>\n<p>Este caderno n\u00e3o s\u00f3 \u00e9 ideal para tomar notas ou fazer desenhos, como tamb\u00e9m se torna um aut\u00eantico souvenir de Bilbau, perfeito para quem deseja levar um pedacinho da cidade. A sua encaderna\u00e7\u00e3o robusta e a banda el\u00e1stica vermelha garantem durabilidade e funcionalidade, permitindo o seu uso di\u00e1rio sem renunciar ao estilo. A combina\u00e7\u00e3o das suas cores vibrantes e do seu design cuidadosamente elaborado torna-o um artigo atraente para turistas que procuram souvenirs \u00fanicos e representativos da sua viagem.<\/p>\n<p>Na Ol\u00e9 Mosaic, como distribuidores de souvenirs de alta qualidade, oferecemos este caderno de Bilbau que, al\u00e9m de ser um recurso \u00fatil para o dia a dia, \u00e9 uma excelente op\u00e7\u00e3o para lojas de presentes tur\u00edsticos em busca de produtos aut\u00eanticos e de relev\u00e2ncia cultural. Leve consigo uma recorda\u00e7\u00e3o da maravilha de Bilbau com o nosso Caderno Panor\u00e2mico.<\/p>\n","protected":false},"excerpt":{"rendered":"<p>Caderno de 80 folhas com design panor\u00e2mico de Bilbau. Este caderno, com uma capa colorida, apresenta uma ilustra\u00e7\u00e3o inspirada nos emblem\u00e1ticos edif\u00edcios da cidade, como o Museu Guggenheim e a Torre Iberdrola, juntamente with elementos t\u00edpicos e guindastes que evocam o seu passado industrial. Com uma encaderna\u00e7\u00e3o robusta e uma banda el\u00e1stica vermelha, \u00e9 perfeito para tomar notas e desenhar, destacando-se pelas suas cores vibrantes e detalhes que capturam a ess\u00eancia de Bilbau.<\/p>\n","protected":false},"featured_media":11639,"template":"","meta":{"_acf_changed":false},"product_brand":[],"product_cat":[808],"product_tag":[],"class_list":{"0":"post-37736","1":"product","2":"type-product","3":"status-publish","4":"has-post-thumbnail","6":"product_cat-cadernos","7":"pa_ciudad-bilbao","8":"pa_motivo-panoramas","9":"pa_pais-espana","11":"first","12":"instock","13":"shipping-taxable","14":"product-type-simple"},"acf":[],"_links":{"self":[{"href":"https:\/\/olemosaic.com\/pt-pt\/wp-json\/wp\/v2\/product\/37736","targetHints":{"allow":["GET"]}}],"collection":[{"href":"https:\/\/olemosaic.com\/pt-pt\/wp-json\/wp\/v2\/product"}],"about":[{"href":"https:\/\/olemosaic.com\/pt-pt\/wp-json\/wp\/v2\/types\/product"}],"wp:featuredmedia":[{"embeddable":true,"href":"https:\/\/olemosaic.com\/pt-pt\/wp-json\/wp\/v2\/media\/11639"}],"wp:attachment":[{"href":"https:\/\/olemosaic.com\/pt-pt\/wp-json\/wp\/v2\/media?parent=37736"}],"wp:term":[{"taxonomy":"product_brand","embeddable":true,"href":"https:\/\/olemosaic.com\/pt-pt\/wp-json\/wp\/v2\/product_brand?post=37736"},{"taxonomy":"product_cat","embeddable":true,"href":"https:\/\/olemosaic.com\/pt-pt\/wp-json\/wp\/v2\/product_cat?post=37736"},{"taxonomy":"product_tag","embeddable":true,"href":"https:\/\/olemosaic.com\/pt-pt\/wp-json\/wp\/v2\/product_tag?post=37736"}],"curies":[{"name":"wp","href":"https:\/\/api.w.org\/{rel}","templated":true}]}}