{"id":37735,"date":"2025-02-20T23:28:16","date_gmt":"2025-02-20T22:28:16","guid":{"rendered":"http:\/\/olemosaic.com\/producto\/jarra-de-ceramica-salamandra-barcelona-beige\/"},"modified":"2025-07-25T18:33:05","modified_gmt":"2025-07-25T16:33:05","slug":"jarro-de-ceramica-salamandra-barcelona-bege","status":"publish","type":"product","link":"https:\/\/olemosaic.com\/pt-pt\/produto\/jarro-de-ceramica-salamandra-barcelona-bege\/","title":{"rendered":"Jarro de cer\u00e2mica. Salamandra. Barcelona. Bege."},"content":{"rendered":"<p>Descubra o jarro de cer\u00e2mica inspirado na vibrante cultura de Barcelona, uma pe\u00e7a \u00fanica que captura a ess\u00eancia art\u00edstica desta ic\u00f3nica cidade espanhola. Com um elegante acabamento bege, o jarro apresenta intrincadas ilustra\u00e7\u00f5es de salamandras, que na cultura local simbolizam a criatividade e a liga\u00e7\u00e3o com a natureza. Cada detalhe das salamandras \u00e9 pintado \u00e0 m\u00e3o, o que garante que cada jarro seja uma obra de arte singular. O rebordo e a asa, numa chamativa cor vermelha, conferem um contraste din\u00e2mico que real\u00e7a a beleza desta pe\u00e7a, tornando-a um atrativo visual perfeito para qualquer cozinha ou sala de jantar. Al\u00e9m disso, a palavra \u00abBarcelona\u00bb sobressai com orgulho sobre a superf\u00edcie, adicionando um toque personalizado que faz deste jarro um souvenir ideal para recordar a sua visita a esta maravilhosa cidade.<\/p>\n<p>Este artigo n\u00e3o \u00e9 apenas um acess\u00f3rio funcional, mas tamb\u00e9m uma aut\u00eantica representa\u00e7\u00e3o da tradi\u00e7\u00e3o artesanal da regi\u00e3o. Os turistas que procuram recorda\u00e7\u00f5es aut\u00eanticas de Barcelona encontrar\u00e3o neste jarro um presente memor\u00e1vel que reflete a riqueza cultural da cidade. Na Ol\u00e9 Mosaic, somos distribuidores de souvenirs por grosso, e este jarro de cer\u00e2mica \u00e9 uma excelente op\u00e7\u00e3o para lojas de presentes tur\u00edsticos que desejem oferecer produtos com um toque local e artesanal. Um souvenir que encapsula a singularidade de Barcelona e a arte da cer\u00e2mica, ideal para partilhar a magia desta cidade.<\/p>\n","protected":false},"excerpt":{"rendered":"<p>Jarro de cer\u00e2mica de design singular, inspirado na cultura e na arte barcelonesa. Com um elegante acabamento bege, apresenta coloridas ilustra\u00e7\u00f5es de salamandras sobre um fundo claro, destacando a sua t\u00e9cnica de design artesanal, pintado \u00e0 m\u00e3o. Os detalhes em vermelho do rebordo e da asa conferem um contraste vibrante. Rematado com a palavra &#8220;Barcelona&#8221;, este jarro \u00e9 um excelente s\u00edmbolo da criatividade da regi\u00e3o e um atrativo souvenir.<\/p>\n","protected":false},"featured_media":7282,"template":"","meta":{"_acf_changed":false},"product_brand":[],"product_cat":[669],"product_tag":[516,515],"class_list":{"0":"post-37735","1":"product","2":"type-product","3":"status-publish","4":"has-post-thumbnail","6":"product_cat-jarras","7":"product_tag-animais","8":"product_tag-ceramica","9":"pa_ciudad-barcelona","10":"pa_motivo-salamandras","11":"pa_pais-espana","13":"first","14":"instock","15":"shipping-taxable","16":"product-type-simple"},"acf":[],"_links":{"self":[{"href":"https:\/\/olemosaic.com\/pt-pt\/wp-json\/wp\/v2\/product\/37735","targetHints":{"allow":["GET"]}}],"collection":[{"href":"https:\/\/olemosaic.com\/pt-pt\/wp-json\/wp\/v2\/product"}],"about":[{"href":"https:\/\/olemosaic.com\/pt-pt\/wp-json\/wp\/v2\/types\/product"}],"wp:featuredmedia":[{"embeddable":true,"href":"https:\/\/olemosaic.com\/pt-pt\/wp-json\/wp\/v2\/media\/7282"}],"wp:attachment":[{"href":"https:\/\/olemosaic.com\/pt-pt\/wp-json\/wp\/v2\/media?parent=37735"}],"wp:term":[{"taxonomy":"product_brand","embeddable":true,"href":"https:\/\/olemosaic.com\/pt-pt\/wp-json\/wp\/v2\/product_brand?post=37735"},{"taxonomy":"product_cat","embeddable":true,"href":"https:\/\/olemosaic.com\/pt-pt\/wp-json\/wp\/v2\/product_cat?post=37735"},{"taxonomy":"product_tag","embeddable":true,"href":"https:\/\/olemosaic.com\/pt-pt\/wp-json\/wp\/v2\/product_tag?post=37735"}],"curies":[{"name":"wp","href":"https:\/\/api.w.org\/{rel}","templated":true}]}}