{"id":37734,"date":"2025-02-20T22:28:16","date_gmt":"2025-02-20T22:28:16","guid":{"rendered":"http:\/\/olemosaic.com\/producto\/funda-de-telefono-para-xiaomi-13-tpu-abstracto-azul\/"},"modified":"2025-07-25T20:08:08","modified_gmt":"2025-07-25T18:08:08","slug":"capa-de-telemovel-para-xiaomi-13-tpu-abstrato-azul-pt-pt","status":"publish","type":"product","link":"https:\/\/olemosaic.com\/pt-pt\/produto\/capa-de-telemovel-para-xiaomi-13-tpu-abstrato-azul-pt-pt\/","title":{"rendered":"Capa para telem\u00f3vel Xiaomi 13 (TPU). Abstrato. Azul"},"content":{"rendered":"<p>Descubra a capa para o Xiaomi 13, uma pe\u00e7a vibrante que encapsula a ess\u00eancia de Barcelona atrav\u00e9s do seu design abstrato numa explos\u00e3o de tons azuis e multicoloridos. Fabricada em TPU, esta capa oferece uma combina\u00e7\u00e3o perfeita de funcionalidade e estilo. O seu din\u00e2mico padr\u00e3o de ondas e formas fluidas evoca a vibrante energia da cidade condal, tornando-a o acess\u00f3rio ideal para quem deseja proteger o seu dispositivo ao mesmo tempo que expressa um estilo chamativo e art\u00edstico.<\/p>\n<p>O moderno lettering da palavra &#8220;Barcelona&#8221;, destacado com um design contempor\u00e2neo, adiciona um toque que real\u00e7a a autenticidade desta recorda\u00e7\u00e3o. Cada detalhe desta capa representa a rica cultura e a criatividade de Barcelona, um destino que atrai turistas de todo o mundo pela sua arquitetura ic\u00f3nica e pelo seu ambiente cosmopolita.<\/p>\n<p>Na Ol\u00e9 Mosaic, especializamo-nos na distribui\u00e7\u00e3o de souvenirs por grosso, e esta capa para telem\u00f3vel \u00e9 uma excelente op\u00e7\u00e3o para lojas de presentes tur\u00edsticos que procuram pe\u00e7as aut\u00eanticas e relevantes da cultura catal\u00e3. Ao escolher esta capa, os turistas n\u00e3o s\u00f3 adquirem um acess\u00f3rio pr\u00e1tico, mas tamb\u00e9m uma recorda\u00e7\u00e3o representativa de uma das cidades mais emblem\u00e1ticas de Espanha. Com esta capa abstrata, cada utilizador pode levar um pedacinho de Barcelona para onde quer que v\u00e1.<\/p>\n","protected":false},"excerpt":{"rendered":"<p>Capa para telem\u00f3vel Xiaomi 13 fabricada em TPU, com um design abstrato em tons azuis e multicoloridos. Este colorido acess\u00f3rio apresenta um vibrante padr\u00e3o de ondas e formas fluidas, evocando o esp\u00edrito din\u00e2mico de Barcelona. A palavra &#8220;Barcelona&#8221; destaca-se num lettering moderno, oferecendo um toque contempor\u00e2neo. Ideal para quem deseja proteger o seu dispositivo enquanto exibe um estilo chamativo e art\u00edstico, esta capa \u00e9 t\u00e3o funcional como decorativa.<\/p>\n","protected":false},"featured_media":12681,"template":"","meta":{"_acf_changed":false},"product_brand":[],"product_cat":[685],"product_tag":[],"class_list":{"0":"post-37734","1":"product","2":"type-product","3":"status-publish","4":"has-post-thumbnail","6":"product_cat-capas-para-telemoveis","7":"pa_ciudad-barcelona","8":"pa_motivo-resumo","9":"pa_pais-espana","11":"first","12":"instock","13":"shipping-taxable","14":"product-type-simple"},"acf":[],"_links":{"self":[{"href":"https:\/\/olemosaic.com\/pt-pt\/wp-json\/wp\/v2\/product\/37734","targetHints":{"allow":["GET"]}}],"collection":[{"href":"https:\/\/olemosaic.com\/pt-pt\/wp-json\/wp\/v2\/product"}],"about":[{"href":"https:\/\/olemosaic.com\/pt-pt\/wp-json\/wp\/v2\/types\/product"}],"wp:featuredmedia":[{"embeddable":true,"href":"https:\/\/olemosaic.com\/pt-pt\/wp-json\/wp\/v2\/media\/12681"}],"wp:attachment":[{"href":"https:\/\/olemosaic.com\/pt-pt\/wp-json\/wp\/v2\/media?parent=37734"}],"wp:term":[{"taxonomy":"product_brand","embeddable":true,"href":"https:\/\/olemosaic.com\/pt-pt\/wp-json\/wp\/v2\/product_brand?post=37734"},{"taxonomy":"product_cat","embeddable":true,"href":"https:\/\/olemosaic.com\/pt-pt\/wp-json\/wp\/v2\/product_cat?post=37734"},{"taxonomy":"product_tag","embeddable":true,"href":"https:\/\/olemosaic.com\/pt-pt\/wp-json\/wp\/v2\/product_tag?post=37734"}],"curies":[{"name":"wp","href":"https:\/\/api.w.org\/{rel}","templated":true}]}}