{"id":37733,"date":"2025-02-20T22:28:16","date_gmt":"2025-02-20T22:28:16","guid":{"rendered":"http:\/\/olemosaic.com\/producto\/funda-de-telefono-para-xiaomi-13-tpu-panoramica-barcelona-azul\/"},"modified":"2025-07-25T19:25:59","modified_gmt":"2025-07-25T17:25:59","slug":"capa-de-telemovel-para-xiaomi-13-tpu-panoramica-barcelona-azul-pt-pt","status":"publish","type":"product","link":"https:\/\/olemosaic.com\/pt-pt\/produto\/capa-de-telemovel-para-xiaomi-13-tpu-panoramica-barcelona-azul-pt-pt\/","title":{"rendered":"Capa para telem\u00f3vel Xiaomi 13 (TPU). Panor\u00e2mica. Barcelona. Azul"},"content":{"rendered":"<p>Descubra a capa para Xiaomi 13, um acess\u00f3rio imprescind\u00edvel que funde estilo e prote\u00e7\u00e3o, inspirado nas maravilhas de Barcelona. Fabricada em TPU de alta qualidade, esta capa apresenta um vibrante design panor\u00e2mico que captura a ess\u00eancia da cidade condal. No centro da ilustra\u00e7\u00e3o, a majestosa Sagrada Fam\u00edlia ergue-se com eleg\u00e2ncia, rodeada de edif\u00edcios coloridos que evocam a arquitetura modernista de Gaud\u00ed e uma bela paisagem de praia que reflete o esplendor do Mediterr\u00e2neo.<\/p>\n<p>O fundo azul da capa real\u00e7a o c\u00e9u ensolarado de Barcelona, criando uma atmosfera de ver\u00e3o que convida a desfrutar da vida ao ar livre. Detalhes em tons quentes real\u00e7am o calor do sol, e um texto colorido com a palavra &#8220;Barcelona&#8221; completa o design, tornando esta capa uma recorda\u00e7\u00e3o aut\u00eantica e representativa da cultura catal\u00e3.<\/p>\n<p>Este souvenir \u00e9 uma excelente op\u00e7\u00e3o para turistas que procuram uma recorda\u00e7\u00e3o funcional e art\u00edstica da sua visita a Barcelona. Na Ol\u00e9 Mosaic, compreendemos a import\u00e2ncia de oferecer produtos de qualidade, sendo um distribuidor de souvenirs por grosso que assegura autenticidade e estilo em cada um dos seus artigos. Adicionar esta capa \u00e0 sua loja \u00e9 uma aposta segura para atrair quem deseja levar um peda\u00e7o de Barcelona consigo.<\/p>\n","protected":false},"excerpt":{"rendered":"<p>Capa para Xiaomi 13 fabricada em TPU, com um design panor\u00e2mico de Barcelona. Esta capa destaca-se pela sua vibrante ilustra\u00e7\u00e3o da famosa Sagrada Fam\u00edlia, rodeada de edif\u00edcios coloridos e uma paisagem de praia. Com um fundo azul que evoca o c\u00e9u mediterr\u00e2nico e o sol radiante, o design inclui detalhes em tons quentes e um texto colorido com a palavra &#8220;Barcelona&#8221;. Ideal para proteger o seu dispositivo enquanto leva um pedacinho desta emblem\u00e1tica cidade sempre consigo.<\/p>\n","protected":false},"featured_media":12680,"template":"","meta":{"_acf_changed":false},"product_brand":[],"product_cat":[685],"product_tag":[],"class_list":{"0":"post-37733","1":"product","2":"type-product","3":"status-publish","4":"has-post-thumbnail","6":"product_cat-capas-para-telemoveis","7":"pa_ciudad-barcelona","8":"pa_motivo-panoramas","9":"pa_pais-espana","11":"first","12":"instock","13":"shipping-taxable","14":"product-type-simple"},"acf":[],"_links":{"self":[{"href":"https:\/\/olemosaic.com\/pt-pt\/wp-json\/wp\/v2\/product\/37733","targetHints":{"allow":["GET"]}}],"collection":[{"href":"https:\/\/olemosaic.com\/pt-pt\/wp-json\/wp\/v2\/product"}],"about":[{"href":"https:\/\/olemosaic.com\/pt-pt\/wp-json\/wp\/v2\/types\/product"}],"wp:featuredmedia":[{"embeddable":true,"href":"https:\/\/olemosaic.com\/pt-pt\/wp-json\/wp\/v2\/media\/12680"}],"wp:attachment":[{"href":"https:\/\/olemosaic.com\/pt-pt\/wp-json\/wp\/v2\/media?parent=37733"}],"wp:term":[{"taxonomy":"product_brand","embeddable":true,"href":"https:\/\/olemosaic.com\/pt-pt\/wp-json\/wp\/v2\/product_brand?post=37733"},{"taxonomy":"product_cat","embeddable":true,"href":"https:\/\/olemosaic.com\/pt-pt\/wp-json\/wp\/v2\/product_cat?post=37733"},{"taxonomy":"product_tag","embeddable":true,"href":"https:\/\/olemosaic.com\/pt-pt\/wp-json\/wp\/v2\/product_tag?post=37733"}],"curies":[{"name":"wp","href":"https:\/\/api.w.org\/{rel}","templated":true}]}}