{"id":37728,"date":"2025-02-20T23:28:13","date_gmt":"2025-02-20T22:28:13","guid":{"rendered":"http:\/\/olemosaic.com\/producto\/llavero-de-madera-letra-d-valencia\/"},"modified":"2025-07-25T18:59:50","modified_gmt":"2025-07-25T16:59:50","slug":"porta-chaves-de-madeira-letra-d-valencia-pt-pt","status":"publish","type":"product","link":"https:\/\/olemosaic.com\/pt-pt\/produto\/porta-chaves-de-madeira-letra-d-valencia-pt-pt\/","title":{"rendered":"Porta-chaves de madeira. Letra D. Val\u00eancia."},"content":{"rendered":"<p>Descubra este encantador porta-chaves de madeira com a forma da letra &#8220;D&#8221;, inspirado na vibrante cidade de Val\u00eancia. Este atraente souvenir combina uma forma cl\u00e1ssica com uma representa\u00e7\u00e3o art\u00edstica dos monumentos mais emblem\u00e1ticos da regi\u00e3o, como a impressionante Cidade das Artes e das Ci\u00eancias e a majestosa Catedral de Val\u00eancia. Cada porta-chaves est\u00e1 dispon\u00edvel em duas vers\u00f5es vibrantes, uma com um fundo branco luminoso e outra num rico tom azul que evoca o famoso trencad\u00eds, a t\u00e9cnica de mosaico que carateriza muitas das obras de Gaud\u00ed e que se tornou um s\u00edmbolo da arte valenciana.<\/p>\n<p>O porta-chaves, fabricado em madeira resistente, apresenta um design colorido e detalhado que capta a ess\u00eancia da cultura e da arquitetura local, ideal para aqueles que desejam levar um peda\u00e7o de Val\u00eancia consigo. Os subtis detalhes arquitet\u00f3nicos e as cores vibrantes n\u00e3o s\u00f3 fazem deste porta-chaves um acess\u00f3rio funcional, mas tamb\u00e9m uma pequena obra de arte que reflete a rica heran\u00e7a cultural da cidade.<\/p>\n<p>Na Ol\u00e9 Mosaic, especializamo-nos na distribui\u00e7\u00e3o de souvenirs por grosso, e este porta-chaves de Val\u00eancia \u00e9 perfeito para lojas de presentes tur\u00edsticos que procuram oferecer produtos aut\u00eanticos e representativos. Com o seu design atraente e a sua liga\u00e7\u00e3o ao folclore local, \u00e9 uma excelente escolha para qualquer visitante que deseje recordar a sua experi\u00eancia nesta magn\u00edfica cidade.<\/p>\n","protected":false},"excerpt":{"rendered":"<p>Porta-chaves de madeira com a forma da letra &#8220;D&#8221;, inspirado na cidade de Val\u00eancia. Este atraente artigo apresenta um design colorido que combina elementos arquitet\u00f3nicos emblem\u00e1ticos, como a Cidade das Artes e das Ci\u00eancias e a Catedral de Val\u00eancia, com um estilo art\u00edstico que evoca o trencad\u00eds. Dispon\u00edvel em duas vers\u00f5es vibrantes, uma com fundo branco e outra em azul, este porta-chaves \u00e9 a recorda\u00e7\u00e3o perfeita para quem aprecia o folclore e a cultura valenciana.<\/p>\n","protected":false},"featured_media":10862,"template":"","meta":{"_acf_changed":false},"product_brand":[],"product_cat":[611],"product_tag":[],"class_list":{"0":"post-37728","1":"product","2":"type-product","3":"status-publish","4":"has-post-thumbnail","6":"product_cat-porta-chaves","7":"pa_ciudad-valencia","8":"pa_motivo-letra-d","9":"pa_pais-espana","11":"first","12":"instock","13":"shipping-taxable","14":"product-type-simple"},"acf":[],"_links":{"self":[{"href":"https:\/\/olemosaic.com\/pt-pt\/wp-json\/wp\/v2\/product\/37728","targetHints":{"allow":["GET"]}}],"collection":[{"href":"https:\/\/olemosaic.com\/pt-pt\/wp-json\/wp\/v2\/product"}],"about":[{"href":"https:\/\/olemosaic.com\/pt-pt\/wp-json\/wp\/v2\/types\/product"}],"wp:featuredmedia":[{"embeddable":true,"href":"https:\/\/olemosaic.com\/pt-pt\/wp-json\/wp\/v2\/media\/10862"}],"wp:attachment":[{"href":"https:\/\/olemosaic.com\/pt-pt\/wp-json\/wp\/v2\/media?parent=37728"}],"wp:term":[{"taxonomy":"product_brand","embeddable":true,"href":"https:\/\/olemosaic.com\/pt-pt\/wp-json\/wp\/v2\/product_brand?post=37728"},{"taxonomy":"product_cat","embeddable":true,"href":"https:\/\/olemosaic.com\/pt-pt\/wp-json\/wp\/v2\/product_cat?post=37728"},{"taxonomy":"product_tag","embeddable":true,"href":"https:\/\/olemosaic.com\/pt-pt\/wp-json\/wp\/v2\/product_tag?post=37728"}],"curies":[{"name":"wp","href":"https:\/\/api.w.org\/{rel}","templated":true}]}}