{"id":37727,"date":"2025-02-20T22:28:12","date_gmt":"2025-02-20T22:28:12","guid":{"rendered":"http:\/\/olemosaic.com\/producto\/iman-de-metal-buho-barcelona-plata-8-cm\/"},"modified":"2025-07-25T18:36:20","modified_gmt":"2025-07-25T16:36:20","slug":"iman-de-metal-mocho-barcelona-prata-8-cm-pt-pt","status":"publish","type":"product","link":"https:\/\/olemosaic.com\/pt-pt\/produto\/iman-de-metal-mocho-barcelona-prata-8-cm-pt-pt\/","title":{"rendered":"\u00cdman de metal. Mocho. Barcelona. Prata. 8 cm."},"content":{"rendered":"<p>Descubra este encantador \u00edman met\u00e1lico de 8 cm, que capta a ess\u00eancia vibrante de Barcelona atrav\u00e9s de um belo design de dois mochos num estilo mosaico colorido. Este \u00edman n\u00e3o s\u00f3 \u00e9 uma excelente recorda\u00e7\u00e3o de Barcelona, como tamb\u00e9m \u00e9 uma representa\u00e7\u00e3o art\u00edstica da famosa arquitetura modernista da cidade, caraterizada pelas suas tonalidades brilhantes de azul, amarelo, vermelho e verde. Os mochos, s\u00edmbolos de sabedoria e mist\u00e9rio, est\u00e3o magistralmente detalhados em cer\u00e2mica, com uma paleta de cores que real\u00e7a a sua beleza e singularidade. A palavra &#8220;Barcelona&#8221; est\u00e1 elegantemente impressa na parte superior, complementando o design e aludindo ao lugar que leva para casa.<\/p>\n<p>Este \u00edman de mochos \u00e9 o presente perfeito para quem deseja conservar um fragmento da cultura catal\u00e3. O seu design atraente torna-o um artigo ideal para qualquer frigor\u00edfico, recordando-lhe constantemente a magia de Barcelona. Na Ol\u00e9 Mosaic, como grossistas de recorda\u00e7\u00f5es, oferecemos produtos aut\u00eanticos que celebram a rica heran\u00e7a cultural de Espanha, e este \u00edman de mochos \u00e9 uma excelente op\u00e7\u00e3o para lojas de presentes tur\u00edsticos que desejem oferecer recorda\u00e7\u00f5es originais e vibrantes da cidade. Com o seu fabrico de qualidade e o seu significado cultural, este \u00edman \u00e9 uma recorda\u00e7\u00e3o encantadora da espetacularidade de Barcelona.<\/p>\n","protected":false},"excerpt":{"rendered":"<p>\u00cdman met\u00e1lico de 8 cm, ilustrado com um design vibrante de dois mochos ao estilo mosaico, que evoca a ess\u00eancia colorida de Barcelona. Este atraente \u00edman apresenta detalhes cer\u00e2micos com uma paleta de cores vivas, com tons azuis, amarelos, vermelhos e verdes. A palavra &#8220;Barcelona&#8221; destaca-se na parte superior, complementando o design art\u00edstico. Perfeito para levar um fragmento desta emblem\u00e1tica cidade para o seu lar.<\/p>\n","protected":false},"featured_media":11320,"template":"","meta":{"_acf_changed":false},"product_brand":[],"product_cat":[699],"product_tag":[516],"class_list":{"0":"post-37727","1":"product","2":"type-product","3":"status-publish","4":"has-post-thumbnail","6":"product_cat-imanes","7":"product_tag-animais","8":"pa_ciudad-barcelona","9":"pa_motivo-corujas","10":"pa_pais-espana","12":"first","13":"instock","14":"shipping-taxable","15":"product-type-simple"},"acf":[],"_links":{"self":[{"href":"https:\/\/olemosaic.com\/pt-pt\/wp-json\/wp\/v2\/product\/37727","targetHints":{"allow":["GET"]}}],"collection":[{"href":"https:\/\/olemosaic.com\/pt-pt\/wp-json\/wp\/v2\/product"}],"about":[{"href":"https:\/\/olemosaic.com\/pt-pt\/wp-json\/wp\/v2\/types\/product"}],"wp:featuredmedia":[{"embeddable":true,"href":"https:\/\/olemosaic.com\/pt-pt\/wp-json\/wp\/v2\/media\/11320"}],"wp:attachment":[{"href":"https:\/\/olemosaic.com\/pt-pt\/wp-json\/wp\/v2\/media?parent=37727"}],"wp:term":[{"taxonomy":"product_brand","embeddable":true,"href":"https:\/\/olemosaic.com\/pt-pt\/wp-json\/wp\/v2\/product_brand?post=37727"},{"taxonomy":"product_cat","embeddable":true,"href":"https:\/\/olemosaic.com\/pt-pt\/wp-json\/wp\/v2\/product_cat?post=37727"},{"taxonomy":"product_tag","embeddable":true,"href":"https:\/\/olemosaic.com\/pt-pt\/wp-json\/wp\/v2\/product_tag?post=37727"}],"curies":[{"name":"wp","href":"https:\/\/api.w.org\/{rel}","templated":true}]}}