{"id":37725,"date":"2025-02-20T22:27:57","date_gmt":"2025-02-20T22:27:57","guid":{"rendered":"http:\/\/olemosaic.com\/producto\/saleros-de-ceramica-barcelona-blanco\/"},"modified":"2025-07-25T18:44:42","modified_gmt":"2025-07-25T16:44:42","slug":"saleiros-de-ceramica-barcelona-branco-pt-pt","status":"publish","type":"product","link":"https:\/\/olemosaic.com\/pt-pt\/produto\/saleiros-de-ceramica-barcelona-branco-pt-pt\/","title":{"rendered":"Saleiros de cer\u00e2mica. Barcelona. Branco."},"content":{"rendered":"<p>Saleiros de cer\u00e2mica decorados com elementos ic\u00f3nicos de Barcelona<\/p>\n<p>Descubra o encanto de Barcelona com estes saleiros de cer\u00e2mica, recorda\u00e7\u00f5es aut\u00eanticas que capturam a ess\u00eancia vibrante da Cidade Condal. Cada saleiro apresenta uma decora\u00e7\u00e3o vibrante que ilustra dois dos s\u00edmbolos mais emblem\u00e1ticos de Barcelona: um lado mostra as torres coloridas da Sagrada Fam\u00edlia, obra-prima do arquiteto Antoni Gaud\u00ed, enquanto o outro lado real\u00e7a os distintivos mosaicos do Parque G\u00fcell, outro legado do famoso arquiteto. A cer\u00e2mica, de um branco brilhante, proporciona um fundo perfeito que real\u00e7a as cores intensas e os detalhes meticulosos das ilustra\u00e7\u00f5es, tornando estas pe\u00e7as um atraente elemento decorativo ideal para qualquer mesa.<\/p>\n<p>Perfeitos para os amantes da cultura catal\u00e3, estes saleiros n\u00e3o s\u00e3o apenas funcionais, mas tamb\u00e9m atuam como um tributo \u00e0 rica hist\u00f3ria e \u00e0 arte de Barcelona. Com um design que reflete a singularidade da cidade, cada saleiro \u00e9 um excelente souvenir para turistas em busca de recorda\u00e7\u00f5es aut\u00eanticas que representem as suas experi\u00eancias em Barcelona. Na Ol\u00e9 Mosaic, o nosso compromisso \u00e9 oferecer souvenirs de cer\u00e2mica que encarnem a identidade cultural espanhola. Estes saleiros s\u00e3o uma op\u00e7\u00e3o indispens\u00e1vel para aquelas lojas de presentes tur\u00edsticos que desejem apresentar produtos aut\u00eanticos e relevantes. Como distribuidor de souvenirs por grosso, garantimos qualidade e exclusividade em cada um dos nossos artigos.<\/p>\n","protected":false},"excerpt":{"rendered":"<p>Saleiros de cer\u00e2mica decorados com elementos ic\u00f3nicos de Barcelona. Cada saleiro apresenta uma ilustra\u00e7\u00e3o vibrante que captura a ess\u00eancia de la cidade: numa face, as torres coloridas da Sagrada Fam\u00edlia, e na outra, os distintivos mosaicos do Park G\u00fcell. A cer\u00e2mica branca e brilhante real\u00e7a os detalhes em cores intensas, criando uma pe\u00e7a funcional e est\u00e9tica ideal para qualquer mesa. Perfeitos para os amantes da cultura catal\u00e3.<\/p>\n","protected":false},"featured_media":9509,"template":"","meta":{"_acf_changed":false},"product_brand":[],"product_cat":[821],"product_tag":[515],"class_list":{"0":"post-37725","1":"product","2":"type-product","3":"status-publish","4":"has-post-thumbnail","6":"product_cat-saleiros","7":"product_tag-ceramica","8":"pa_ciudad-barcelona","9":"pa_pais-espana","11":"first","12":"instock","13":"shipping-taxable","14":"product-type-simple"},"acf":[],"_links":{"self":[{"href":"https:\/\/olemosaic.com\/pt-pt\/wp-json\/wp\/v2\/product\/37725","targetHints":{"allow":["GET"]}}],"collection":[{"href":"https:\/\/olemosaic.com\/pt-pt\/wp-json\/wp\/v2\/product"}],"about":[{"href":"https:\/\/olemosaic.com\/pt-pt\/wp-json\/wp\/v2\/types\/product"}],"wp:featuredmedia":[{"embeddable":true,"href":"https:\/\/olemosaic.com\/pt-pt\/wp-json\/wp\/v2\/media\/9509"}],"wp:attachment":[{"href":"https:\/\/olemosaic.com\/pt-pt\/wp-json\/wp\/v2\/media?parent=37725"}],"wp:term":[{"taxonomy":"product_brand","embeddable":true,"href":"https:\/\/olemosaic.com\/pt-pt\/wp-json\/wp\/v2\/product_brand?post=37725"},{"taxonomy":"product_cat","embeddable":true,"href":"https:\/\/olemosaic.com\/pt-pt\/wp-json\/wp\/v2\/product_cat?post=37725"},{"taxonomy":"product_tag","embeddable":true,"href":"https:\/\/olemosaic.com\/pt-pt\/wp-json\/wp\/v2\/product_tag?post=37725"}],"curies":[{"name":"wp","href":"https:\/\/api.w.org\/{rel}","templated":true}]}}