{"id":37724,"date":"2025-02-20T22:27:57","date_gmt":"2025-02-20T22:27:57","guid":{"rendered":"http:\/\/olemosaic.com\/producto\/saleros-de-ceramica-bogavante-blanco\/"},"modified":"2025-07-25T18:54:02","modified_gmt":"2025-07-25T16:54:02","slug":"saleiros-de-ceramica-lavagante-branco-pt-pt","status":"publish","type":"product","link":"https:\/\/olemosaic.com\/pt-pt\/produto\/saleiros-de-ceramica-lavagante-branco-pt-pt\/","title":{"rendered":"Saleiros de cer\u00e2mica. Lavagante. Branco."},"content":{"rendered":"<p>Apresentamos estes encantadores saleiros de cer\u00e2mica, desenhados para celebrar a rica cultura gastron\u00f3mica da costa espanhola. Cada saleiro mostra ilustra\u00e7\u00f5es vibrantes de lavagantes em vermelho, amarelo e verde, que se destacam sobre uma base branca brilhante. Este contraste n\u00e3o s\u00f3 confere frescura ao design, como tamb\u00e9m real\u00e7a a beleza dos detalhes art\u00edsticos, fazendo de cada saleiro uma pe\u00e7a \u00fanica. Os motivos decorativos, com um fundo de azulejos e os seus padr\u00f5es tradicionais, evocam a heran\u00e7a cultural mediterr\u00e2nica e acrescentam um toque folcl\u00f3rico \u00e0 apresenta\u00e7\u00e3o de qualquer mesa.<\/p>\n<p>Perfeitos para os amantes da cozinha mediterr\u00e2nica, estes saleiros n\u00e3o s\u00e3o apenas funcionais, mas tamb\u00e9m uma pe\u00e7a decorativa que enriquece o ambiente das refei\u00e7\u00f5es familiares ou celebra\u00e7\u00f5es com amigos. Ao incorporar elementos carater\u00edsticos da gastronomia costeira, como o lavagante, este produto torna-se uma recorda\u00e7\u00e3o aut\u00eantica que reflete a paix\u00e3o pela comida e a tradi\u00e7\u00e3o culin\u00e1ria de Espanha.<\/p>\n<p>Na Ol\u00e9 Mosaic, como grossistas de souvenirs, oferecemos estes saleiros de cer\u00e2mica por grosso, ideais para lojas de presentes tur\u00edsticos. Este souvenir n\u00e3o \u00e9 apenas um objeto \u00fatil, mas um verdadeiro embaixador das tradi\u00e7\u00f5es espanholas, perfeito para quem procura um peda\u00e7o de cultura no seu lar.<\/p>\n","protected":false},"excerpt":{"rendered":"<p>Saleiros de cer\u00e2mica decorados com ilustra\u00e7\u00f5es vibrantes de lavagantes, que evocam a rica cultura gastron\u00f3mica da costa espanhola. O seu design em branco real\u00e7a os detalhes coloridos em tons vermelhos, amarelos e verdes, sobre um fundo com padr\u00f5es de azulejos que conferem um toque tradicional. Estes saleiros s\u00e3o perfeitos para adicionar um toque art\u00edstico e folcl\u00f3rico a qualquer mesa, ideais para os amantes da cozinha mediterr\u00e2nica.<\/p>\n","protected":false},"featured_media":9469,"template":"","meta":{"_acf_changed":false},"product_brand":[],"product_cat":[821],"product_tag":[516,515],"class_list":{"0":"post-37724","1":"product","2":"type-product","3":"status-publish","4":"has-post-thumbnail","6":"product_cat-saleiros","7":"product_tag-animais","8":"product_tag-ceramica","9":"pa_motivo-lavagantes","11":"first","12":"instock","13":"shipping-taxable","14":"product-type-simple"},"acf":[],"_links":{"self":[{"href":"https:\/\/olemosaic.com\/pt-pt\/wp-json\/wp\/v2\/product\/37724","targetHints":{"allow":["GET"]}}],"collection":[{"href":"https:\/\/olemosaic.com\/pt-pt\/wp-json\/wp\/v2\/product"}],"about":[{"href":"https:\/\/olemosaic.com\/pt-pt\/wp-json\/wp\/v2\/types\/product"}],"wp:featuredmedia":[{"embeddable":true,"href":"https:\/\/olemosaic.com\/pt-pt\/wp-json\/wp\/v2\/media\/9469"}],"wp:attachment":[{"href":"https:\/\/olemosaic.com\/pt-pt\/wp-json\/wp\/v2\/media?parent=37724"}],"wp:term":[{"taxonomy":"product_brand","embeddable":true,"href":"https:\/\/olemosaic.com\/pt-pt\/wp-json\/wp\/v2\/product_brand?post=37724"},{"taxonomy":"product_cat","embeddable":true,"href":"https:\/\/olemosaic.com\/pt-pt\/wp-json\/wp\/v2\/product_cat?post=37724"},{"taxonomy":"product_tag","embeddable":true,"href":"https:\/\/olemosaic.com\/pt-pt\/wp-json\/wp\/v2\/product_tag?post=37724"}],"curies":[{"name":"wp","href":"https:\/\/api.w.org\/{rel}","templated":true}]}}