{"id":37720,"date":"2025-02-20T23:27:48","date_gmt":"2025-02-20T22:27:48","guid":{"rendered":"http:\/\/olemosaic.com\/producto\/llavero-de-madera-letra-u-valencia\/"},"modified":"2025-07-25T18:48:00","modified_gmt":"2025-07-25T16:48:00","slug":"porta-chaves-de-madeira-letra-u-valencia-pt-pt","status":"publish","type":"product","link":"https:\/\/olemosaic.com\/pt-pt\/produto\/porta-chaves-de-madeira-letra-u-valencia-pt-pt\/","title":{"rendered":"Porta-chaves de madeira. Letra U. Val\u00eancia."},"content":{"rendered":"<p>Este porta-chaves de madeira com a forma da letra U \u00e9 uma recorda\u00e7\u00e3o distintiva de Val\u00eancia que captura a ess\u00eancia vibrante da cidade. Com um design engenhoso, apresenta uma colorida representa\u00e7\u00e3o dos emblem\u00e1ticos monumentos valencianos, como a majestosa Catedral de Val\u00eancia, adornada com as cores vivas que evocam o famoso mosaico da regi\u00e3o. A pe\u00e7a destaca-se pelo seu acabamento detalhado e pela sua rica paleta crom\u00e1tica, que abrange desde tons azuis e laranjas at\u00e9 verdes vibrantes, refletindo a arquitetura \u00fanica que caracteriza a capital do T\u00faria.<\/p>\n<p>O porta-chaves n\u00e3o s\u00f3 \u00e9 funcional, como se torna uma recorda\u00e7\u00e3o memor\u00e1vel da sua visita a esta bela cidade. O texto &#8220;Valencia&#8221; \u00e9 claramente vis\u00edvel, o que adiciona um valor sentimental e tur\u00edstico, tornando-o um complemento perfeito para as chaves ou para uma mala. Este porta-chaves \u00e9 um excelente presente para quem deseja levar um peda\u00e7o da cultura valenciana para casa, e ideal para os turistas que procuram recorda\u00e7\u00f5es aut\u00eanticas e representativas. Na Ol\u00e9 Mosaic, somos distribuidores por grosso de produtos artesanais como este porta-chaves, garantindo qualidade e autenticidade em cada pe\u00e7a, o que o torna uma op\u00e7\u00e3o atrativa para lojas de presentes tur\u00edsticos que procuram produtos \u00fanicos e de alta procura.<\/p>\n","protected":false},"excerpt":{"rendered":"<p>Porta-chaves de madeira com a forma da letra U, inspirado na cidade de Val\u00eancia. Este atraente porta-chaves apresenta um design vibrante que combina elementos arquitet\u00f3nicos emblem\u00e1ticos, como detalhes da Catedral de Val\u00eancia e outros s\u00edmbolos locais, decorado com cores brilhantes que evocam os famosos mosaicos da cidade. O seu acabamento detalhado e a inscri\u00e7\u00e3o &#8220;Valencia&#8221; vis\u00edvel tornam-no um souvenir perfeito para recordar a visita.<\/p>\n","protected":false},"featured_media":10879,"template":"","meta":{"_acf_changed":false},"product_brand":[],"product_cat":[611],"product_tag":[612],"class_list":{"0":"post-37720","1":"product","2":"type-product","3":"status-publish","4":"has-post-thumbnail","6":"product_cat-porta-chaves","7":"product_tag-cartas","8":"pa_ciudad-valencia","9":"pa_motivo-letra-u","10":"pa_pais-espana","12":"first","13":"instock","14":"shipping-taxable","15":"product-type-simple"},"acf":[],"_links":{"self":[{"href":"https:\/\/olemosaic.com\/pt-pt\/wp-json\/wp\/v2\/product\/37720","targetHints":{"allow":["GET"]}}],"collection":[{"href":"https:\/\/olemosaic.com\/pt-pt\/wp-json\/wp\/v2\/product"}],"about":[{"href":"https:\/\/olemosaic.com\/pt-pt\/wp-json\/wp\/v2\/types\/product"}],"wp:featuredmedia":[{"embeddable":true,"href":"https:\/\/olemosaic.com\/pt-pt\/wp-json\/wp\/v2\/media\/10879"}],"wp:attachment":[{"href":"https:\/\/olemosaic.com\/pt-pt\/wp-json\/wp\/v2\/media?parent=37720"}],"wp:term":[{"taxonomy":"product_brand","embeddable":true,"href":"https:\/\/olemosaic.com\/pt-pt\/wp-json\/wp\/v2\/product_brand?post=37720"},{"taxonomy":"product_cat","embeddable":true,"href":"https:\/\/olemosaic.com\/pt-pt\/wp-json\/wp\/v2\/product_cat?post=37720"},{"taxonomy":"product_tag","embeddable":true,"href":"https:\/\/olemosaic.com\/pt-pt\/wp-json\/wp\/v2\/product_tag?post=37720"}],"curies":[{"name":"wp","href":"https:\/\/api.w.org\/{rel}","templated":true}]}}