{"id":37719,"date":"2025-02-20T23:27:48","date_gmt":"2025-02-20T22:27:48","guid":{"rendered":"http:\/\/olemosaic.com\/producto\/taza-de-ceramica-panoramica-barcelona-beige\/"},"modified":"2025-07-25T18:43:42","modified_gmt":"2025-07-25T16:43:42","slug":"caneca-de-ceramica-panoramica-barcelona-bege-pt-pt-2","status":"publish","type":"product","link":"https:\/\/olemosaic.com\/pt-pt\/produto\/caneca-de-ceramica-panoramica-barcelona-bege-pt-pt-2\/","title":{"rendered":"Caneca de cer\u00e2mica. Panor\u00e2mica. Barcelona. Parc G\u00fcell. Bege."},"content":{"rendered":"<p>Descubra a nossa caneca de cer\u00e2mica com a panor\u00e2mica de Barcelona! Esta encantadora recorda\u00e7\u00e3o \u00e9 uma homenagem \u00e0 vibrante cultura e \u00e0 singular arquitetura da cidade condal. A caneca est\u00e1 decorada com um design colorido que real\u00e7a o ic\u00f3nico Parque G\u00fcell, famoso pelos seus ondulantes mosaicos e pelo seu inovador estilo arquitet\u00f3nico, um s\u00edmbolo da obra de Antoni Gaud\u00ed. Os tons bege predominam no fundo, enquanto os detalhes em azul e verde evocam a natureza e a arte integradas neste emblem\u00e1tico parque, fazendo com que cada gole seja uma recorda\u00e7\u00e3o do esplendor de Barcelona.<\/p>\n<p>A caneca inclui uma colher laranja, que acrescenta funcionalidade ao seu design atraente e facilita a experi\u00eancia de desfrutar das suas bebidas favoritas. Apresentada numa embalagem elegante, \u00e9 uma op\u00e7\u00e3o de presente ideal para aqueles que desejam levar um pedacinho de Barcelona para casa. Esta recorda\u00e7\u00e3o n\u00e3o \u00e9 apenas um objeto decorativo, mas uma lembran\u00e7a aut\u00eantica que captura a ess\u00eancia art\u00edstica e cultural da cidade. Na Ol\u00e9 Mosaic, estamos comprometidos com a distribui\u00e7\u00e3o de recorda\u00e7\u00f5es de qualidade por grosso, e esta caneca \u00e9 uma excelente adi\u00e7\u00e3o para lojas de presentes tur\u00edsticos que procuram oferecer produtos aut\u00eanticos e representativos de Barcelona.<\/p>\n","protected":false},"excerpt":{"rendered":"<p>Caneca de cer\u00e2mica com uma colorida panor\u00e2mica de Barcelona, apresentada numa embalagem elegante. Este produto inclui uma colher laranja, que adiciona funcionalidade e estilo. Decorada com um design que real\u00e7a o famoso Parque G\u00fcell, a caneca apresenta azulejos de formas fluidas e vibrantes, combinando motivos arquitet\u00f3nicos com cores bege e detalhes em azul e verde. Uma recorda\u00e7\u00e3o perfeita que captura a ess\u00eancia art\u00edstica da cidade.<\/p>\n","protected":false},"featured_media":9205,"template":"","meta":{"_acf_changed":false},"product_brand":[],"product_cat":[833],"product_tag":[515],"class_list":{"0":"post-37719","1":"product","2":"type-product","3":"status-publish","4":"has-post-thumbnail","6":"product_cat-canecas","7":"product_tag-ceramica","8":"pa_ciudad-barcelona","9":"pa_motivo-panoramas","10":"pa_pais-espana","12":"first","13":"instock","14":"shipping-taxable","15":"product-type-simple"},"acf":[],"_links":{"self":[{"href":"https:\/\/olemosaic.com\/pt-pt\/wp-json\/wp\/v2\/product\/37719","targetHints":{"allow":["GET"]}}],"collection":[{"href":"https:\/\/olemosaic.com\/pt-pt\/wp-json\/wp\/v2\/product"}],"about":[{"href":"https:\/\/olemosaic.com\/pt-pt\/wp-json\/wp\/v2\/types\/product"}],"wp:featuredmedia":[{"embeddable":true,"href":"https:\/\/olemosaic.com\/pt-pt\/wp-json\/wp\/v2\/media\/9205"}],"wp:attachment":[{"href":"https:\/\/olemosaic.com\/pt-pt\/wp-json\/wp\/v2\/media?parent=37719"}],"wp:term":[{"taxonomy":"product_brand","embeddable":true,"href":"https:\/\/olemosaic.com\/pt-pt\/wp-json\/wp\/v2\/product_brand?post=37719"},{"taxonomy":"product_cat","embeddable":true,"href":"https:\/\/olemosaic.com\/pt-pt\/wp-json\/wp\/v2\/product_cat?post=37719"},{"taxonomy":"product_tag","embeddable":true,"href":"https:\/\/olemosaic.com\/pt-pt\/wp-json\/wp\/v2\/product_tag?post=37719"}],"curies":[{"name":"wp","href":"https:\/\/api.w.org\/{rel}","templated":true}]}}