{"id":37710,"date":"2025-02-20T23:27:53","date_gmt":"2025-02-20T22:27:53","guid":{"rendered":"http:\/\/olemosaic.com\/producto\/tortuga-figura-de-resina-de-65-cm-pintada-a-mano\/"},"modified":"2025-07-25T18:48:51","modified_gmt":"2025-07-25T16:48:51","slug":"tartaruga-figura-mosaico-6-5-cm-resina-pintada-mao","status":"publish","type":"product","link":"https:\/\/olemosaic.com\/pt-pt\/produto\/tartaruga-figura-mosaico-6-5-cm-resina-pintada-mao\/","title":{"rendered":"Tartaruga. Figura de Mosaico de 6,5 cm."},"content":{"rendered":"<p>Figura de tartaruga em resina com efeito pintado \u00e0 m\u00e3o &#8211; Souvenir de Espanha<\/p>\n<p>Esta encantadora figura de tartaruga de 6,5 cm \u00e9 uma bela recorda\u00e7\u00e3o que capta a ess\u00eancia da arte mediterr\u00e2nica. Fabricada em resina com um efeito pintado \u00e0 m\u00e3o, cada pe\u00e7a apresenta um design de mosaico cativante em tons vibrantes de azul, amarelo, verde e vermelho, evocando a rica cultura e tradi\u00e7\u00f5es da costa espanhola. A textura e o acabamento artesanal real\u00e7am a singularidade de cada figura, tornando esta tartaruga um item de cole\u00e7\u00e3o ideal para os amantes da decora\u00e7\u00e3o artesanal.<\/p>\n<p>O design intrincado e colorido desta tartaruga n\u00e3o s\u00f3 adiciona um toque de alegria a qualquer canto da sua casa, mas tamb\u00e9m serve como um souvenir representativo das suas visitas a Espanha. Este s\u00edmbolo de longevidade e tranquilidade \u00e9 perfeito para quem procura recorda\u00e7\u00f5es aut\u00eanticas que reflitam a beleza da paisagem mediterr\u00e2nica. Al\u00e9m disso, o seu tamanho compacto facilita a exposi\u00e7\u00e3o em prateleiras, mesas ou secret\u00e1rias.<\/p>\n<p>Na Ol\u00e9 Mosaic, especializamo-nos na distribui\u00e7\u00e3o por grosso de souvenirs aut\u00eanticos de Espanha, e esta figura de tartaruga \u00e9 um presente ideal para lojas de recorda\u00e7\u00f5es tur\u00edsticas que desejam oferecer produtos \u00fanicos e significativos. Este souvenir de tartaruga \u00e9 mais do que um simples ornamento; \u00e9 uma pe\u00e7a de arte cultural que guardar\u00e1 as mem\u00f3rias de cada visita \u00e0 ensolarada costa mediterr\u00e2nica.<\/p>\n","protected":false},"excerpt":{"rendered":"<p>Figura de tartaruga de 6,5 cm, design artesanal, pintada \u00e0 m\u00e3o, com um efeito de mosaico vibrante. Este souvenir encantador representa uma tartaruga com um design colorido que combina tons de azul, amarelo, verde e vermelho, evocando a rica cultura mediterr\u00e2nica. Ideal para decorar qualquer canto da sua casa, o seu acabamento artesanal detalhado real\u00e7a a singularidade de cada pe\u00e7a, tornando esta tartaruga um presente perfeito para recordar o encanto de Espanha.<\/p>\n","protected":false},"featured_media":6229,"template":"","meta":{"_acf_changed":false},"product_brand":[],"product_cat":[552],"product_tag":[516],"class_list":{"0":"post-37710","1":"product","2":"type-product","3":"status-publish","4":"has-post-thumbnail","6":"product_cat-numeros","7":"product_tag-animais","8":"pa_motivo-tartarugas","10":"first","11":"instock","12":"shipping-taxable","13":"product-type-simple"},"acf":[],"_links":{"self":[{"href":"https:\/\/olemosaic.com\/pt-pt\/wp-json\/wp\/v2\/product\/37710","targetHints":{"allow":["GET"]}}],"collection":[{"href":"https:\/\/olemosaic.com\/pt-pt\/wp-json\/wp\/v2\/product"}],"about":[{"href":"https:\/\/olemosaic.com\/pt-pt\/wp-json\/wp\/v2\/types\/product"}],"wp:featuredmedia":[{"embeddable":true,"href":"https:\/\/olemosaic.com\/pt-pt\/wp-json\/wp\/v2\/media\/6229"}],"wp:attachment":[{"href":"https:\/\/olemosaic.com\/pt-pt\/wp-json\/wp\/v2\/media?parent=37710"}],"wp:term":[{"taxonomy":"product_brand","embeddable":true,"href":"https:\/\/olemosaic.com\/pt-pt\/wp-json\/wp\/v2\/product_brand?post=37710"},{"taxonomy":"product_cat","embeddable":true,"href":"https:\/\/olemosaic.com\/pt-pt\/wp-json\/wp\/v2\/product_cat?post=37710"},{"taxonomy":"product_tag","embeddable":true,"href":"https:\/\/olemosaic.com\/pt-pt\/wp-json\/wp\/v2\/product_tag?post=37710"}],"curies":[{"name":"wp","href":"https:\/\/api.w.org\/{rel}","templated":true}]}}