{"id":37709,"date":"2025-02-20T23:27:53","date_gmt":"2025-02-20T22:27:53","guid":{"rendered":"http:\/\/olemosaic.com\/producto\/salamandra-figura-de-resina-de-17-cm-verde-pintada-a-mano\/"},"modified":"2025-07-25T18:48:49","modified_gmt":"2025-07-25T16:48:49","slug":"salamandra-17-cm-verde-figura-resina-pintada-mao","status":"publish","type":"product","link":"https:\/\/olemosaic.com\/pt-pt\/produto\/salamandra-17-cm-verde-figura-resina-pintada-mao\/","title":{"rendered":"Salamandra. Figura de mosaico de 17 cm. Verde."},"content":{"rendered":"<p>Figura de salamandra em resina<\/p>\n<p>Esta vibrante figura de salamandra em resina com 17 cm de altura \u00e9 um reflexo aut\u00eantico da fauna mediterr\u00e2nica e uma amostra da arte popular da regi\u00e3o. A pe\u00e7a, com efeito pintado \u00e0 m\u00e3o, combina uma paleta de cores alegre \u2014 verdes, azuis, vermelhos e amarelos \u2014 que evocam a diversidade e a beleza da natureza. Os intrincados padr\u00f5es de mosaico que a adornam proporcionam um toque art\u00edstico e festivo, tornando-a um objeto decorativo ideal para qualquer espa\u00e7o.<\/p>\n<p>A salamandra, s\u00edmbolo de transforma\u00e7\u00e3o e renova\u00e7\u00e3o, est\u00e1 culturalmente associada ao calor e \u00e0 vida do clima mediterr\u00e2nico. Esta recorda\u00e7\u00e3o \u00e9 uma escolha magn\u00edfica para quem procura uma lembran\u00e7a que encapsule o esp\u00edrito alegre e colorido da zona. O seu acabamento detalhado e a qualidade dos materiais garantem que cada pe\u00e7a seja \u00fanica e duradoura, tornando-a um excelente presente para turistas ou amantes da arte popular.<\/p>\n<p>Na Ol\u00e9 Mosaic, orgulhamo-nos de ser distribuidores de lembran\u00e7as aut\u00eanticas e de alta qualidade. Esta figura de salamandra \u00e9 perfeita para lojas de presentes tur\u00edsticos que desejem oferecer produtos que reflitam a rica heran\u00e7a cultural da regi\u00e3o. D\u00ea \u00e0 sua loja um toque distintivo com as nossas figuras exclusivas com efeito pintado \u00e0 m\u00e3o, que trazem um peda\u00e7o do Mediterr\u00e2neo para cada casa.<\/p>\n","protected":false},"excerpt":{"rendered":"<p>Figura de salamandra, design artesanal, pintada \u00e0 m\u00e3o, com uma combina\u00e7\u00e3o vibrante de cores: verde, azul, vermelho e amarelo. Esta pe\u00e7a decorativa de 17 cm evoca a fauna mediterr\u00e2nica, com um design que destaca padr\u00f5es de mosaico, proporcionando um toque art\u00edstico e alegre a qualquer espa\u00e7o. O seu acabamento detalhado e a qualidade do material tornam-na uma lembran\u00e7a perfeita que reflete o car\u00e1ter cultural da regi\u00e3o.<\/p>\n","protected":false},"featured_media":7430,"template":"","meta":{"_acf_changed":false},"product_brand":[],"product_cat":[552],"product_tag":[516],"class_list":{"0":"post-37709","1":"product","2":"type-product","3":"status-publish","4":"has-post-thumbnail","6":"product_cat-numeros","7":"product_tag-animais","8":"pa_motivo-salamandras","10":"first","11":"instock","12":"shipping-taxable","13":"product-type-simple"},"acf":[],"_links":{"self":[{"href":"https:\/\/olemosaic.com\/pt-pt\/wp-json\/wp\/v2\/product\/37709","targetHints":{"allow":["GET"]}}],"collection":[{"href":"https:\/\/olemosaic.com\/pt-pt\/wp-json\/wp\/v2\/product"}],"about":[{"href":"https:\/\/olemosaic.com\/pt-pt\/wp-json\/wp\/v2\/types\/product"}],"wp:featuredmedia":[{"embeddable":true,"href":"https:\/\/olemosaic.com\/pt-pt\/wp-json\/wp\/v2\/media\/7430"}],"wp:attachment":[{"href":"https:\/\/olemosaic.com\/pt-pt\/wp-json\/wp\/v2\/media?parent=37709"}],"wp:term":[{"taxonomy":"product_brand","embeddable":true,"href":"https:\/\/olemosaic.com\/pt-pt\/wp-json\/wp\/v2\/product_brand?post=37709"},{"taxonomy":"product_cat","embeddable":true,"href":"https:\/\/olemosaic.com\/pt-pt\/wp-json\/wp\/v2\/product_cat?post=37709"},{"taxonomy":"product_tag","embeddable":true,"href":"https:\/\/olemosaic.com\/pt-pt\/wp-json\/wp\/v2\/product_tag?post=37709"}],"curies":[{"name":"wp","href":"https:\/\/api.w.org\/{rel}","templated":true}]}}