{"id":37708,"date":"2025-02-20T23:27:52","date_gmt":"2025-02-20T22:27:52","guid":{"rendered":"http:\/\/olemosaic.com\/producto\/gato-figura-de-resina-de-11-cm-pintada-a-mano\/"},"modified":"2025-07-25T18:55:08","modified_gmt":"2025-07-25T16:55:08","slug":"gato-figura-resina-11-cm-pintada-mao","status":"publish","type":"product","link":"https:\/\/olemosaic.com\/pt-pt\/produto\/gato-figura-resina-11-cm-pintada-mao\/","title":{"rendered":"Gato. Figura de mosaico de 11 cm."},"content":{"rendered":"<p>Figura de gato em resina<\/p>\n<p>Descubra esta aut\u00eantica figura de resina de 11 cm em forma de gato, adornada com um vibrante mosaico de cores que evoca a ess\u00eancia da arte popular espanhola. Este gato encantador, cuidadosamente pintado \u00e0 m\u00e3o, apresenta uma mistura cativante de tons de vermelho, azul, amarelo e verde, que n\u00e3o s\u00f3 atrai o olhar, mas tamb\u00e9m conta uma hist\u00f3ria cultural rica e vibrante. O seu design estilizado e moderno destaca-se pelo uso de formas geom\u00e9tricas, criando um apelo visual \u00fanico que complementa qualquer espa\u00e7o, seja numa loja de recorda\u00e7\u00f5es ou na decora\u00e7\u00e3o da casa.<\/p>\n<p>Este gato n\u00e3o \u00e9 apenas um ornamento, mas um s\u00edmbolo do folclore espanhol que destaca a criatividade e o engenho do artesanato local. Cada figura reflete a tradi\u00e7\u00e3o e a cultura que a inspirou, tornando-a uma excelente lembran\u00e7a para os turistas que desejam levar um peda\u00e7o de Espanha ou Portugal consigo.<\/p>\n<p>Na Ol\u00e9 Mosaic, somos distribuidores grossistas de artigos artesanais como esta figura de gato, perfeita para lojas de presentes tur\u00edsticos que procuram autenticidade e qualidade na sua oferta. Este ador\u00e1vel gato pintado \u00e0 m\u00e3o \u00e9 uma lembran\u00e7a ideal que, al\u00e9m de decorar, conta a hist\u00f3ria da arte popular espanhola, ideal para quem deseja recordar a sua visita \u00e0 Pen\u00ednsula Ib\u00e9rica.<\/p>\n","protected":false},"excerpt":{"rendered":"<p>Figura em forma de gato de 11 cm, pintada num mosaico de cores vibrantes. Este gato encantador, que evoca a arte popular, apresenta uma combina\u00e7\u00e3o de tons de vermelho, azul, amarelo e verde, que lembram o folclore espanhol. O seu design \u00fanico e estilizado destaca-se pelo uso de formas geom\u00e9tricas que lhe conferem um toque moderno e art\u00edstico, tornando-o uma lembran\u00e7a ou ornamento ideal para qualquer espa\u00e7o.<\/p>\n","protected":false},"featured_media":8760,"template":"","meta":{"_acf_changed":false},"product_brand":[],"product_cat":[552],"product_tag":[516],"class_list":{"0":"post-37708","1":"product","2":"type-product","3":"status-publish","4":"has-post-thumbnail","6":"product_cat-numeros","7":"product_tag-animais","8":"pa_motivo-gatos","10":"first","11":"instock","12":"shipping-taxable","13":"product-type-simple"},"acf":[],"_links":{"self":[{"href":"https:\/\/olemosaic.com\/pt-pt\/wp-json\/wp\/v2\/product\/37708","targetHints":{"allow":["GET"]}}],"collection":[{"href":"https:\/\/olemosaic.com\/pt-pt\/wp-json\/wp\/v2\/product"}],"about":[{"href":"https:\/\/olemosaic.com\/pt-pt\/wp-json\/wp\/v2\/types\/product"}],"wp:featuredmedia":[{"embeddable":true,"href":"https:\/\/olemosaic.com\/pt-pt\/wp-json\/wp\/v2\/media\/8760"}],"wp:attachment":[{"href":"https:\/\/olemosaic.com\/pt-pt\/wp-json\/wp\/v2\/media?parent=37708"}],"wp:term":[{"taxonomy":"product_brand","embeddable":true,"href":"https:\/\/olemosaic.com\/pt-pt\/wp-json\/wp\/v2\/product_brand?post=37708"},{"taxonomy":"product_cat","embeddable":true,"href":"https:\/\/olemosaic.com\/pt-pt\/wp-json\/wp\/v2\/product_cat?post=37708"},{"taxonomy":"product_tag","embeddable":true,"href":"https:\/\/olemosaic.com\/pt-pt\/wp-json\/wp\/v2\/product_tag?post=37708"}],"curies":[{"name":"wp","href":"https:\/\/api.w.org\/{rel}","templated":true}]}}