{"id":37707,"date":"2025-02-20T23:27:52","date_gmt":"2025-02-20T22:27:52","guid":{"rendered":"http:\/\/olemosaic.com\/producto\/girafa-figura-de-resina-de-14-cm-pintada-a-mano\/"},"modified":"2025-07-25T19:42:58","modified_gmt":"2025-07-25T17:42:58","slug":"girafa-figura-resina-14-cm-pintada-mao","status":"publish","type":"product","link":"https:\/\/olemosaic.com\/pt-pt\/produto\/girafa-figura-resina-14-cm-pintada-mao\/","title":{"rendered":"Girafa. Figura de mosaico de 14 cm."},"content":{"rendered":"<p>Figura de girafa em resina com efeito pintado \u00e0 m\u00e3o &#8211; Lembran\u00e7a de Espanha<\/p>\n<p>Descubra a nossa encantadora figura de girafa em resina, uma pe\u00e7a de 14 cm que celebra a vida selvagem vibrante e a arte espanhola. Cada figura parece ser pintada \u00e0 m\u00e3o por artes\u00e3os, garantindo que cada girafa seja \u00fanica e cheia de detalhes. O seu design de mosaico destaca-se pela fus\u00e3o de tons vibrantes como rosa, azul, amarelo e verde, criando um efeito visual atraente que n\u00e3o passar\u00e1 despercebido. A textura da superf\u00edcie, que imita pe\u00e7as de mosaico incr\u00edveis, acrescenta um toque art\u00edstico e moderno, tornando-a uma excelente escolha decorativa para qualquer casa.<\/p>\n<p>Esta lembran\u00e7a, al\u00e9m de ser um belo ornamento, capta a ess\u00eancia da arte e cultura espanholas, onde o uso da cor e a criatividade s\u00e3o fundamentais. Ideal para quem procura um detalhe original que evoque a sua visita a Espanha, esta girafa com efeito pintado \u00e0 m\u00e3o \u00e9 uma representa\u00e7\u00e3o maravilhosa do esp\u00edrito l\u00fadico e colorido da regi\u00e3o.<\/p>\n<p>Na Ol\u00e9 Mosaic, somos distribuidores de lembran\u00e7as de vida selvagem, oferecendo produtos aut\u00eanticos que se destacam pela sua qualidade e design. Adicionar estas figuras ao seu cat\u00e1logo \u00e9 um sucesso garantido para atrair turistas que queiram levar uma pe\u00e7a da cultura espanhola para casa. Esta ador\u00e1vel lembran\u00e7a \u00e9 perfeita para quem procura presentes \u00fanicos e memor\u00e1veis, ideal para recordar uma experi\u00eancia especial.<\/p>\n","protected":false},"excerpt":{"rendered":"<p>Figura de 14 cm, design artesanal, pintada \u00e0 m\u00e3o, representando uma girafa com cores vibrantes. Esta ador\u00e1vel recorda\u00e7\u00e3o destaca-se pelo seu design de mosaico, que combina tons de rosa, azul, amarelo e verde, criando um efeito visual muito atraente. Ideal para quem procura um detalhe decorativo que capte a ess\u00eancia da vida selvagem e da arte numa \u00fanica pe\u00e7a. Perfeita para adicionar um toque de originalidade a qualquer espa\u00e7o.<\/p>\n","protected":false},"featured_media":11037,"template":"","meta":{"_acf_changed":false},"product_brand":[],"product_cat":[552],"product_tag":[516],"class_list":{"0":"post-37707","1":"product","2":"type-product","3":"status-publish","4":"has-post-thumbnail","6":"product_cat-numeros","7":"product_tag-animais","8":"pa_motivo-girafas","10":"first","11":"instock","12":"shipping-taxable","13":"product-type-simple"},"acf":[],"_links":{"self":[{"href":"https:\/\/olemosaic.com\/pt-pt\/wp-json\/wp\/v2\/product\/37707","targetHints":{"allow":["GET"]}}],"collection":[{"href":"https:\/\/olemosaic.com\/pt-pt\/wp-json\/wp\/v2\/product"}],"about":[{"href":"https:\/\/olemosaic.com\/pt-pt\/wp-json\/wp\/v2\/types\/product"}],"wp:featuredmedia":[{"embeddable":true,"href":"https:\/\/olemosaic.com\/pt-pt\/wp-json\/wp\/v2\/media\/11037"}],"wp:attachment":[{"href":"https:\/\/olemosaic.com\/pt-pt\/wp-json\/wp\/v2\/media?parent=37707"}],"wp:term":[{"taxonomy":"product_brand","embeddable":true,"href":"https:\/\/olemosaic.com\/pt-pt\/wp-json\/wp\/v2\/product_brand?post=37707"},{"taxonomy":"product_cat","embeddable":true,"href":"https:\/\/olemosaic.com\/pt-pt\/wp-json\/wp\/v2\/product_cat?post=37707"},{"taxonomy":"product_tag","embeddable":true,"href":"https:\/\/olemosaic.com\/pt-pt\/wp-json\/wp\/v2\/product_tag?post=37707"}],"curies":[{"name":"wp","href":"https:\/\/api.w.org\/{rel}","templated":true}]}}