{"id":37706,"date":"2025-02-20T23:27:52","date_gmt":"2025-02-20T22:27:52","guid":{"rendered":"http:\/\/olemosaic.com\/producto\/botella-inox-350-ml-mosaico\/"},"modified":"2025-07-25T18:50:04","modified_gmt":"2025-07-25T16:50:04","slug":"garrafa-aco-inoxidavel-350-ml-mosaico","status":"publish","type":"product","link":"https:\/\/olemosaic.com\/pt-pt\/produto\/garrafa-aco-inoxidavel-350-ml-mosaico\/","title":{"rendered":"Garrafa de a\u00e7o inoxid\u00e1vel. 350 ml. Mosaico."},"content":{"rendered":"<p>Garrafa de a\u00e7o inoxid\u00e1vel de 350 ml com mosaico<\/p>\n<p>Descubra a nossa exclusiva garrafa de a\u00e7o inoxid\u00e1vel de 350 ml, decorada com um design de mosaico vibrante que evoca a rica heran\u00e7a art\u00edstica de Espanha. Este jardim de padr\u00f5es geom\u00e9tricos e florais multicoloridos capta a ess\u00eancia da cultura mediterr\u00e2nica, transformando cada gole numa viagem visual atrav\u00e9s dos espl\u00eandidos azulejos que adornam monumentos e pra\u00e7as nas cidades espanholas. A tampa de a\u00e7o brilhante n\u00e3o s\u00f3 garante um fecho herm\u00e9tico, como tamb\u00e9m acrescenta um toque de eleg\u00e2ncia. O pr\u00e1tico mosquet\u00e3o facilita o transporte, permitindo lev\u00e1-la para todo o lado, seja em excurs\u00f5es, passeios pela cidade ou atividades ao ar livre.<\/p>\n<p>O design \u00fanico desta garrafa n\u00e3o \u00e9 apenas visualmente atraente, mas tamb\u00e9m funcional. \u00c9 perfeita para se manter hidratado com estilo e para contribuir para a conserva\u00e7\u00e3o ambiental, substituindo as garrafas de pl\u00e1stico descart\u00e1veis. Como uma lembran\u00e7a aut\u00eantica de Espanha, esta garrafa de mosaico \u00e9 um presente ideal para turistas que procuram uma mem\u00f3ria representativa e \u00fatil da sua visita. Na Ol\u00e9 Mosaic, especializamo-nos na distribui\u00e7\u00e3o por grosso de produtos que celebram a diversidade cultural e o artesanato espanhol, tornando esta garrafa uma escolha de destaque em qualquer loja de presentes tur\u00edsticos. Com a sua relev\u00e2ncia cultural e est\u00e9tica, \u00e9 um artigo que ir\u00e1 surpreender os seus clientes e permitir-lhes levar um peda\u00e7o de Espanha consigo.<\/p>\n","protected":false},"excerpt":{"rendered":"<p>Garrafa de a\u00e7o inoxid\u00e1vel de 350 ml com um design de mosaico vibrante, ideal para os amantes da cultura mediterr\u00e2nica. Exibe uma variedade colorida de padr\u00f5es geom\u00e9tricos e florais que evocam a rica heran\u00e7a art\u00edstica de Espanha. Com uma tampa de a\u00e7o brilhante e um pr\u00e1tico mosquet\u00e3o, esta garrafa \u00e9 perfeito para levar para qualquer lugar. O seu design atraente e funcionalidade tornam-na uma lembran\u00e7a \u00fanica e \u00fatil.<\/p>\n","protected":false},"featured_media":11140,"template":"","meta":{"_acf_changed":false},"product_brand":[],"product_cat":[786],"product_tag":[],"class_list":{"0":"post-37706","1":"product","2":"type-product","3":"status-publish","4":"has-post-thumbnail","6":"product_cat-garrafas-inox","7":"pa_motivo-mosaico","9":"first","10":"instock","11":"shipping-taxable","12":"product-type-simple"},"acf":[],"_links":{"self":[{"href":"https:\/\/olemosaic.com\/pt-pt\/wp-json\/wp\/v2\/product\/37706","targetHints":{"allow":["GET"]}}],"collection":[{"href":"https:\/\/olemosaic.com\/pt-pt\/wp-json\/wp\/v2\/product"}],"about":[{"href":"https:\/\/olemosaic.com\/pt-pt\/wp-json\/wp\/v2\/types\/product"}],"wp:featuredmedia":[{"embeddable":true,"href":"https:\/\/olemosaic.com\/pt-pt\/wp-json\/wp\/v2\/media\/11140"}],"wp:attachment":[{"href":"https:\/\/olemosaic.com\/pt-pt\/wp-json\/wp\/v2\/media?parent=37706"}],"wp:term":[{"taxonomy":"product_brand","embeddable":true,"href":"https:\/\/olemosaic.com\/pt-pt\/wp-json\/wp\/v2\/product_brand?post=37706"},{"taxonomy":"product_cat","embeddable":true,"href":"https:\/\/olemosaic.com\/pt-pt\/wp-json\/wp\/v2\/product_cat?post=37706"},{"taxonomy":"product_tag","embeddable":true,"href":"https:\/\/olemosaic.com\/pt-pt\/wp-json\/wp\/v2\/product_tag?post=37706"}],"curies":[{"name":"wp","href":"https:\/\/api.w.org\/{rel}","templated":true}]}}