{"id":37705,"date":"2025-02-20T23:27:52","date_gmt":"2025-02-20T22:27:52","guid":{"rendered":"http:\/\/olemosaic.com\/producto\/botella-inox-500-ml-motivos-marinos\/"},"modified":"2025-07-25T18:45:15","modified_gmt":"2025-07-25T16:45:15","slug":"garrafa-aco-inoxidavel-500-ml-motivos-marinhos","status":"publish","type":"product","link":"https:\/\/olemosaic.com\/pt-pt\/produto\/garrafa-aco-inoxidavel-500-ml-motivos-marinhos\/","title":{"rendered":"Garrafa de a\u00e7o inoxid\u00e1vel. 500 ml. Motivos marinhos."},"content":{"rendered":"<p>Garrafa de a\u00e7o inoxid\u00e1vel de 500 ml com motivos marinhos<\/p>\n<p>Descubra a nossa garrafa de a\u00e7o inoxid\u00e1vel de 500 ml, desenhada com motivos marinhos vibrantes que evocam a beleza do oceano. O seu design atraente apresenta um fundo azul-marinho profundo, onde se exibe uma variedade de esp\u00e9cies aqu\u00e1ticas como golfinhos, tartarugas e sardinhas, ilustradas num estilo de mosaico art\u00edstico que capta a ess\u00eancia da vida marinha. Cada detalhe, desde o movimento l\u00fadico dos golfinhos ao brilho subtil das tartarugas, celebra a diversidade e a vitalidade do ambiente marinho, tornando esta garrafa num verdadeiro tributo \u00e0 natureza.<\/p>\n<p>A tampa de a\u00e7o inoxid\u00e1vel, al\u00e9m de ser dur\u00e1vel, garante um fecho herm\u00e9tico, mantendo as suas bebidas frias por muito tempo. Perfeita para levar para a praia, fazer caminhadas ou desfrutar de um dia na cidade, esta garrafa \u00e9 ideal para quem procura uma op\u00e7\u00e3o pr\u00e1tica e est\u00e9tica, contribuindo para um estilo de vida sustent\u00e1vel.<\/p>\n<p>Na Ol\u00e9 Mosaic, especializamo-nos na distribui\u00e7\u00e3o por grosso de lembran\u00e7as, e esta garrafa com tem\u00e1tica marinha representa uma escolha magn\u00edfica para lojas de presentes tur\u00edsticos que procuram artigos aut\u00eanticos e de qualidade. Uma recorda\u00e7\u00e3o inesquec\u00edvel que n\u00e3o \u00e9 apenas funcional, mas que tamb\u00e9m destaca a liga\u00e7\u00e3o cultural \u00e0s costas e \u00e0 vida marinha que Espanha e Portugal tanto valorizam. Este produto \u00e9 perfeito para turistas que desejam levar um peda\u00e7o do oceano para casa.<\/p>\n","protected":false},"excerpt":{"rendered":"<p>Garrafa de a\u00e7o inoxid\u00e1vel de 500 ml, decorada com motivos marinhos alegres. O seu design marcante mostra uma variedade de esp\u00e9cies aqu\u00e1ticas, como golfinhos e tartarugas, ilustradas num estilo de mosaico colorido sobre um fundo azul-marinho profundo. A tampa de a\u00e7o robusta e herm\u00e9tica \u00e9 ideal para manter as bebidas frias. Perfeita para quem procura um toque art\u00edstico e sustent\u00e1vel no seu dia a dia.<\/p>\n","protected":false},"featured_media":9786,"template":"","meta":{"_acf_changed":false},"product_brand":[],"product_cat":[786],"product_tag":[516],"class_list":{"0":"post-37705","1":"product","2":"type-product","3":"status-publish","4":"has-post-thumbnail","6":"product_cat-garrafas-inox","7":"product_tag-animais","8":"pa_motivo-animais-marinhos","10":"first","11":"instock","12":"shipping-taxable","13":"product-type-simple"},"acf":[],"_links":{"self":[{"href":"https:\/\/olemosaic.com\/pt-pt\/wp-json\/wp\/v2\/product\/37705","targetHints":{"allow":["GET"]}}],"collection":[{"href":"https:\/\/olemosaic.com\/pt-pt\/wp-json\/wp\/v2\/product"}],"about":[{"href":"https:\/\/olemosaic.com\/pt-pt\/wp-json\/wp\/v2\/types\/product"}],"wp:featuredmedia":[{"embeddable":true,"href":"https:\/\/olemosaic.com\/pt-pt\/wp-json\/wp\/v2\/media\/9786"}],"wp:attachment":[{"href":"https:\/\/olemosaic.com\/pt-pt\/wp-json\/wp\/v2\/media?parent=37705"}],"wp:term":[{"taxonomy":"product_brand","embeddable":true,"href":"https:\/\/olemosaic.com\/pt-pt\/wp-json\/wp\/v2\/product_brand?post=37705"},{"taxonomy":"product_cat","embeddable":true,"href":"https:\/\/olemosaic.com\/pt-pt\/wp-json\/wp\/v2\/product_cat?post=37705"},{"taxonomy":"product_tag","embeddable":true,"href":"https:\/\/olemosaic.com\/pt-pt\/wp-json\/wp\/v2\/product_tag?post=37705"}],"curies":[{"name":"wp","href":"https:\/\/api.w.org\/{rel}","templated":true}]}}