{"id":37703,"date":"2025-02-20T23:27:50","date_gmt":"2025-02-20T22:27:50","guid":{"rendered":"http:\/\/olemosaic.com\/producto\/botella-inox-350-ml-punt-de-trobada-barcelona\/"},"modified":"2025-07-25T20:06:38","modified_gmt":"2025-07-25T18:06:38","slug":"garrafa-aco-inoxidavel-350-ml-ponto-de-encontro-barcelona","status":"publish","type":"product","link":"https:\/\/olemosaic.com\/pt-pt\/produto\/garrafa-aco-inoxidavel-350-ml-ponto-de-encontro-barcelona\/","title":{"rendered":"Garrafa de a\u00e7o inoxid\u00e1vel 350 ml. Ponto de encontro. Barcelona."},"content":{"rendered":"<p>Garrafa de A\u00e7o Inoxid\u00e1vel 350 ml &#8211; Mosaico de Barcelona<\/p>\n<p>Descubra a nossa garrafa de a\u00e7o inoxid\u00e1vel de 350 ml, adornada com um design vibrante que evoca o ic\u00f3nico mosaico do famoso Parque G\u00fcell de Barcelona. Esta garrafa n\u00e3o \u00e9 apenas uma op\u00e7\u00e3o pr\u00e1tica para manter as suas bebidas \u00e0 temperatura ideal, mas \u00e9 tamb\u00e9m um tributo visual \u00e0 obra do arquiteto Antoni Gaud\u00ed. Com um fundo branco que real\u00e7a os motivos coloridos em tons de amarelo, vermelho, verde e azul, esta pe\u00e7a torna-se uma recorda\u00e7\u00e3o memor\u00e1vel de Barcelona, captando a ess\u00eancia da cidade em cada gole.<\/p>\n<p>O texto &#8220;Barcelona&#8221; aparece com uma tipografia divertida e apelativa, proporcionando um toque l\u00fadico que a torna ainda mais atraente. Concebida com uma tampa de a\u00e7o que garante a sua durabilidade e complementada com uma pega pr\u00e1tica, esta garrafa \u00e9 ideal para levar para qualquer lugar, seja numa excurs\u00e3o, num passeio pela cidade ou na sua rotina di\u00e1ria. A sua liga\u00e7\u00e3o cultural com o mosaico do Parque G\u00fcell torna-a uma recorda\u00e7\u00e3o representativa, destacando o rico patrim\u00f3nio art\u00edstico de Barcelona.<\/p>\n<p>Na Ol\u00e9 Mosaic, somos distribuidores de recorda\u00e7\u00f5es aut\u00eanticas, e esta garrafa \u00e9 uma excelente escolha para lojas de presentes tur\u00edsticos que procuram artigos de qualidade que conectem com os visitantes. Ao escolher a nossa garrafa de Barcelona, oferece aos seus clientes uma recorda\u00e7\u00e3o que \u00e9 simultaneamente funcional e cheia de significado cultural.<\/p>\n","protected":false},"excerpt":{"rendered":"<p>Garrafa de a\u00e7o inoxid\u00e1vel de 350 ml, decorada com um design vibrante que evoca o mosaico do famoso Parque G\u00fcell de Barcelona. A garrafa tem um fundo branco com motivos coloridos em tons de amarelo, vermelho, verde e azul, e a palavra &#8220;Barcelona&#8221; escrita com uma tipografia divertida e apelativa. A sua tampa de a\u00e7o, com uma pega pr\u00e1tica, garante a m\u00e1xima funcionalidade e durabilidade, tornando-a ideal para levar para qualquer lugar.<\/p>\n","protected":false},"featured_media":11142,"template":"","meta":{"_acf_changed":false},"product_brand":[],"product_cat":[786],"product_tag":[],"class_list":{"0":"post-37703","1":"product","2":"type-product","3":"status-publish","4":"has-post-thumbnail","6":"product_cat-garrafas-inox","7":"pa_ciudad-barcelona","8":"pa_motivo-punt-de-trobada","9":"pa_pais-espana","11":"first","12":"instock","13":"shipping-taxable","14":"product-type-simple"},"acf":[],"_links":{"self":[{"href":"https:\/\/olemosaic.com\/pt-pt\/wp-json\/wp\/v2\/product\/37703","targetHints":{"allow":["GET"]}}],"collection":[{"href":"https:\/\/olemosaic.com\/pt-pt\/wp-json\/wp\/v2\/product"}],"about":[{"href":"https:\/\/olemosaic.com\/pt-pt\/wp-json\/wp\/v2\/types\/product"}],"wp:featuredmedia":[{"embeddable":true,"href":"https:\/\/olemosaic.com\/pt-pt\/wp-json\/wp\/v2\/media\/11142"}],"wp:attachment":[{"href":"https:\/\/olemosaic.com\/pt-pt\/wp-json\/wp\/v2\/media?parent=37703"}],"wp:term":[{"taxonomy":"product_brand","embeddable":true,"href":"https:\/\/olemosaic.com\/pt-pt\/wp-json\/wp\/v2\/product_brand?post=37703"},{"taxonomy":"product_cat","embeddable":true,"href":"https:\/\/olemosaic.com\/pt-pt\/wp-json\/wp\/v2\/product_cat?post=37703"},{"taxonomy":"product_tag","embeddable":true,"href":"https:\/\/olemosaic.com\/pt-pt\/wp-json\/wp\/v2\/product_tag?post=37703"}],"curies":[{"name":"wp","href":"https:\/\/api.w.org\/{rel}","templated":true}]}}