{"id":37701,"date":"2025-02-20T23:27:50","date_gmt":"2025-02-20T22:27:50","guid":{"rendered":"http:\/\/olemosaic.com\/producto\/botella-inox-500-ml-patio\/"},"modified":"2025-07-25T18:40:40","modified_gmt":"2025-07-25T16:40:40","slug":"garrafa-aco-inoxidavel-500-ml-patio-andaluz","status":"publish","type":"product","link":"https:\/\/olemosaic.com\/pt-pt\/produto\/garrafa-aco-inoxidavel-500-ml-patio-andaluz\/","title":{"rendered":"Garrafa de a\u00e7o inoxid\u00e1vel 500 ml. P\u00e1tio andaluz e texto &#8220;Spain&#8221;"},"content":{"rendered":"<p>&#8220;Folclore Espanhol&#8221; Garrafa de a\u00e7o inoxid\u00e1vel de 500 ml<\/p>\n<p>Descubra a garrafa de a\u00e7o inoxid\u00e1vel de 500 ml com um design encantador que evoca a ess\u00eancia do folclore espanhol. Esta garrafa elegante, al\u00e9m de pr\u00e1tica, \u00e9 uma obra de arte que presta homenagem \u00e0 cultura andaluza. A sua superf\u00edcie \u00e9 decorada com ilustra\u00e7\u00f5es vibrantes que captam a alegria e o movimento do flamenco, mostrando uma bailarina num espetacular vestido vermelho, acompanhada por um guitarrista e ornamentos florais num belo mosaico colorido. A inscri\u00e7\u00e3o &#8220;SPAIN&#8221; destaca-se, recordando a sua origem e a rica heran\u00e7a que representa.<\/p>\n<p>Com o seu design inspirado num p\u00e1tio t\u00edpico andaluz, esta garrafa transforma uma simples necessidade di\u00e1ria numa express\u00e3o de identidade cultural. Foi concebida para manter as suas bebidas frias, tornando-se a companheira ideal para atividades ao ar livre e um acess\u00f3rio indispens\u00e1vel para os amantes do flamenco e da cultura espanhola.<\/p>\n<p>Na Ol\u00e9 Mosaic, dedicamo-nos a oferecer recorda\u00e7\u00f5es aut\u00eanticas por grosso que celebram a diversidade cultural de Espanha. Esta garrafa \u00e9 uma excelente escolha para lojas de presentes tur\u00edsticos que procuram produtos que combinem funcionalidade com um forte sentido de tradi\u00e7\u00e3o. Uma recorda\u00e7\u00e3o perfeita que recorda cada momento vivido em terras espanholas.<\/p>\n","protected":false},"excerpt":{"rendered":"<p>Garrafa de a\u00e7o inoxid\u00e1vel de 500 ml com um design encantador que evoca o folclore espanhol. Decorada com ilustra\u00e7\u00f5es vibrantes de um p\u00e1tio andaluz, apresenta uma bailarina de flamenco num vestido vermelho, um guitarrista e elementos florais num mosaico colorido. A inscri\u00e7\u00e3o &#8220;SPAIN&#8221; real\u00e7a o car\u00e1cter cultural do produto. Ideal para manter as suas bebidas frias, esta garrafa combina funcionalidade e estilo, sendo perfeita para os amantes da cultura espanhola.<\/p>\n","protected":false},"featured_media":13007,"template":"","meta":{"_acf_changed":false},"product_brand":[],"product_cat":[786],"product_tag":[],"class_list":{"0":"post-37701","1":"product","2":"type-product","3":"status-publish","4":"has-post-thumbnail","6":"product_cat-garrafas-inox","7":"pa_motivo-patios","9":"first","10":"instock","11":"shipping-taxable","12":"product-type-simple"},"acf":[],"_links":{"self":[{"href":"https:\/\/olemosaic.com\/pt-pt\/wp-json\/wp\/v2\/product\/37701","targetHints":{"allow":["GET"]}}],"collection":[{"href":"https:\/\/olemosaic.com\/pt-pt\/wp-json\/wp\/v2\/product"}],"about":[{"href":"https:\/\/olemosaic.com\/pt-pt\/wp-json\/wp\/v2\/types\/product"}],"wp:featuredmedia":[{"embeddable":true,"href":"https:\/\/olemosaic.com\/pt-pt\/wp-json\/wp\/v2\/media\/13007"}],"wp:attachment":[{"href":"https:\/\/olemosaic.com\/pt-pt\/wp-json\/wp\/v2\/media?parent=37701"}],"wp:term":[{"taxonomy":"product_brand","embeddable":true,"href":"https:\/\/olemosaic.com\/pt-pt\/wp-json\/wp\/v2\/product_brand?post=37701"},{"taxonomy":"product_cat","embeddable":true,"href":"https:\/\/olemosaic.com\/pt-pt\/wp-json\/wp\/v2\/product_cat?post=37701"},{"taxonomy":"product_tag","embeddable":true,"href":"https:\/\/olemosaic.com\/pt-pt\/wp-json\/wp\/v2\/product_tag?post=37701"}],"curies":[{"name":"wp","href":"https:\/\/api.w.org\/{rel}","templated":true}]}}