{"id":37697,"date":"2025-02-20T23:27:50","date_gmt":"2025-02-20T22:27:50","guid":{"rendered":"http:\/\/olemosaic.com\/producto\/4-bols-de-coco-de-13-x-6-cm-salamandra-tenerife\/"},"modified":"2025-07-25T18:48:07","modified_gmt":"2025-07-25T16:48:07","slug":"4-tacas-coco-13-x-6-cm-salamandras-tenerife","status":"publish","type":"product","link":"https:\/\/olemosaic.com\/pt-pt\/produto\/4-tacas-coco-13-x-6-cm-salamandras-tenerife\/","title":{"rendered":"4 Ta\u00e7as de coco 13 x 6 cm. Salamandras verdes, cor de laranja, vermelhas e douradas. Tenerife."},"content":{"rendered":"<p>Ta\u00e7as de coco com design de salamandra de Tenerife<\/p>\n<p>As ta\u00e7as de coco inspiradas na salamandra de Tenerife s\u00e3o uma representa\u00e7\u00e3o requintada do patrim\u00f3nio cultural e da biodiversidade das Ilhas Can\u00e1rias. Este conjunto de quatro ta\u00e7as, com dimens\u00f5es de 13 x 6 cm, destaca-se pelo seu design vibrante e colorido, que inclui tons cativantes de verde, laranja, vermelho e dourado. Cada pe\u00e7a \u00e9 fabricada a partir de cascas de coco, um material ecol\u00f3gico que real\u00e7a a sustentabilidade e a autenticidade do artesanato can\u00e1rio.<\/p>\n<p>Cada ta\u00e7a apresenta a silhueta elegante de uma salamandra, um s\u00edmbolo representativo da rica fauna da regi\u00e3o. Com um acabamento texturado e brilhante, estas ta\u00e7as n\u00e3o s\u00e3o apenas visualmente atraentes, mas tamb\u00e9m funcionais, perfeitas para decorar espa\u00e7os ou como recipientes para pequenas apresenta\u00e7\u00f5es de aperitivos e snacks. O seu design inovador traz um toque ex\u00f3tico e distintivo a qualquer ambiente.<\/p>\n<p>Estas ta\u00e7as s\u00e3o uma lembran\u00e7a excecional que reflete a beleza natural de Tenerife e a sua biodiversidade, tornando-se uma recorda\u00e7\u00e3o aut\u00eantica para os turistas que desejam levar consigo um peda\u00e7o das Ilhas Can\u00e1rias. Na Ol\u00e9 Mosaic, estamos comprometidos com a distribui\u00e7\u00e3o por grosso de lembran\u00e7as de qualidade que capturam a ess\u00eancia cultural de Espanha. Este conjunto de ta\u00e7as de coco \u00e9 ideal para lojas de presentes tur\u00edsticos que desejam oferecer produtos aut\u00eanticos que ligam \u00e0 natureza e \u00e0 tradi\u00e7\u00e3o can\u00e1ria.<\/p>\n","protected":false},"excerpt":{"rendered":"<p>Ta\u00e7as de coco 13 x 6 cm inspiradas na salamandra de Tenerife. Este conjunto de quatro ta\u00e7as \u00e9 fabricado com cascas de coco e apresenta designs vibrantes numa paleta de cores que inclui verde, laranja, vermelho e dourado, com um acabamento texturado e brilhante. Cada uma exibe a silhueta distintiva de uma salamandra, representando a rica fauna can\u00e1ria. Perfeitas para decora\u00e7\u00e3o ou como recipientes para pequenas apresenta\u00e7\u00f5es.<\/p>\n","protected":false},"featured_media":10649,"template":"","meta":{"_acf_changed":false},"product_brand":[],"product_cat":[513],"product_tag":[516],"class_list":{"0":"post-37697","1":"product","2":"type-product","3":"status-publish","4":"has-post-thumbnail","6":"product_cat-bols","7":"product_tag-animais","8":"pa_ciudad-tenerife","9":"pa_motivo-salamandras","10":"pa_pais-espana","12":"first","13":"instock","14":"shipping-taxable","15":"product-type-simple"},"acf":[],"_links":{"self":[{"href":"https:\/\/olemosaic.com\/pt-pt\/wp-json\/wp\/v2\/product\/37697","targetHints":{"allow":["GET"]}}],"collection":[{"href":"https:\/\/olemosaic.com\/pt-pt\/wp-json\/wp\/v2\/product"}],"about":[{"href":"https:\/\/olemosaic.com\/pt-pt\/wp-json\/wp\/v2\/types\/product"}],"wp:featuredmedia":[{"embeddable":true,"href":"https:\/\/olemosaic.com\/pt-pt\/wp-json\/wp\/v2\/media\/10649"}],"wp:attachment":[{"href":"https:\/\/olemosaic.com\/pt-pt\/wp-json\/wp\/v2\/media?parent=37697"}],"wp:term":[{"taxonomy":"product_brand","embeddable":true,"href":"https:\/\/olemosaic.com\/pt-pt\/wp-json\/wp\/v2\/product_brand?post=37697"},{"taxonomy":"product_cat","embeddable":true,"href":"https:\/\/olemosaic.com\/pt-pt\/wp-json\/wp\/v2\/product_cat?post=37697"},{"taxonomy":"product_tag","embeddable":true,"href":"https:\/\/olemosaic.com\/pt-pt\/wp-json\/wp\/v2\/product_tag?post=37697"}],"curies":[{"name":"wp","href":"https:\/\/api.w.org\/{rel}","templated":true}]}}