{"id":37696,"date":"2025-02-20T22:27:49","date_gmt":"2025-02-20T22:27:49","guid":{"rendered":"http:\/\/olemosaic.com\/producto\/bol-de-coco-naranja-gran-canaria\/"},"modified":"2025-07-25T18:45:48","modified_gmt":"2025-07-25T16:45:48","slug":"taca-coco-laranja-gran-canaria","status":"publish","type":"product","link":"https:\/\/olemosaic.com\/pt-pt\/produto\/taca-coco-laranja-gran-canaria\/","title":{"rendered":"Ta\u00e7a de coco laranja. Gran Can\u00e1ria."},"content":{"rendered":"<p>Ta\u00e7a de coco laranja &#8211; Gran Can\u00e1ria<\/p>\n<p>Esta atraente ta\u00e7a de coco laranja, t\u00edpica da Gran Can\u00e1ria, \u00e9 um belo exemplo do artesanato can\u00e1rio que captura a ess\u00eancia das suas tradi\u00e7\u00f5es. Fabricada a partir de cascas de coco, este artigo destaca-se pelo seu design \u00fanico, com um padr\u00e3o de malha que brinca com a luz e real\u00e7a a sua cor laranja vibrante. No interior, a inscri\u00e7\u00e3o &#8220;Gran Canaria&#8221; \u00e9 apresentada de forma elegante, realizada com uma t\u00e9cnica que mostra o cuidado e a dedica\u00e7\u00e3o dos artes\u00e3os locais.<\/p>\n<p>A textura natural do coco, combinada com as suas formas org\u00e2nicas, torna esta ta\u00e7a uma excelente recorda\u00e7\u00e3o, perfeita para os turistas que procuram levar para casa uma lembran\u00e7a aut\u00eantica da sua visita. Ideal para decorar a casa ou como recipiente para pequenos objetos, esta ta\u00e7a reflete o folclore can\u00e1rio e a sua rica cultura.<\/p>\n<p>Na Ol\u00e9 Mosaic, somos especialistas na distribui\u00e7\u00e3o de lembran\u00e7as por grosso, e esta ta\u00e7a de coco \u00e9 uma escolha excecional para lojas de presentes tur\u00edsticos. Oferecemos produtos que n\u00e3o s\u00e3o apenas bonitos e funcionais, mas que tamb\u00e9m contam uma hist\u00f3ria, tornando-se um presente significativo com valor cultural. Esta ta\u00e7a \u00e9, sem d\u00favida, um representante aut\u00eantico da tradi\u00e7\u00e3o da Gran Can\u00e1ria que fascinar\u00e1 os seus clientes.<\/p>\n","protected":false},"excerpt":{"rendered":"<p>Ta\u00e7a de coco com acabamento laranja, t\u00edpica da Gran Can\u00e1ria. Este artigo artesanal, fabricado a partir de cascas de coco, apresenta um design \u00fanico com um padr\u00e3o de malha que real\u00e7a a sua cor vibrante. No interior, destaca-se a inscri\u00e7\u00e3o &#8220;Gran Canaria&#8221;, realizada com uma t\u00e9cnica que real\u00e7a a sua eleg\u00e2ncia. A sua textura natural e formas org\u00e2nicas tornam-na uma excelente lembran\u00e7a que captura a ess\u00eancia do folclore can\u00e1rio. Ideal para decora\u00e7\u00e3o ou como recipiente para pequenos objetos.<\/p>\n","protected":false},"featured_media":10102,"template":"","meta":{"_acf_changed":false},"product_brand":[],"product_cat":[513],"product_tag":[],"class_list":{"0":"post-37696","1":"product","2":"type-product","3":"status-publish","4":"has-post-thumbnail","6":"product_cat-bols","7":"pa_ciudad-gran-canaria","8":"pa_pais-espana","10":"first","11":"instock","12":"shipping-taxable","13":"product-type-simple"},"acf":[],"_links":{"self":[{"href":"https:\/\/olemosaic.com\/pt-pt\/wp-json\/wp\/v2\/product\/37696","targetHints":{"allow":["GET"]}}],"collection":[{"href":"https:\/\/olemosaic.com\/pt-pt\/wp-json\/wp\/v2\/product"}],"about":[{"href":"https:\/\/olemosaic.com\/pt-pt\/wp-json\/wp\/v2\/types\/product"}],"wp:featuredmedia":[{"embeddable":true,"href":"https:\/\/olemosaic.com\/pt-pt\/wp-json\/wp\/v2\/media\/10102"}],"wp:attachment":[{"href":"https:\/\/olemosaic.com\/pt-pt\/wp-json\/wp\/v2\/media?parent=37696"}],"wp:term":[{"taxonomy":"product_brand","embeddable":true,"href":"https:\/\/olemosaic.com\/pt-pt\/wp-json\/wp\/v2\/product_brand?post=37696"},{"taxonomy":"product_cat","embeddable":true,"href":"https:\/\/olemosaic.com\/pt-pt\/wp-json\/wp\/v2\/product_cat?post=37696"},{"taxonomy":"product_tag","embeddable":true,"href":"https:\/\/olemosaic.com\/pt-pt\/wp-json\/wp\/v2\/product_tag?post=37696"}],"curies":[{"name":"wp","href":"https:\/\/api.w.org\/{rel}","templated":true}]}}