{"id":37694,"date":"2025-02-20T23:27:47","date_gmt":"2025-02-20T22:27:47","guid":{"rendered":"http:\/\/olemosaic.com\/producto\/funda-de-telefono-para-xiaomi-11-tpu-panoramica-barcelona-azul\/"},"modified":"2025-07-25T18:39:41","modified_gmt":"2025-07-25T16:39:41","slug":"capa-telemovel-xiaomi-11-tpu-panoramica-barcelona-azul","status":"publish","type":"product","link":"https:\/\/olemosaic.com\/pt-pt\/produto\/capa-telemovel-xiaomi-11-tpu-panoramica-barcelona-azul\/","title":{"rendered":"Capa para telem\u00f3vel Xiaomi 11 (TPU). Panor\u00e2mica. Barcelona. Mosaico. Azul"},"content":{"rendered":"<p>Descubra a capa de Barcelona para Xiaomi 11, um acess\u00f3rio essencial para quem quer levar um peda\u00e7o desta cidade vibrante no seu dia a dia! Fabricada em TPU, esta capa n\u00e3o s\u00f3 protege o seu dispositivo, como tamb\u00e9m oferece uma explos\u00e3o de cor e cultura com o seu design impressionante que captura a ess\u00eancia de Barcelona. A capa apresenta uma vista panor\u00e2mica que inclui elementos ic\u00f3nicos como a Sagrada Fam\u00edlia, integrados num belo fundo de mosaico azul que evoca o famoso trencad\u00eds de Gaud\u00ed. A palavra &#8220;Barcelona&#8221;, escrita em letras vibrantes e marcantes, real\u00e7a a identidade desta cidade emblem\u00e1tica, tornando-a uma lembran\u00e7a atraente e funcional.<\/p>\n<p>Cada detalhe desta capa foi cuidadosamente ilustrado, desde as formas arquitet\u00f3nicas ondulantes at\u00e9 \u00e0s representa\u00e7\u00f5es coloridas de edif\u00edcios emblem\u00e1ticos, refletindo a criatividade e a arte que caracterizam Barcelona. \u00c9 o presente perfeito para turistas e amantes da cidade que procuram lembran\u00e7as aut\u00eanticas, al\u00e9m de ser uma excelente escolha para lojas de presentes tur\u00edsticos.<\/p>\n<p>Na Ol\u00e9 Mosaic, como grossistas de capas para telem\u00f3vel, oferecemos produtos que celebram a rica heran\u00e7a cultural de Espanha e Portugal. Este artigo \u00e9 uma proposta magn\u00edfica para quem valoriza a originalidade e quer que o seu dispositivo seja tamb\u00e9m uma express\u00e3o de estilo e cultura.<\/p>\n","protected":false},"excerpt":{"rendered":"<p>Capa para telem\u00f3vel Xiaomi 11, fabricada em TPU com um design que captura a vista panor\u00e2mica de Barcelona. Este acess\u00f3rio colorido apresenta elementos ic\u00f3nicos da cidade, como a Sagrada Fam\u00edlia e os caracter\u00edsticos mosaicos azuis, evocando o famoso trencad\u00eds de Gaud\u00ed. A palavra &#8220;Barcelona&#8221; destaca-se em letras marcantes, tornando esta capa uma lembran\u00e7a atraente e funcional que protege o seu dispositivo enquanto celebra a ess\u00eancia desta cidade emblem\u00e1tica.<\/p>\n","protected":false},"featured_media":12638,"template":"","meta":{"_acf_changed":false},"product_brand":[],"product_cat":[685],"product_tag":[],"class_list":{"0":"post-37694","1":"product","2":"type-product","3":"status-publish","4":"has-post-thumbnail","6":"product_cat-capas-para-telemoveis","7":"pa_ciudad-barcelona","8":"pa_motivo-panoramas","9":"pa_pais-espana","11":"first","12":"instock","13":"shipping-taxable","14":"product-type-simple"},"acf":[],"_links":{"self":[{"href":"https:\/\/olemosaic.com\/pt-pt\/wp-json\/wp\/v2\/product\/37694","targetHints":{"allow":["GET"]}}],"collection":[{"href":"https:\/\/olemosaic.com\/pt-pt\/wp-json\/wp\/v2\/product"}],"about":[{"href":"https:\/\/olemosaic.com\/pt-pt\/wp-json\/wp\/v2\/types\/product"}],"wp:featuredmedia":[{"embeddable":true,"href":"https:\/\/olemosaic.com\/pt-pt\/wp-json\/wp\/v2\/media\/12638"}],"wp:attachment":[{"href":"https:\/\/olemosaic.com\/pt-pt\/wp-json\/wp\/v2\/media?parent=37694"}],"wp:term":[{"taxonomy":"product_brand","embeddable":true,"href":"https:\/\/olemosaic.com\/pt-pt\/wp-json\/wp\/v2\/product_brand?post=37694"},{"taxonomy":"product_cat","embeddable":true,"href":"https:\/\/olemosaic.com\/pt-pt\/wp-json\/wp\/v2\/product_cat?post=37694"},{"taxonomy":"product_tag","embeddable":true,"href":"https:\/\/olemosaic.com\/pt-pt\/wp-json\/wp\/v2\/product_tag?post=37694"}],"curies":[{"name":"wp","href":"https:\/\/api.w.org\/{rel}","templated":true}]}}