{"id":37693,"date":"2025-02-20T22:27:48","date_gmt":"2025-02-20T22:27:48","guid":{"rendered":"http:\/\/olemosaic.com\/producto\/taza-de-ceramica-gato-mallorca-beige\/"},"modified":"2025-07-25T18:43:24","modified_gmt":"2025-07-25T16:43:24","slug":"caneca-ceramica-gato-maiorca-bege","status":"publish","type":"product","link":"https:\/\/olemosaic.com\/pt-pt\/produto\/caneca-ceramica-gato-maiorca-bege\/","title":{"rendered":"Caneca de cer\u00e2mica. Gato. Maiorca. Bege."},"content":{"rendered":"<p>Descubra a nossa encantadora caneca de cer\u00e2mica, uma lembran\u00e7a aut\u00eantica de Maiorca! Este design original, al\u00e9m de funcional, \u00e9 inspirado na maravilhosa fauna da ilha. A caneca apresenta um gato estilizado vibrante, pintado com um acabamento em mosaico que captura a ess\u00eancia colorida do Mediterr\u00e2neo. Borboletas dan\u00e7antes adornam o felino, infundindo um toque de vida e alegria ao design. No interior, o tom bege suave contrasta elegantemente com o exterior vibrante, e a asa foi inteligentemente concebida para incorporar uma colher vermelha, perfeita para desfrutar das suas bebidas favoritas. Este objeto n\u00e3o \u00e9 apenas \u00fatil para a casa, mas \u00e9 tamb\u00e9m uma recorda\u00e7\u00e3o preciosa que evoca o calor e a beleza de Maiorca.<\/p>\n<p>Com a sua est\u00e9tica \u00fanica, esta caneca de cer\u00e2mica \u00e9 uma excelente lembran\u00e7a que representa a rica cultura e a atmosfera mediterr\u00e2nica da regi\u00e3o. \u00c9 um presente ideal para turistas e f\u00e3s de cer\u00e2mica que procuram um peda\u00e7o de Maiorca para levar para casa. Na Ol\u00e9 Mosaic, como especialistas na distribui\u00e7\u00e3o de lembran\u00e7as por grosso, oferecemos produtos que se destacam pela sua autenticidade e design, tornando esta caneca uma pe\u00e7a essencial para qualquer loja de presentes tur\u00edsticos. Um presente atraente para quem valoriza o artesanato e o folclore da ilha.<\/p>\n","protected":false},"excerpt":{"rendered":"<p>Caneca de cer\u00e2mica de design original, inspirada na fauna de Maiorca. Esta pe\u00e7a colorida apresenta um gato estilizado com acabamento em mosaico, adornado com borboletas que lhe d\u00e3o um toque de vida. O interior, num tom bege, contrasta com o design exterior vibrante, e a asa incorpora uma colher vermelha. Ideal para desfrutar das suas bebidas favoritas, esta caneca \u00e9 uma lembran\u00e7a encantadora da ilha mediterr\u00e2nica.<\/p>\n","protected":false},"featured_media":9521,"template":"","meta":{"_acf_changed":false},"product_brand":[],"product_cat":[833],"product_tag":[516,515],"class_list":{"0":"post-37693","1":"product","2":"type-product","3":"status-publish","4":"has-post-thumbnail","6":"product_cat-canecas","7":"product_tag-animais","8":"product_tag-ceramica","9":"pa_ciudad-mallorca","10":"pa_motivo-gatos","11":"pa_pais-espana","13":"first","14":"instock","15":"shipping-taxable","16":"product-type-simple"},"acf":[],"_links":{"self":[{"href":"https:\/\/olemosaic.com\/pt-pt\/wp-json\/wp\/v2\/product\/37693","targetHints":{"allow":["GET"]}}],"collection":[{"href":"https:\/\/olemosaic.com\/pt-pt\/wp-json\/wp\/v2\/product"}],"about":[{"href":"https:\/\/olemosaic.com\/pt-pt\/wp-json\/wp\/v2\/types\/product"}],"wp:featuredmedia":[{"embeddable":true,"href":"https:\/\/olemosaic.com\/pt-pt\/wp-json\/wp\/v2\/media\/9521"}],"wp:attachment":[{"href":"https:\/\/olemosaic.com\/pt-pt\/wp-json\/wp\/v2\/media?parent=37693"}],"wp:term":[{"taxonomy":"product_brand","embeddable":true,"href":"https:\/\/olemosaic.com\/pt-pt\/wp-json\/wp\/v2\/product_brand?post=37693"},{"taxonomy":"product_cat","embeddable":true,"href":"https:\/\/olemosaic.com\/pt-pt\/wp-json\/wp\/v2\/product_cat?post=37693"},{"taxonomy":"product_tag","embeddable":true,"href":"https:\/\/olemosaic.com\/pt-pt\/wp-json\/wp\/v2\/product_tag?post=37693"}],"curies":[{"name":"wp","href":"https:\/\/api.w.org\/{rel}","templated":true}]}}