{"id":37692,"date":"2025-02-20T23:27:50","date_gmt":"2025-02-20T22:27:50","guid":{"rendered":"http:\/\/olemosaic.com\/producto\/bola-de-navidad-con-caja-panoramica-barcelona-multicolor\/"},"modified":"2025-07-25T19:45:29","modified_gmt":"2025-07-25T17:45:29","slug":"bola-de-natal-com-caixa-panoramica-cidade-barcelona-multicolor","status":"publish","type":"product","link":"https:\/\/olemosaic.com\/pt-pt\/produto\/bola-de-natal-com-caixa-panoramica-cidade-barcelona-multicolor\/","title":{"rendered":"Bola de Natal com caixa. Panor\u00e2mica. Cidade de Barcelona. Multicolor"},"content":{"rendered":"<p>Bola de Natal panor\u00e2mica de Barcelona<\/p>\n<p>Descubra a nossa requintada bola de Natal panor\u00e2mica de Barcelona, uma recorda\u00e7\u00e3o que capta a ess\u00eancia vibrante desta cidade emblem\u00e1tica. Apresentada numa caixa elegante, esta bola de vidro decorativa \u00e9 um exemplo espl\u00eandido da fus\u00e3o entre arte e tradi\u00e7\u00e3o, ideal para recordar as maravilhas de Barcelona durante a \u00e9poca festiva. O design multicolor da bola inclui monumentos ic\u00f3nicos como a Torre Gl\u00f2ries, a Sagrada Fam\u00edlia e o famoso mosaico do Park G\u00fcell, tornando-a uma verdadeira homenagem \u00e0 criatividade e ao esp\u00edrito inovador da cidade.<\/p>\n<p>Cada detalhe foi meticulosamente desenhado, destacando as cores brilhantes e a rica diversidade de formas que representam a arquitetura modernista de Antoni Gaud\u00ed e outros monumentos significativos. Esta bola de Natal n\u00e3o s\u00f3 decorar\u00e1 a sua casa durante as festas, como tamb\u00e9m funcionar\u00e1 como um lembrete simb\u00f3lico das experi\u00eancias vividas em Barcelona. Como grossistas de recorda\u00e7\u00f5es de qualidade, na Ol\u00e9 Mosaic oferecemos produtos aut\u00eanticos que refletem a cultura e o folclore locais. Este encantador ornamento de Natal \u00e9 uma excelente escolha para lojas de presentes tur\u00edsticos que procuram oferecer aos seus clientes um peda\u00e7o de Barcelona para levar para casa.<\/p>\n","protected":false},"excerpt":{"rendered":"<p>Bola de Natal apresentada numa caixa elegante, adornada com um panorama vibrante de Barcelona. Este ornamento colorido destaca-se pelo seu design multicolor, que inclui \u00edcones arquitet\u00f3nicos ic\u00f3nicos como a Torre Gl\u00f2ries, a Sagrada Fam\u00edlia e o mosaico do Park G\u00fcell. Feita de vidro, a bola capta a ess\u00eancia festiva da cidade, tornando-a o presente perfeito para recordar as maravilhas de Barcelona durante a \u00e9poca de Natal.<\/p>\n","protected":false},"featured_media":9757,"template":"","meta":{"_acf_changed":false},"product_brand":[],"product_cat":[652],"product_tag":[642],"class_list":{"0":"post-37692","1":"product","2":"type-product","3":"status-publish","4":"has-post-thumbnail","6":"product_cat-bolas-de-natal","7":"product_tag-natal","8":"pa_ciudad-barcelona","9":"pa_motivo-panoramas","10":"pa_pais-espana","12":"first","13":"instock","14":"shipping-taxable","15":"product-type-simple"},"acf":[],"_links":{"self":[{"href":"https:\/\/olemosaic.com\/pt-pt\/wp-json\/wp\/v2\/product\/37692","targetHints":{"allow":["GET"]}}],"collection":[{"href":"https:\/\/olemosaic.com\/pt-pt\/wp-json\/wp\/v2\/product"}],"about":[{"href":"https:\/\/olemosaic.com\/pt-pt\/wp-json\/wp\/v2\/types\/product"}],"wp:featuredmedia":[{"embeddable":true,"href":"https:\/\/olemosaic.com\/pt-pt\/wp-json\/wp\/v2\/media\/9757"}],"wp:attachment":[{"href":"https:\/\/olemosaic.com\/pt-pt\/wp-json\/wp\/v2\/media?parent=37692"}],"wp:term":[{"taxonomy":"product_brand","embeddable":true,"href":"https:\/\/olemosaic.com\/pt-pt\/wp-json\/wp\/v2\/product_brand?post=37692"},{"taxonomy":"product_cat","embeddable":true,"href":"https:\/\/olemosaic.com\/pt-pt\/wp-json\/wp\/v2\/product_cat?post=37692"},{"taxonomy":"product_tag","embeddable":true,"href":"https:\/\/olemosaic.com\/pt-pt\/wp-json\/wp\/v2\/product_tag?post=37692"}],"curies":[{"name":"wp","href":"https:\/\/api.w.org\/{rel}","templated":true}]}}