{"id":37687,"date":"2025-02-20T23:27:50","date_gmt":"2025-02-20T22:27:50","guid":{"rendered":"http:\/\/olemosaic.com\/producto\/bola-de-navidad-con-caja-mosaico\/"},"modified":"2025-07-25T18:39:05","modified_gmt":"2025-07-25T16:39:05","slug":"bola-natal-caixa-mosaico","status":"publish","type":"product","link":"https:\/\/olemosaic.com\/pt-pt\/produto\/bola-natal-caixa-mosaico\/","title":{"rendered":"Bola de Natal com caixa. Mosaico. Motivos geom\u00e9tricos andaluzes."},"content":{"rendered":"<p>Bola de Natal decorativa em mosaico espanhol<\/p>\n<p>Esta bola de Natal decorativa \u00e9 um ornamento elegante para a sua \u00e1rvore de Natal, apresentada numa caixa delicada que real\u00e7a a sua eleg\u00e2ncia. Fabricada com materiais de alta qualidade, esta bola redonda caracteriza-se por um design vibrante que evoca os coloridos mosaicos tradicionais da cultura andaluza. Padr\u00f5es geom\u00e9tricos em tons de vermelho, azul e amarelo combinam-se para criar uma pe\u00e7a visualmente marcante que captura a ess\u00eancia da arte e tradi\u00e7\u00e3o espanholas. Cada sec\u00e7\u00e3o da bola reflete a riqueza cultural do mosaico, evocando os famosos azulejos que adornam tantos cantos de Espanha, desde os p\u00e1tios de Sevilha aos monumentos de Granada.<\/p>\n<p>Esta lembran\u00e7a n\u00e3o s\u00f3 se destaca pelo seu apelo est\u00e9tico, como tamb\u00e9m oferece um profundo significado cultural, tornando-a um excelente presente para as festas. A bola simboliza o calor e a alegria da \u00e9poca natal\u00edcia, sendo um complemento perfeito para quem procura um toque aut\u00eantico e representativo da cultura espanhola nas suas decora\u00e7\u00f5es.<\/p>\n<p>Na Ol\u00e9 Mosaic, como grossistas de recorda\u00e7\u00f5es, orgulhamo-nos de oferecer produtos como esta bola de Natal decorativa, que funde tradi\u00e7\u00e3o e modernidade. \u00c9 uma escolha ideal para lojas de presentes tur\u00edsticos que pretendem proporcionar aos seus clientes mem\u00f3rias \u00fanicas da sua viagem a Espanha, garantindo qualidade e autenticidade em cada pe\u00e7a.<\/p>\n","protected":false},"excerpt":{"rendered":"<p>Bola de Natal decorativa apresentada numa caixa elegante, inspirada nos coloridos mosaicos espanh\u00f3is. Fabricada com materiais de alta qualidade, esta bola redonda apresenta um design vibrante de padr\u00f5es geom\u00e9tricos em tons de vermelho, azul e amarelo, evocando a rica cultura andaluza. Ideal para decorar a \u00e1rvore de Natal, o seu detalhe est\u00e9tico combina tradi\u00e7\u00e3o e modernidade, tornando-a um presente perfeito para as festas.<\/p>\n","protected":false},"featured_media":9750,"template":"","meta":{"_acf_changed":false},"product_brand":[],"product_cat":[652],"product_tag":[642],"class_list":{"0":"post-37687","1":"product","2":"type-product","3":"status-publish","4":"has-post-thumbnail","6":"product_cat-bolas-de-natal","7":"product_tag-natal","8":"pa_motivo-mosaico","10":"first","11":"instock","12":"shipping-taxable","13":"product-type-simple"},"acf":[],"_links":{"self":[{"href":"https:\/\/olemosaic.com\/pt-pt\/wp-json\/wp\/v2\/product\/37687","targetHints":{"allow":["GET"]}}],"collection":[{"href":"https:\/\/olemosaic.com\/pt-pt\/wp-json\/wp\/v2\/product"}],"about":[{"href":"https:\/\/olemosaic.com\/pt-pt\/wp-json\/wp\/v2\/types\/product"}],"wp:featuredmedia":[{"embeddable":true,"href":"https:\/\/olemosaic.com\/pt-pt\/wp-json\/wp\/v2\/media\/9750"}],"wp:attachment":[{"href":"https:\/\/olemosaic.com\/pt-pt\/wp-json\/wp\/v2\/media?parent=37687"}],"wp:term":[{"taxonomy":"product_brand","embeddable":true,"href":"https:\/\/olemosaic.com\/pt-pt\/wp-json\/wp\/v2\/product_brand?post=37687"},{"taxonomy":"product_cat","embeddable":true,"href":"https:\/\/olemosaic.com\/pt-pt\/wp-json\/wp\/v2\/product_cat?post=37687"},{"taxonomy":"product_tag","embeddable":true,"href":"https:\/\/olemosaic.com\/pt-pt\/wp-json\/wp\/v2\/product_tag?post=37687"}],"curies":[{"name":"wp","href":"https:\/\/api.w.org\/{rel}","templated":true}]}}