{"id":37685,"date":"2025-02-20T23:27:47","date_gmt":"2025-02-20T22:27:47","guid":{"rendered":"http:\/\/olemosaic.com\/producto\/huevera-de-ceramica-patio-blanco\/"},"modified":"2025-07-25T18:36:50","modified_gmt":"2025-07-25T16:36:50","slug":"copo-ovo-ceramica-patio-branco","status":"publish","type":"product","link":"https:\/\/olemosaic.com\/pt-pt\/produto\/copo-ovo-ceramica-patio-branco\/","title":{"rendered":"Copo para Ovo em Cer\u00e2mica. P\u00e1tio. Branco"},"content":{"rendered":"<p>Descubra este encantador copo para ovo em cer\u00e2mica decorada, inspirado nos vibrantes p\u00e1tios andaluzes! Este artigo \u00fanico, com um elegante acabamento branco, captura a ess\u00eancia festiva da Andaluzia atrav\u00e9s das suas ilustra\u00e7\u00f5es coloridas com efeito pintado \u00e0 m\u00e3o. Na sua superf\u00edcie, um par de flamingos ganha vida: ela, vestida com um vestido de bolinhas vermelhas, expressa a alegria da dan\u00e7a, enquanto ele, vestido com uma camisa vermelha, mostra a sua habilidade e paix\u00e3o pelo folclore. Os ornamentos florais em tons de vermelho e verde que rodeiam a pe\u00e7a evocam a riqueza da flora do sul de Espanha, acrescentando um toque fresco e alegre.<\/p>\n<p>Perfeito para qualquer casa, este copo para ovo n\u00e3o \u00e9 apenas funcional, mas tamb\u00e9m uma obra de arte que celebra a cultura andaluza. O seu design art\u00edstico torna-o uma lembran\u00e7a ideal para turistas que procuram levar para casa um peda\u00e7o da tradi\u00e7\u00e3o espanhola. Na Ol\u00e9 Mosaic, especializamo-nos na distribui\u00e7\u00e3o por grosso de recorda\u00e7\u00f5es aut\u00eanticas e de qualidade, e este copo para ovo \u00e9 um excelente exemplo de como o artesanato se funde com a cultura. Ideal para lojas de presentes tur\u00edsticos que desejam oferecer produtos representativos da Andaluzia, este artigo \u00e9 uma escolha de destaque para quem valoriza a autenticidade nas suas recorda\u00e7\u00f5es.<\/p>\n","protected":false},"excerpt":{"rendered":"<p>Copo para ovo em cer\u00e2mica decorada, inspirado num vibrante p\u00e1tio andaluz. Este produto, com acabamento branco, apresenta ilustra\u00e7\u00f5es com efeito pintado \u00e0 m\u00e3o de um par de flamingos: a f\u00eamea num vestido de bolinhas vermelhas e o macho numa camisa vermelha. Adornado com motivos florais em tons de vermelho e verde, o copo para ovo evoca o esp\u00edrito festivo da Andaluzia, tornando-se uma pe\u00e7a funcional e art\u00edstica para qualquer casa.<\/p>\n","protected":false},"featured_media":8426,"template":"","meta":{"_acf_changed":false},"product_brand":[],"product_cat":[666],"product_tag":[515],"class_list":{"0":"post-37685","1":"product","2":"type-product","3":"status-publish","4":"has-post-thumbnail","6":"product_cat-copos-para-ovos","7":"product_tag-ceramica","8":"pa_motivo-patios","10":"first","11":"instock","12":"shipping-taxable","13":"product-type-simple"},"acf":[],"_links":{"self":[{"href":"https:\/\/olemosaic.com\/pt-pt\/wp-json\/wp\/v2\/product\/37685","targetHints":{"allow":["GET"]}}],"collection":[{"href":"https:\/\/olemosaic.com\/pt-pt\/wp-json\/wp\/v2\/product"}],"about":[{"href":"https:\/\/olemosaic.com\/pt-pt\/wp-json\/wp\/v2\/types\/product"}],"wp:featuredmedia":[{"embeddable":true,"href":"https:\/\/olemosaic.com\/pt-pt\/wp-json\/wp\/v2\/media\/8426"}],"wp:attachment":[{"href":"https:\/\/olemosaic.com\/pt-pt\/wp-json\/wp\/v2\/media?parent=37685"}],"wp:term":[{"taxonomy":"product_brand","embeddable":true,"href":"https:\/\/olemosaic.com\/pt-pt\/wp-json\/wp\/v2\/product_brand?post=37685"},{"taxonomy":"product_cat","embeddable":true,"href":"https:\/\/olemosaic.com\/pt-pt\/wp-json\/wp\/v2\/product_cat?post=37685"},{"taxonomy":"product_tag","embeddable":true,"href":"https:\/\/olemosaic.com\/pt-pt\/wp-json\/wp\/v2\/product_tag?post=37685"}],"curies":[{"name":"wp","href":"https:\/\/api.w.org\/{rel}","templated":true}]}}