{"id":37683,"date":"2025-02-20T23:27:47","date_gmt":"2025-02-20T22:27:47","guid":{"rendered":"http:\/\/olemosaic.com\/producto\/bailaora-figura-de-resina-de-5-cm-pintada-a-mano\/"},"modified":"2025-07-25T19:23:46","modified_gmt":"2025-07-25T17:23:46","slug":"bailarina-flamenco-figura-resina-5-cm-pintada-mao","status":"publish","type":"product","link":"https:\/\/olemosaic.com\/pt-pt\/produto\/bailarina-flamenco-figura-resina-5-cm-pintada-mao\/","title":{"rendered":"Bailarina de Flamenco. Figura de mosaico de 5 cm."},"content":{"rendered":"<p>Descubra a nossa encantadora figura em resina de uma bailarina de flamenco espanhola! Com 5 cm de altura, esta pe\u00e7a espetacular parece ser pintada \u00e0 m\u00e3o, capturando a ess\u00eancia do vibrante folclore andaluz em cada detalhe. A figura mostra a bailarina num vestido de folhos em cores vivas que simbolizam a alegria da cultura flamenca, adornada com um penteado tradicional que real\u00e7a a sua eleg\u00e2ncia e gra\u00e7a. A pose din\u00e2mica da bailarina evoca a paix\u00e3o da dan\u00e7a flamenca, tornando cada pe\u00e7a \u00fanica.<\/p>\n<p>Os detalhes artesanais coloridos e finos desta figura n\u00e3o s\u00f3 decoram qualquer espa\u00e7o, mas tamb\u00e9m servem como uma recorda\u00e7\u00e3o calorosa da rica tradi\u00e7\u00e3o cultural de Espanha. \u00c9 a lembran\u00e7a perfeita, capturando o esp\u00edrito festivo do pa\u00eds, ideal para quem procura uma representa\u00e7\u00e3o aut\u00eantica da heran\u00e7a andaluza.<\/p>\n<p>Na Ol\u00e9 Mosaic, como grossistas de recorda\u00e7\u00f5es, oferecemos produtos diversos e de alta qualidade que celebram a cultura espanhola. Esta lembran\u00e7a \u00e9 uma excelente escolha para lojas de presentes tur\u00edsticos, proporcionando uma liga\u00e7\u00e3o emocional \u00e0 cultura da Andaluzia e sendo uma escolha popular entre os turistas que desejam levar para casa uma pe\u00e7a de arte e tradi\u00e7\u00e3o espanhola.<\/p>\n","protected":false},"excerpt":{"rendered":"<p>Figura de 5 cm, design artesanal, pintada \u00e0 m\u00e3o, representando uma bailarina de flamenco espanhola. Esta encantadora lembran\u00e7a captura a ess\u00eancia do folclore andaluz com as suas cores vibrantes e detalhes artesanais. A figura mostra a bailarina num vestido de folhos, complementado por um penteado tradicional e ornamentos que real\u00e7am a sua eleg\u00e2ncia. Ideal para decorar e recordar a cultura espanhola com um toque de autenticidade.<\/p>\n","protected":false},"featured_media":6878,"template":"","meta":{"_acf_changed":false},"product_brand":[],"product_cat":[552],"product_tag":[],"class_list":{"0":"post-37683","1":"product","2":"type-product","3":"status-publish","4":"has-post-thumbnail","6":"product_cat-numeros","7":"pa_motivo-dancarinos","9":"first","10":"instock","11":"shipping-taxable","12":"product-type-simple"},"acf":[],"_links":{"self":[{"href":"https:\/\/olemosaic.com\/pt-pt\/wp-json\/wp\/v2\/product\/37683","targetHints":{"allow":["GET"]}}],"collection":[{"href":"https:\/\/olemosaic.com\/pt-pt\/wp-json\/wp\/v2\/product"}],"about":[{"href":"https:\/\/olemosaic.com\/pt-pt\/wp-json\/wp\/v2\/types\/product"}],"wp:featuredmedia":[{"embeddable":true,"href":"https:\/\/olemosaic.com\/pt-pt\/wp-json\/wp\/v2\/media\/6878"}],"wp:attachment":[{"href":"https:\/\/olemosaic.com\/pt-pt\/wp-json\/wp\/v2\/media?parent=37683"}],"wp:term":[{"taxonomy":"product_brand","embeddable":true,"href":"https:\/\/olemosaic.com\/pt-pt\/wp-json\/wp\/v2\/product_brand?post=37683"},{"taxonomy":"product_cat","embeddable":true,"href":"https:\/\/olemosaic.com\/pt-pt\/wp-json\/wp\/v2\/product_cat?post=37683"},{"taxonomy":"product_tag","embeddable":true,"href":"https:\/\/olemosaic.com\/pt-pt\/wp-json\/wp\/v2\/product_tag?post=37683"}],"curies":[{"name":"wp","href":"https:\/\/api.w.org\/{rel}","templated":true}]}}