{"id":37682,"date":"2025-02-20T23:27:49","date_gmt":"2025-02-20T22:27:49","guid":{"rendered":"http:\/\/olemosaic.com\/producto\/bola-de-navidad-con-caja-panoramica-barcelona-color\/"},"modified":"2025-07-25T18:42:40","modified_gmt":"2025-07-25T16:42:40","slug":"bola-natal-com-caixa-panorama-barcelona-colorido","status":"publish","type":"product","link":"https:\/\/olemosaic.com\/pt-pt\/produto\/bola-natal-com-caixa-panorama-barcelona-colorido\/","title":{"rendered":"Bola de Natal com caixa. Panorama de Barcelona. Colorido"},"content":{"rendered":"<p>Bola de Natal de Barcelona<\/p>\n<p>Esta bola de Natal com caixa \u00e9 uma lembran\u00e7a encantadora que captura a ess\u00eancia vibrante de Barcelona, ideal para quem deseja levar um pedacinho desta bela cidade consigo. Feita de cer\u00e2mica, esta esfera colorida destaca-se com um panorama de efeito pintado \u00e0 m\u00e3o que mostra estruturas ic\u00f3nicas como a Sagrada Fam\u00edlia, que emergem no meio de uma explos\u00e3o de detalhes em tons brilhantes de azul, amarelo e vermelho. Cada tra\u00e7o reflete a arquitetura e a arte \u00fanicas que adornam as ruas de Barcelona, tornando esta bola n\u00e3o apenas um objeto decorativo, mas tamb\u00e9m representativo da sua rica hist\u00f3ria cultural.<\/p>\n<p>O la\u00e7o vermelho que a acompanha adiciona um toque festivo perfeito para as celebra\u00e7\u00f5es de Natal, tornando-a um presente ideal para amigos e familiares. Al\u00e9m disso, ao vir numa caixa elegante, apresenta-se como uma op\u00e7\u00e3o perfeita para quem deseja oferecer uma lembran\u00e7a aut\u00eantica da cidade. Na Ol\u00e9 Mosaic, como grossista de lembran\u00e7as de Barcelona, garantimos autenticidade e qualidade em cada produto que oferecemos. Esta bola de Natal n\u00e3o \u00e9 apenas uma atra\u00e7\u00e3o decorativa, mas um s\u00edmbolo do calor e da vibrante cultura catal\u00e3, tornando-a uma excelente escolha para lojas de presentes tur\u00edsticos que procuram artigos que realcem a riqueza da tradi\u00e7\u00e3o local.<\/p>\n","protected":false},"excerpt":{"rendered":"<p>Ta\u00e7a de coco Menorca vermelha<\/p>\n<p>Esta requintada ta\u00e7a de coco vermelha \u00e9 uma pe\u00e7a artesanal que captura a ess\u00eancia da bela ilha de Menorca. Decorada \u00e0 m\u00e3o com grande per\u00edcia, cada ta\u00e7a apresenta um design muito especial que combina tons de vermelho e branco, criando um contraste vibrante que real\u00e7a a sua beleza. O rebordo escuro emoldura subtilmente as cores brilhantes, acentuando a delicadeza do acabamento e a sua singularidade.<\/p>\n<p>No centro da ta\u00e7a, a silhueta de Menorca est\u00e1 impressa num castanho elegante, uma homenagem \u00e0 geografia desta ilha mediterr\u00e2nica que atrai turistas de todo o mundo. Esta representa\u00e7\u00e3o n\u00e3o s\u00f3 confere \u00e0 ta\u00e7a um car\u00e1ter distintivo, como tamb\u00e9m liga os viajantes ao rico patrim\u00f3nio cultural de Menorca, conhecida pela sua natureza, hist\u00f3ria e tradi\u00e7\u00f5es mediterr\u00e2nicas.<\/p>\n<p>Ideal tanto como elemento decorativo como para uso pr\u00e1tico, esta ta\u00e7a adapta-se perfeitamente a qualquer ambiente, adicionando um toque elegantemente mediterr\u00e2nico. \u00c9 um presente perfeito para quem procura uma lembran\u00e7a aut\u00eantica e representativa de Menorca. Na Ol\u00e9 Mosaic, distribu\u00edmos lembran\u00e7as de alta qualidade por grosso para lojas de presentes tur\u00edsticos, e esta ta\u00e7a de coco vermelha \u00e9 uma excelente escolha que combina arte, funcionalidade e tradi\u00e7\u00e3o, tornando-se uma mem\u00f3ria duradoura da ilha.<\/p>\n","protected":false},"featured_media":9754,"template":"","meta":{"_acf_changed":false},"product_brand":[],"product_cat":[652],"product_tag":[642],"class_list":{"0":"post-37682","1":"product","2":"type-product","3":"status-publish","4":"has-post-thumbnail","6":"product_cat-bolas-de-natal","7":"product_tag-natal","8":"pa_ciudad-barcelona","9":"pa_motivo-panoramas","10":"pa_pais-espana","12":"first","13":"instock","14":"shipping-taxable","15":"product-type-simple"},"acf":[],"_links":{"self":[{"href":"https:\/\/olemosaic.com\/pt-pt\/wp-json\/wp\/v2\/product\/37682","targetHints":{"allow":["GET"]}}],"collection":[{"href":"https:\/\/olemosaic.com\/pt-pt\/wp-json\/wp\/v2\/product"}],"about":[{"href":"https:\/\/olemosaic.com\/pt-pt\/wp-json\/wp\/v2\/types\/product"}],"wp:featuredmedia":[{"embeddable":true,"href":"https:\/\/olemosaic.com\/pt-pt\/wp-json\/wp\/v2\/media\/9754"}],"wp:attachment":[{"href":"https:\/\/olemosaic.com\/pt-pt\/wp-json\/wp\/v2\/media?parent=37682"}],"wp:term":[{"taxonomy":"product_brand","embeddable":true,"href":"https:\/\/olemosaic.com\/pt-pt\/wp-json\/wp\/v2\/product_brand?post=37682"},{"taxonomy":"product_cat","embeddable":true,"href":"https:\/\/olemosaic.com\/pt-pt\/wp-json\/wp\/v2\/product_cat?post=37682"},{"taxonomy":"product_tag","embeddable":true,"href":"https:\/\/olemosaic.com\/pt-pt\/wp-json\/wp\/v2\/product_tag?post=37682"}],"curies":[{"name":"wp","href":"https:\/\/api.w.org\/{rel}","templated":true}]}}