{"id":37678,"date":"2025-02-20T23:27:47","date_gmt":"2025-02-20T22:27:47","guid":{"rendered":"http:\/\/olemosaic.com\/producto\/mug-de-ceramica-panoramica-barcelona-beige\/"},"modified":"2025-07-25T18:42:39","modified_gmt":"2025-07-25T16:42:39","slug":"caneca-ceramica-panoramica-barcelona-bege","status":"publish","type":"product","link":"https:\/\/olemosaic.com\/pt-pt\/produto\/caneca-ceramica-panoramica-barcelona-bege\/","title":{"rendered":"Caneca de cer\u00e2mica. Panor\u00e2mica. Barcelona. Sagrada Fam\u00edlia e Park G\u00fcell. Bege."},"content":{"rendered":"<p>Descubra a magia de Barcelona com a nossa caneca de cer\u00e2mica exclusiva! Esta caneca elegante, num tom bege sofisticado, apresenta um design panor\u00e2mico vibrante que destaca a emblem\u00e1tica Sagrada Fam\u00edlia e os mosaicos coloridos do famoso Park G\u00fcell. A cer\u00e2mica de alta qualidade, al\u00e9m de ser dur\u00e1vel, oferece uma experi\u00eancia visual \u00fanica gra\u00e7as \u00e0 sua ilustra\u00e7\u00e3o detalhada, que captura a ess\u00eancia cultural da cidade. Na caneca, o texto distintivo &#8220;Barcelona&#8221; pode ser visto num estilo divertido, complementando a rica paleta de cores do design, evocando a criatividade e a energia da metr\u00f3pole catal\u00e3.<\/p>\n<p>O interior vermelho adiciona um toque de alegria, enquanto a colher inclu\u00edda, num tom vermelho delicado a condizer, n\u00e3o \u00e9 apenas pr\u00e1tica, mas tamb\u00e9m real\u00e7a o design geral. Esta caneca \u00e9 perfeita para desfrutar do seu caf\u00e9, ch\u00e1 ou qualquer bebida quente, tornando-se uma lembran\u00e7a ideal para quem procura levar para casa um peda\u00e7o da vibrante cultura de Barcelona. Na Ol\u00e9 Mosaic, somos especialistas na distribui\u00e7\u00e3o de lembran\u00e7as por grosso, e esta caneca de cer\u00e2mica \u00e9 uma excelente escolha para lojas de presentes tur\u00edsticos que procuram oferecer produtos aut\u00eanticos e representativos. Ofere\u00e7a ou receba um peda\u00e7o da hist\u00f3ria e da arte de Barcelona com esta caneca encantadora que, sem d\u00favida, deixar\u00e1 uma impress\u00e3o duradoura.<\/p>\n","protected":false},"excerpt":{"rendered":"<p>Caneca de cer\u00e2mica com design panor\u00e2mico de Barcelona, destacando a beleza da Sagrada Fam\u00edlia e elementos do Park G\u00fcell. A caneca, num tom bege elegante, apresenta um mosaico de cores vibrantes que captura a ess\u00eancia da cidade. Com a palavra &#8220;Barcelona&#8221; impressa num estilo divertido, este artigo inclui um interior vermelho e uma colher a condizer. Perfeita para desfrutar das suas bebidas enquanto evoca a arte e a arquitetura desta cidade emblem\u00e1tica.<\/p>\n","protected":false},"featured_media":6929,"template":"","meta":{"_acf_changed":false},"product_brand":[],"product_cat":[726],"product_tag":[515],"class_list":{"0":"post-37678","1":"product","2":"type-product","3":"status-publish","4":"has-post-thumbnail","6":"product_cat-mugs","7":"product_tag-ceramica","8":"pa_ciudad-barcelona","9":"pa_motivo-panoramas","10":"pa_pais-espana","12":"first","13":"instock","14":"shipping-taxable","15":"product-type-simple"},"acf":[],"_links":{"self":[{"href":"https:\/\/olemosaic.com\/pt-pt\/wp-json\/wp\/v2\/product\/37678","targetHints":{"allow":["GET"]}}],"collection":[{"href":"https:\/\/olemosaic.com\/pt-pt\/wp-json\/wp\/v2\/product"}],"about":[{"href":"https:\/\/olemosaic.com\/pt-pt\/wp-json\/wp\/v2\/types\/product"}],"wp:featuredmedia":[{"embeddable":true,"href":"https:\/\/olemosaic.com\/pt-pt\/wp-json\/wp\/v2\/media\/6929"}],"wp:attachment":[{"href":"https:\/\/olemosaic.com\/pt-pt\/wp-json\/wp\/v2\/media?parent=37678"}],"wp:term":[{"taxonomy":"product_brand","embeddable":true,"href":"https:\/\/olemosaic.com\/pt-pt\/wp-json\/wp\/v2\/product_brand?post=37678"},{"taxonomy":"product_cat","embeddable":true,"href":"https:\/\/olemosaic.com\/pt-pt\/wp-json\/wp\/v2\/product_cat?post=37678"},{"taxonomy":"product_tag","embeddable":true,"href":"https:\/\/olemosaic.com\/pt-pt\/wp-json\/wp\/v2\/product_tag?post=37678"}],"curies":[{"name":"wp","href":"https:\/\/api.w.org\/{rel}","templated":true}]}}