{"id":37677,"date":"2025-02-20T23:27:49","date_gmt":"2025-02-20T22:27:49","guid":{"rendered":"http:\/\/olemosaic.com\/producto\/bol-de-coco-rojo-isla-menorca\/"},"modified":"2025-07-25T18:42:34","modified_gmt":"2025-07-25T16:42:34","slug":"taca-coco-vermelha-ilha-menorca","status":"publish","type":"product","link":"https:\/\/olemosaic.com\/pt-pt\/produto\/taca-coco-vermelha-ilha-menorca\/","title":{"rendered":"Ta\u00e7a de coco vermelha. Ilha. Menorca."},"content":{"rendered":"<p>Ta\u00e7a de coco vermelha de Menorca<\/p>\n<p>Esta requintada ta\u00e7a de coco vermelha \u00e9 uma pe\u00e7a artesanal que capta a ess\u00eancia da bela ilha de Menorca. Decorada \u00e0 m\u00e3o com grande per\u00edcia, cada ta\u00e7a apresenta um design muito especial que combina tons de vermelho e branco, criando um contraste vibrante que real\u00e7a a sua beleza. O rebordo escuro emoldura subtilmente as cores brilhantes, acentuando a delicadeza do acabamento e a sua singularidade.<\/p>\n<p>No centro da ta\u00e7a, a silhueta de Menorca est\u00e1 impressa num castanho elegante, uma homenagem \u00e0 geografia desta ilha mediterr\u00e2nica que atrai turistas de todo o mundo. Esta representa\u00e7\u00e3o n\u00e3o s\u00f3 confere \u00e0 ta\u00e7a um car\u00e1cter distintivo, como tamb\u00e9m liga os viajantes ao rico patrim\u00f3nio cultural de Menorca, conhecida pela sua natureza, hist\u00f3ria e tradi\u00e7\u00f5es mediterr\u00e2nicas.<\/p>\n<p>Ideal tanto como elemento decorativo como para uso pr\u00e1tico, esta ta\u00e7a adapta-se perfeitamente a qualquer ambiente, adicionando um toque elegantemente mediterr\u00e2nico. \u00c9 um presente perfeito para quem procura uma recorda\u00e7\u00e3o aut\u00eantica e representativa de Menorca. Na Ol\u00e9 Mosaic, distribu\u00edmos recorda\u00e7\u00f5es de alta qualidade por grosso para lojas de presentes tur\u00edsticos, e esta ta\u00e7a de coco vermelha \u00e9 uma excelente escolha que combina arte, funcionalidade e tradi\u00e7\u00e3o, tornando-se uma mem\u00f3ria duradoura da ilha.<\/p>\n","protected":false},"excerpt":{"rendered":"<p>Ta\u00e7a de coco vermelha, feita \u00e0 m\u00e3o com um design \u00fanico inspirado na beleza de Menorca. Esta elegante ta\u00e7a apresenta um acabamento em tons de branco e vermelho, com um rebordo escuro que real\u00e7a o seu apelo. No centro, destaca-se a silhueta de Menorca, impressa numa subtil cor castanha. Perfeita como elemento decorativo ou utens\u00edlio pr\u00e1tico, adiciona um toque mediterr\u00e2nico a qualquer espa\u00e7o. Ideal para quem procura uma recorda\u00e7\u00e3o \u00fanica da ilha.<\/p>\n","protected":false},"featured_media":11898,"template":"","meta":{"_acf_changed":false},"product_brand":[],"product_cat":[513],"product_tag":[],"class_list":{"0":"post-37677","1":"product","2":"type-product","3":"status-publish","4":"has-post-thumbnail","6":"product_cat-bols","7":"pa_ciudad-menorca","8":"pa_motivo-ilhas","9":"pa_pais-espana","11":"first","12":"instock","13":"shipping-taxable","14":"product-type-simple"},"acf":[],"_links":{"self":[{"href":"https:\/\/olemosaic.com\/pt-pt\/wp-json\/wp\/v2\/product\/37677","targetHints":{"allow":["GET"]}}],"collection":[{"href":"https:\/\/olemosaic.com\/pt-pt\/wp-json\/wp\/v2\/product"}],"about":[{"href":"https:\/\/olemosaic.com\/pt-pt\/wp-json\/wp\/v2\/types\/product"}],"wp:featuredmedia":[{"embeddable":true,"href":"https:\/\/olemosaic.com\/pt-pt\/wp-json\/wp\/v2\/media\/11898"}],"wp:attachment":[{"href":"https:\/\/olemosaic.com\/pt-pt\/wp-json\/wp\/v2\/media?parent=37677"}],"wp:term":[{"taxonomy":"product_brand","embeddable":true,"href":"https:\/\/olemosaic.com\/pt-pt\/wp-json\/wp\/v2\/product_brand?post=37677"},{"taxonomy":"product_cat","embeddable":true,"href":"https:\/\/olemosaic.com\/pt-pt\/wp-json\/wp\/v2\/product_cat?post=37677"},{"taxonomy":"product_tag","embeddable":true,"href":"https:\/\/olemosaic.com\/pt-pt\/wp-json\/wp\/v2\/product_tag?post=37677"}],"curies":[{"name":"wp","href":"https:\/\/api.w.org\/{rel}","templated":true}]}}