{"id":37674,"date":"2025-02-20T23:27:47","date_gmt":"2025-02-20T22:27:47","guid":{"rendered":"http:\/\/olemosaic.com\/producto\/mug-de-ceramica-barcelona-blanco-95-cm\/"},"modified":"2025-07-25T18:33:18","modified_gmt":"2025-07-25T16:33:18","slug":"caneca-ceramica-barcelona-branca-9-5-cm","status":"publish","type":"product","link":"https:\/\/olemosaic.com\/pt-pt\/produto\/caneca-ceramica-barcelona-branca-9-5-cm\/","title":{"rendered":"Caneca de cer\u00e2mica. Barcelona. Branca. 9,5 cm."},"content":{"rendered":"<p>Descubra a magia de Barcelona com a nossa magn\u00edfica caneca de cer\u00e2mica! Esta caneca encantadora, com um design vibrante, capta a ess\u00eancia da cidade atrav\u00e9s dos seus monumentos ic\u00f3nicos. Com um tamanho pr\u00e1tico de 9,5 cm, a sua base branca destaca um mosaico colorido que inclui a fascinante escultura do drag\u00e3o do Park G\u00fcell, a emblem\u00e1tica coluna de Crist\u00f3v\u00e3o Colombo e a majestosa Sagrada Fam\u00edlia. Cada detalhe \u00e9 iluminado com tons brilhantes de vermelho, azul e amarelo, transformando esta caneca num verdadeiro tributo \u00e0 criatividade arquitet\u00f3nica de Barcelona.<\/p>\n<p>A caneca n\u00e3o \u00e9 apenas um objeto funcional, ideal para desfrutar das suas bebidas favoritas, mas tamb\u00e9m uma recorda\u00e7\u00e3o representativa da rica cultura e hist\u00f3ria da cidade. Ao tomar um gole, ser\u00e1 transportado para as ruas vibrantes de Barcelona, sentindo a inspira\u00e7\u00e3o de Gaud\u00ed e a energia do seu povo. Esta recorda\u00e7\u00e3o \u00e9 perfeita para turistas que procuram um toque aut\u00eantico da cidade e torna-a um presente ideal para amigos e familiares.<\/p>\n<p>Na Ol\u00e9 Mosaic, orgulhamo-nos de oferecer recorda\u00e7\u00f5es de cer\u00e2mica que refletem a autenticidade e tradi\u00e7\u00e3o de Espanha. Como grossistas de canecas, garantimos qualidade e beleza em cada pe\u00e7a, tornando esta caneca de Barcelona uma excelente escolha para lojas de presentes tur\u00edsticos. Fa\u00e7a da sua experi\u00eancia uma mem\u00f3ria inesquec\u00edvel!<\/p>\n","protected":false},"excerpt":{"rendered":"<p>Caneca de cer\u00e2mica com um design vibrante que representa os monumentos mais emblem\u00e1ticos de Barcelona. Com 9,5 cm de altura, esta caneca branca apresenta um mosaico colorido que inclui elementos ic\u00f3nicos como a escultura do drag\u00e3o do Park G\u00fcell, a coluna de Crist\u00f3v\u00e3o Colombo e a Sagrada Fam\u00edlia, tudo iluminado com detalhes em vermelho, azul e amarelo. Perfeita para desfrutar das suas bebidas favoritas enquanto \u00e9 transportado para a ess\u00eancia da capital catal\u00e3.<\/p>\n","protected":false},"featured_media":9499,"template":"","meta":{"_acf_changed":false},"product_brand":[],"product_cat":[726],"product_tag":[515],"class_list":{"0":"post-37674","1":"product","2":"type-product","3":"status-publish","4":"has-post-thumbnail","6":"product_cat-mugs","7":"product_tag-ceramica","8":"pa_ciudad-barcelona","9":"pa_pais-espana","11":"first","12":"instock","13":"shipping-taxable","14":"product-type-simple"},"acf":[],"_links":{"self":[{"href":"https:\/\/olemosaic.com\/pt-pt\/wp-json\/wp\/v2\/product\/37674","targetHints":{"allow":["GET"]}}],"collection":[{"href":"https:\/\/olemosaic.com\/pt-pt\/wp-json\/wp\/v2\/product"}],"about":[{"href":"https:\/\/olemosaic.com\/pt-pt\/wp-json\/wp\/v2\/types\/product"}],"wp:featuredmedia":[{"embeddable":true,"href":"https:\/\/olemosaic.com\/pt-pt\/wp-json\/wp\/v2\/media\/9499"}],"wp:attachment":[{"href":"https:\/\/olemosaic.com\/pt-pt\/wp-json\/wp\/v2\/media?parent=37674"}],"wp:term":[{"taxonomy":"product_brand","embeddable":true,"href":"https:\/\/olemosaic.com\/pt-pt\/wp-json\/wp\/v2\/product_brand?post=37674"},{"taxonomy":"product_cat","embeddable":true,"href":"https:\/\/olemosaic.com\/pt-pt\/wp-json\/wp\/v2\/product_cat?post=37674"},{"taxonomy":"product_tag","embeddable":true,"href":"https:\/\/olemosaic.com\/pt-pt\/wp-json\/wp\/v2\/product_tag?post=37674"}],"curies":[{"name":"wp","href":"https:\/\/api.w.org\/{rel}","templated":true}]}}