{"id":37671,"date":"2025-02-20T23:32:03","date_gmt":"2025-02-20T22:32:03","guid":{"rendered":"https:\/\/olemosaic.com\/producto\/aimant-en-ceramique-salamandre-et-fleurs-mosaique-barcelone-fond-blanc\/"},"modified":"2025-02-20T23:32:03","modified_gmt":"2025-02-20T22:32:03","slug":"iman-ceramica-salamandra-e-flores-mosaico-barcelona-fundo-branco-2","status":"publish","type":"product","link":"https:\/\/olemosaic.com\/pt-pt\/produto\/iman-ceramica-salamandra-e-flores-mosaico-barcelona-fundo-branco-2\/","title":{"rendered":"\u00cdman de cer\u00e2mica. Salamandra e flores. Mosaico. Barcelona. Fundo branco."},"content":{"rendered":"<p>Este \u00edman de cer\u00e2mica, com o seu design alongado, \u00e9 uma representa\u00e7\u00e3o vibrante da riqueza art\u00edstica e cultural de Barcelona. Decorado com uma salamandra colorida e flores delicadas, esta lembran\u00e7a evoca a t\u00e9cnica ic\u00f3nica do mosaico que carateriza as obras do famoso arquiteto Antoni Gaud\u00ed. A base branca do \u00edman permite que as cores vivas &#8211; verde, vermelho, amarelo, azul e preto &#8211; se destaquem de forma espetacular, simbolizando a biodiversidade e a criatividade que inunda Barcelona. Fabricada segundo a t\u00e9cnica de pintura \u00e0 m\u00e3o, cada pe\u00e7a \u00e9 \u00fanica, o que lhe permite levar para casa um elemento aut\u00eantico da cultura barcelonesa.   <\/p>\n<p>Com a inscri\u00e7\u00e3o &#8220;Barcelona&#8221; no design, este \u00edman n\u00e3o \u00e9 apenas uma recorda\u00e7\u00e3o funcional que manter\u00e1 as suas notas e fotos no lugar, mas serve tamb\u00e9m como uma pe\u00e7a decorativa que recorda os mosaicos vibrantes do Park G\u00fcell. Ideal para os turistas que procuram recorda\u00e7\u00f5es que representem a ess\u00eancia desta cidade emblem\u00e1tica, este \u00edman de cer\u00e2mica \u00e9 uma excelente escolha para as lojas de presentes tur\u00edsticos que apreciam a autenticidade e o artesanato. Na Ol\u00e9 Mosaic, somos especialistas na distribui\u00e7\u00e3o por grosso de recorda\u00e7\u00f5es em cer\u00e2mica, assegurando que cada pe\u00e7a reflete a riqueza cultural da sua origem e se torna uma recorda\u00e7\u00e3o preciosa para todos os que a compram.  <\/p>\n","protected":false},"excerpt":{"rendered":"<p>\u00cdman alongado em cer\u00e2mica, decorado com uma salamandra vibrante e flores delicadas, inspirado no estilo mosaico de Barcelona. Este produto, sobre fundo branco, distingue-se pelas suas cores vivas: verde, vermelho, amarelo, azul e preto, que representam a biodiversidade e a arte da cidade. Fabricado \u00e0 m\u00e3o, \u00e9 uma recorda\u00e7\u00e3o atraente que evoca a ess\u00eancia cultural e art\u00edstica de Barcelona.  <\/p>\n","protected":false},"featured_media":8093,"template":"","meta":{"_acf_changed":false},"product_brand":[],"product_cat":[699],"product_tag":[516,515],"class_list":{"0":"post-37671","1":"product","2":"type-product","3":"status-publish","4":"has-post-thumbnail","6":"product_cat-imanes","7":"product_tag-animais","8":"product_tag-ceramica","9":"pa_ciudad-barcelona","10":"pa_motivo-salamandras","11":"pa_pais-espana","13":"first","14":"instock","15":"shipping-taxable","16":"product-type-simple"},"acf":[],"_links":{"self":[{"href":"https:\/\/olemosaic.com\/pt-pt\/wp-json\/wp\/v2\/product\/37671","targetHints":{"allow":["GET"]}}],"collection":[{"href":"https:\/\/olemosaic.com\/pt-pt\/wp-json\/wp\/v2\/product"}],"about":[{"href":"https:\/\/olemosaic.com\/pt-pt\/wp-json\/wp\/v2\/types\/product"}],"wp:featuredmedia":[{"embeddable":true,"href":"https:\/\/olemosaic.com\/pt-pt\/wp-json\/wp\/v2\/media\/8093"}],"wp:attachment":[{"href":"https:\/\/olemosaic.com\/pt-pt\/wp-json\/wp\/v2\/media?parent=37671"}],"wp:term":[{"taxonomy":"product_brand","embeddable":true,"href":"https:\/\/olemosaic.com\/pt-pt\/wp-json\/wp\/v2\/product_brand?post=37671"},{"taxonomy":"product_cat","embeddable":true,"href":"https:\/\/olemosaic.com\/pt-pt\/wp-json\/wp\/v2\/product_cat?post=37671"},{"taxonomy":"product_tag","embeddable":true,"href":"https:\/\/olemosaic.com\/pt-pt\/wp-json\/wp\/v2\/product_tag?post=37671"}],"curies":[{"name":"wp","href":"https:\/\/api.w.org\/{rel}","templated":true}]}}