{"id":37662,"date":"2025-02-20T22:38:36","date_gmt":"2025-02-20T22:38:36","guid":{"rendered":"http:\/\/olemosaic.com\/producto\/cucharon-de-ceramica-toros-madrid-blanco\/"},"modified":"2025-07-25T19:45:19","modified_gmt":"2025-07-25T17:45:19","slug":"concha-de-ceramica-touros-madrid-branco","status":"publish","type":"product","link":"https:\/\/olemosaic.com\/pt-pt\/produto\/concha-de-ceramica-touros-madrid-branco\/","title":{"rendered":"Concha de cer\u00e2mica. Touros. Madrid. Branco"},"content":{"rendered":"<p>Esta concha de cer\u00e2mica, decorada com um vibrante design de touros, \u00e9 uma aut\u00eantica homenagem \u00e0 cultura madrilena, ideal para quem procura uma recorda\u00e7\u00e3o representativa e funcional. Com um fundo branco brilhante, a sua superf\u00edcie est\u00e1 adornada com coloridos mosaicos que retratam um touro estilizado numa gama de tons verdes e vermelhos, rodeado de motivos florais que evocam a rica tradi\u00e7\u00e3o espanhola. A palavra &#8220;MADRID&#8221; sobressai com um design atrativo que acrescenta um toque pessoal \u00e0 pe\u00e7a.<\/p>\n<p>A concha n\u00e3o s\u00f3 se destaca como utens\u00edlio de cozinha, mas tamb\u00e9m \u00e9 uma obra de arte que capta a ess\u00eancia das festividades madrilenas e do folclore que rodeia a emblem\u00e1tica figura do touro. Este elemento \u00e9 uma recorda\u00e7\u00e3o do famoso Festival de San Isidro, uma celebra\u00e7\u00e3o que honra a tradi\u00e7\u00e3o taurina e a cultura local, tornando-o o presente perfeito para quem deseja levar um peda\u00e7o de Madrid para casa.<\/p>\n<p>Na Ol\u00e9 Mosaic, especializamo-nos na distribui\u00e7\u00e3o de lembran\u00e7as por grosso, e esta concha de cer\u00e2mica \u00e9 uma excelente op\u00e7\u00e3o para lojas de presentes tur\u00edsticos que procurem produtos aut\u00eanticos e representativos. Dar um toque de Espanha \u00e0 cozinha nunca foi t\u00e3o f\u00e1cil e elegante, tornando esta concha uma escolha obrigat\u00f3ria para quem valoriza a tradi\u00e7\u00e3o e o artesanato das recorda\u00e7\u00f5es madrilenas.<\/p>\n","protected":false},"excerpt":{"rendered":"<p>Concha de cer\u00e2mica decorada com um vibrante design taurino, emblema da cultura madrilena. Este utens\u00edlio apresenta um fundo branco ornamentado com coloridos mosaicos que representam um touro estilizado em tons verdes e vermelhos, juntamente com motivos florais que evocam a tradi\u00e7\u00e3o espanhola. Com a palavra &#8220;MADRID&#8221; real\u00e7ada, \u00e9 uma pe\u00e7a funcional e art\u00edstica que capta a ess\u00eancia da festa e do folclore da capital. Ideal para adicionar um toque espanhol \u00e0 sua cozinha.<\/p>\n","protected":false},"featured_media":8604,"template":"","meta":{"_acf_changed":false},"product_brand":[],"product_cat":[804],"product_tag":[516,515],"class_list":{"0":"post-37662","1":"product","2":"type-product","3":"status-publish","4":"has-post-thumbnail","6":"product_cat-conchas","7":"product_tag-animais","8":"product_tag-ceramica","9":"pa_ciudad-madrid","10":"pa_motivo-touros","11":"pa_pais-espana","13":"first","14":"instock","15":"shipping-taxable","16":"product-type-simple"},"acf":[],"_links":{"self":[{"href":"https:\/\/olemosaic.com\/pt-pt\/wp-json\/wp\/v2\/product\/37662","targetHints":{"allow":["GET"]}}],"collection":[{"href":"https:\/\/olemosaic.com\/pt-pt\/wp-json\/wp\/v2\/product"}],"about":[{"href":"https:\/\/olemosaic.com\/pt-pt\/wp-json\/wp\/v2\/types\/product"}],"wp:featuredmedia":[{"embeddable":true,"href":"https:\/\/olemosaic.com\/pt-pt\/wp-json\/wp\/v2\/media\/8604"}],"wp:attachment":[{"href":"https:\/\/olemosaic.com\/pt-pt\/wp-json\/wp\/v2\/media?parent=37662"}],"wp:term":[{"taxonomy":"product_brand","embeddable":true,"href":"https:\/\/olemosaic.com\/pt-pt\/wp-json\/wp\/v2\/product_brand?post=37662"},{"taxonomy":"product_cat","embeddable":true,"href":"https:\/\/olemosaic.com\/pt-pt\/wp-json\/wp\/v2\/product_cat?post=37662"},{"taxonomy":"product_tag","embeddable":true,"href":"https:\/\/olemosaic.com\/pt-pt\/wp-json\/wp\/v2\/product_tag?post=37662"}],"curies":[{"name":"wp","href":"https:\/\/api.w.org\/{rel}","templated":true}]}}