{"id":37661,"date":"2025-02-20T23:38:36","date_gmt":"2025-02-20T22:38:36","guid":{"rendered":"http:\/\/olemosaic.com\/producto\/plato-de-ceramica-toros-madrid-blanco\/"},"modified":"2025-07-25T19:35:36","modified_gmt":"2025-07-25T17:35:36","slug":"prato-de-ceramica-touros-madrid-branco","status":"publish","type":"product","link":"https:\/\/olemosaic.com\/pt-pt\/produto\/prato-de-ceramica-touros-madrid-branco\/","title":{"rendered":"Prato de cer\u00e2mica. Touros. Madrid. Branco."},"content":{"rendered":"<p>Este prato de cer\u00e2mica decorativo, inspirado na rica cultura madrilena, \u00e9 uma pe\u00e7a \u00fanica que capta a ess\u00eancia da tradi\u00e7\u00e3o espanhola. Apresenta um vibrante design central que destaca um touro, emblema da tauromaquia e s\u00edmbolo ic\u00f3nico da cidade, rodeado de motivos florais numa explos\u00e3o de cores vermelho, azul e verde. A sua base branca, combinada com um acabamento de mosaico, proporciona um aspeto aut\u00eantico e distintivo, o que converte este prato numa recorda\u00e7\u00e3o ideal da capital espanhola.<\/p>\n<p>O design do prato \u00e9 um reflexo fiel da arte popular madrilena, com a representa\u00e7\u00e3o do touro como mostra da paix\u00e3o e do fervor que caracterizam Madrid. O texto &#8220;MADRID&#8221; est\u00e1 elegantemente impresso, assegurando que este souvenir seja n\u00e3o s\u00f3 decorativo, mas tamb\u00e9m uma recorda\u00e7\u00e3o significativa da visita a esta vibrante metr\u00f3pole.<\/p>\n<p>Este prato de cer\u00e2mica n\u00e3o s\u00f3 embeleza qualquer casa, como tamb\u00e9m representa um v\u00ednculo cultural com as tradi\u00e7\u00f5es mais enraizadas de Espanha, tornando-se uma excelente op\u00e7\u00e3o para turistas e amantes da cultura. Na Ol\u00e9 Mosaic, como grossista de lembran\u00e7as aut\u00eanticas, garantimos um produto de alta qualidade que complementar\u00e1 na perfei\u00e7\u00e3o a oferta das lojas de presentes tur\u00edsticos que procuram artigos representativos de Madrid.<\/p>\n","protected":false},"excerpt":{"rendered":"<p>Prato de cer\u00e2mica decorativo, inspirado na rica cultura madrilena, que apresenta um vibrante design com um touro, emblema da tradi\u00e7\u00e3o espanhola, rodeado de motivos florais em vermelho, azul e verde. A cer\u00e2mica, com design artesanal e pintada \u00e0 m\u00e3o, exibe um acabamento em tons brancos e detalhes de mosaico, o que lhe confere um aspeto aut\u00eantico e distintivo. O texto \u00abMADRID\u00bb est\u00e1 elegantemente impresso, tornando este prato uma recorda\u00e7\u00e3o perfeita da capital espanhola.<\/p>\n","protected":false},"featured_media":8602,"template":"","meta":{"_acf_changed":false},"product_brand":[],"product_cat":[629],"product_tag":[516,515],"class_list":{"0":"post-37661","1":"product","2":"type-product","3":"status-publish","4":"has-post-thumbnail","6":"product_cat-pratos-decorativos","7":"product_tag-animais","8":"product_tag-ceramica","9":"pa_ciudad-madrid","10":"pa_motivo-touros","11":"pa_pais-espana","13":"first","14":"instock","15":"shipping-taxable","16":"product-type-simple"},"acf":[],"_links":{"self":[{"href":"https:\/\/olemosaic.com\/pt-pt\/wp-json\/wp\/v2\/product\/37661","targetHints":{"allow":["GET"]}}],"collection":[{"href":"https:\/\/olemosaic.com\/pt-pt\/wp-json\/wp\/v2\/product"}],"about":[{"href":"https:\/\/olemosaic.com\/pt-pt\/wp-json\/wp\/v2\/types\/product"}],"wp:featuredmedia":[{"embeddable":true,"href":"https:\/\/olemosaic.com\/pt-pt\/wp-json\/wp\/v2\/media\/8602"}],"wp:attachment":[{"href":"https:\/\/olemosaic.com\/pt-pt\/wp-json\/wp\/v2\/media?parent=37661"}],"wp:term":[{"taxonomy":"product_brand","embeddable":true,"href":"https:\/\/olemosaic.com\/pt-pt\/wp-json\/wp\/v2\/product_brand?post=37661"},{"taxonomy":"product_cat","embeddable":true,"href":"https:\/\/olemosaic.com\/pt-pt\/wp-json\/wp\/v2\/product_cat?post=37661"},{"taxonomy":"product_tag","embeddable":true,"href":"https:\/\/olemosaic.com\/pt-pt\/wp-json\/wp\/v2\/product_tag?post=37661"}],"curies":[{"name":"wp","href":"https:\/\/api.w.org\/{rel}","templated":true}]}}