{"id":37660,"date":"2025-02-20T23:38:36","date_gmt":"2025-02-20T22:38:36","guid":{"rendered":"http:\/\/olemosaic.com\/producto\/plato-de-ceramica-de-15-cm-toros-madrid-blanco\/"},"modified":"2025-07-25T18:53:18","modified_gmt":"2025-07-25T16:53:18","slug":"prato-de-ceramica-de-15-cm-touros-madrid-branco","status":"publish","type":"product","link":"https:\/\/olemosaic.com\/pt-pt\/produto\/prato-de-ceramica-de-15-cm-touros-madrid-branco\/","title":{"rendered":"Prato de cer\u00e2mica de 15 cm. Touros. Madrid. Branco."},"content":{"rendered":"<p>Prato de cer\u00e2mica de tauromaquia de 15 cm, ideal para os amantes da cultura espanhola. Este vibrante prato, inspirado na emblem\u00e1tica tauromaquia madrilena, apresenta uma colorida ilustra\u00e7\u00e3o de dois touros: um em tons vermelhos e outro em verdes, ambos rodeados de exuberantes motivos florais. O fundo branco, que evoca a t\u00e9cnica do mosaico, proporciona um contraste perfeito, real\u00e7ando a intensidade das cores e os detalhes de cada figura. Na parte superior, a palavra &#8220;MADRID&#8221; est\u00e1 elegantemente inscrita, convertendo este prato num aut\u00eantico souvenir que celebra a rica tradi\u00e7\u00e3o cultural da capital espanhola.<\/p>\n<p>A t\u00e9cnica de pintura \u00e0 m\u00e3o assegura que cada prato seja \u00fanico, com um acabamento que se destaca pela sua qualidade artesanal. Este artigo n\u00e3o serve apenas como complemento decorativo, mas tamb\u00e9m como um s\u00edmbolo representativo das festas populares e da identidade cultural de Espanha. Perfeito para exibir em qualquer casa, este prato de cer\u00e2mica \u00e9 uma excelente op\u00e7\u00e3o para turistas que procuram uma recorda\u00e7\u00e3o aut\u00eantica e significativa da sua visita a Madrid. Na Ol\u00e9 Mosaic, somos distribuidores de lembran\u00e7as por grosso e oferecemos produtos que captam a ess\u00eancia de cada regi\u00e3o, sendo este prato uma magn\u00edfica escolha para lojas de presentes tur\u00edsticos que desejem oferecer artigos aut\u00eanticos e de grande valor cultural.<\/p>\n","protected":false},"excerpt":{"rendered":"<p>Prato de cer\u00e2mica de 15 cm, inspirado na emblem\u00e1tica tauromaquia madrilena. Este vibrante prato apresenta uma colorida ilustra\u00e7\u00e3o de dois touros, um em tons vermelhos e outro em verdes, rodeados de motivos florais sobre um fundo branco com design de mosaico. Com a palavra &#8220;MADRID&#8221; elegantemente inscrita, este artigo \u00e9 ideal para decorar ou como uma aut\u00eantica recorda\u00e7\u00e3o da cultura espanhola. A sua t\u00e9cnica de design artesanal, pintado \u00e0 m\u00e3o, sobressai em cada detalhe.<\/p>\n","protected":false},"featured_media":8601,"template":"","meta":{"_acf_changed":false},"product_brand":[],"product_cat":[629],"product_tag":[516,515],"class_list":{"0":"post-37660","1":"product","2":"type-product","3":"status-publish","4":"has-post-thumbnail","6":"product_cat-pratos-decorativos","7":"product_tag-animais","8":"product_tag-ceramica","9":"pa_ciudad-madrid","10":"pa_motivo-touros","11":"pa_pais-espana","13":"first","14":"instock","15":"shipping-taxable","16":"product-type-simple"},"acf":[],"_links":{"self":[{"href":"https:\/\/olemosaic.com\/pt-pt\/wp-json\/wp\/v2\/product\/37660","targetHints":{"allow":["GET"]}}],"collection":[{"href":"https:\/\/olemosaic.com\/pt-pt\/wp-json\/wp\/v2\/product"}],"about":[{"href":"https:\/\/olemosaic.com\/pt-pt\/wp-json\/wp\/v2\/types\/product"}],"wp:featuredmedia":[{"embeddable":true,"href":"https:\/\/olemosaic.com\/pt-pt\/wp-json\/wp\/v2\/media\/8601"}],"wp:attachment":[{"href":"https:\/\/olemosaic.com\/pt-pt\/wp-json\/wp\/v2\/media?parent=37660"}],"wp:term":[{"taxonomy":"product_brand","embeddable":true,"href":"https:\/\/olemosaic.com\/pt-pt\/wp-json\/wp\/v2\/product_brand?post=37660"},{"taxonomy":"product_cat","embeddable":true,"href":"https:\/\/olemosaic.com\/pt-pt\/wp-json\/wp\/v2\/product_cat?post=37660"},{"taxonomy":"product_tag","embeddable":true,"href":"https:\/\/olemosaic.com\/pt-pt\/wp-json\/wp\/v2\/product_tag?post=37660"}],"curies":[{"name":"wp","href":"https:\/\/api.w.org\/{rel}","templated":true}]}}