{"id":37659,"date":"2025-02-20T23:38:36","date_gmt":"2025-02-20T22:38:36","guid":{"rendered":"http:\/\/olemosaic.com\/producto\/cenicero-de-ceramica-de-9-cm-toros-madrid-blanco\/"},"modified":"2025-07-25T20:35:22","modified_gmt":"2025-07-25T18:35:22","slug":"cinzeiro-de-ceramica-de-9-cm-touros-madrid-branco","status":"publish","type":"product","link":"https:\/\/olemosaic.com\/pt-pt\/produto\/cinzeiro-de-ceramica-de-9-cm-touros-madrid-branco\/","title":{"rendered":"Cinzeiro de cer\u00e2mica de 9 cm. Touros. Madrid. Branco"},"content":{"rendered":"<p>Este cinzeiro de cer\u00e2mica de 9 cm \u00e9 uma verdadeira homenagem \u00e0 rica tradi\u00e7\u00e3o taurom\u00e1quica de Madrid, fundindo funcionalidade e arte. O seu design branco e brilhante real\u00e7a um vibrante mosaico decorativo que evoca as cores e a energia das pra\u00e7as de touros. Na parte superior, destaca-se um toureiro em a\u00e7\u00e3o e um majestoso touro, ambos cuidadosamente pintados, que captam o dinamismo das touradas, um s\u00edmbolo cultural da regi\u00e3o. O detalhe da inscri\u00e7\u00e3o &#8220;MADRID&#8221;, num estilo que complementa a obra art\u00edstica, sublinha a sua liga\u00e7\u00e3o com a capital espanhola.<\/p>\n<p>A base do cinzeiro inclui um belo design floral que adiciona um toque de eleg\u00e2ncia, fazendo desta pe\u00e7a n\u00e3o apenas um utens\u00edlio pr\u00e1tico, mas tamb\u00e9m uma obra de arte que decora qualquer espa\u00e7o. A sua forma arredondada e polida torna-o num elemento que, al\u00e9m de ser \u00fatil, confere um ar sofisticado e aut\u00eantico.<\/p>\n<p>Este cinzeiro \u00e9 uma recorda\u00e7\u00e3o ideal para turistas que procuram levar um peda\u00e7o da cultura madrilena. Na Ol\u00e9 Mosaic, como distribuidor de recorda\u00e7\u00f5es de cer\u00e2mica por grosso, oferecemos produtos que refletem a ess\u00eancia do patrim\u00f3nio espanhol, perfeitos para lojas de presentes tur\u00edsticos. Sem d\u00favida, uma recorda\u00e7\u00e3o representativa que combina tradi\u00e7\u00e3o, arte e uso quotidiano, tornando-o uma escolha excecional para recordar a sua passagem por Madrid.<\/p>\n","protected":false},"excerpt":{"rendered":"<p>Cinzeiro de cer\u00e2mica de 9 cm, decorado com motivos taurom\u00e1quicos que representam a rica tradi\u00e7\u00e3o de Madrid. Este atraente cinzeiro branco apresenta um design colorido com mosaicos e detalhes florais na base, juntamente com a inscri\u00e7\u00e3o &#8220;MADRID&#8221;. O seu acabamento brilhante e a sua forma arredondada tornam-no num objeto pr\u00e1tico e elegante, ideal para adicionar um toque cultural e aut\u00eantico a qualquer espa\u00e7o.<\/p>\n","protected":false},"featured_media":8599,"template":"","meta":{"_acf_changed":false},"product_brand":[],"product_cat":[564],"product_tag":[516,515],"class_list":{"0":"post-37659","1":"product","2":"type-product","3":"status-publish","4":"has-post-thumbnail","6":"product_cat-cinzeiros","7":"product_tag-animais","8":"product_tag-ceramica","9":"pa_ciudad-madrid","10":"pa_motivo-touros","11":"pa_pais-espana","13":"first","14":"instock","15":"shipping-taxable","16":"product-type-simple"},"acf":[],"_links":{"self":[{"href":"https:\/\/olemosaic.com\/pt-pt\/wp-json\/wp\/v2\/product\/37659","targetHints":{"allow":["GET"]}}],"collection":[{"href":"https:\/\/olemosaic.com\/pt-pt\/wp-json\/wp\/v2\/product"}],"about":[{"href":"https:\/\/olemosaic.com\/pt-pt\/wp-json\/wp\/v2\/types\/product"}],"wp:featuredmedia":[{"embeddable":true,"href":"https:\/\/olemosaic.com\/pt-pt\/wp-json\/wp\/v2\/media\/8599"}],"wp:attachment":[{"href":"https:\/\/olemosaic.com\/pt-pt\/wp-json\/wp\/v2\/media?parent=37659"}],"wp:term":[{"taxonomy":"product_brand","embeddable":true,"href":"https:\/\/olemosaic.com\/pt-pt\/wp-json\/wp\/v2\/product_brand?post=37659"},{"taxonomy":"product_cat","embeddable":true,"href":"https:\/\/olemosaic.com\/pt-pt\/wp-json\/wp\/v2\/product_cat?post=37659"},{"taxonomy":"product_tag","embeddable":true,"href":"https:\/\/olemosaic.com\/pt-pt\/wp-json\/wp\/v2\/product_tag?post=37659"}],"curies":[{"name":"wp","href":"https:\/\/api.w.org\/{rel}","templated":true}]}}