{"id":37653,"date":"2025-02-20T23:38:34","date_gmt":"2025-02-20T22:38:34","guid":{"rendered":"http:\/\/olemosaic.com\/producto\/vaso-de-chupito-de-ceramica-sardinas-blanco\/"},"modified":"2025-07-25T19:51:51","modified_gmt":"2025-07-25T17:51:51","slug":"copo-de-shot-de-ceramica-sardinhas-branco","status":"publish","type":"product","link":"https:\/\/olemosaic.com\/pt-pt\/produto\/copo-de-shot-de-ceramica-sardinhas-branco\/","title":{"rendered":"Copo de shot de cer\u00e2mica. Sardinhas. Branco."},"content":{"rendered":"<p>Este copo de shot de cer\u00e2mica pintado \u00e0 m\u00e3o \u00e9 um souvenir vibrante e colorido que capta a ess\u00eancia do estilo mediterr\u00e2nico. Decorado com um alegre design de sardinhas em tons de vermelho, verde, amarelo e azul, o copo apresenta um fundo branco adornado com padr\u00f5es azulados que evocam os azulejos tradicionais espanh\u00f3is, conferindo um toque aut\u00eantico e festivo a qualquer ocasi\u00e3o. Cada sardinha parece nadar alegremente ao redor do copo, criando uma imagem din\u00e2mica e cheia de vida que reflete a rica cultura costeira da regi\u00e3o. Al\u00e9m disso, o seu interior laranja vibrante adiciona um contraste espetacular, tornando-o um objeto atraente tanto para o uso di\u00e1rio como para exibi\u00e7\u00e3o decorativa.<\/p>\n<p>Este copo n\u00e3o \u00e9 apenas um utens\u00edlio para desfrutar das suas bebidas favoritas, mas tamb\u00e9m simboliza a liga\u00e7\u00e3o ao mar e \u00e0 gastronomia que define a vida nas localidades costeiras. Como uma aut\u00eantica recorda\u00e7\u00e3o cultural de Espanha, este copo de shot \u00e9 perfeito para turistas que procuram levar consigo um peda\u00e7o da alegria e da tradi\u00e7\u00e3o mediterr\u00e2nica. Na Ol\u00e9 Mosaic, somos distribuidores de souvenirs de cer\u00e2mica por grosso, oferecendo produtos que real\u00e7am a identidade cultural e o sabor local. Este copo de sardinhas \u00e9 uma excelente op\u00e7\u00e3o para lojas de presentes tur\u00edsticos que procuram artigos \u00fanicos e representativos da regi\u00e3o.<\/p>\n","protected":false},"excerpt":{"rendered":"<p>Copo de shot de cer\u00e2mica com design artesanal, pintado \u00e0 m\u00e3o, decorado com coloridas sardinhas num estilo mediterr\u00e2nico vibrante. Este copo original, com o fundo branco adornado com padr\u00f5es azulados que recordam os azulejos tradicionais, apresenta sardinhas em tons de vermelho, verde, amarelo e azul, nadando alegremente ao redor. O seu interior, de um laranja vibrante, torna-o uma recorda\u00e7\u00e3o atraente que capta a ess\u00eancia do mar e da cultura costeira. Ideal para desfrutar das suas bebidas com um toque aut\u00eantico.<\/p>\n","protected":false},"featured_media":8926,"template":"","meta":{"_acf_changed":false},"product_brand":[],"product_cat":[815],"product_tag":[516,515],"class_list":{"0":"post-37653","1":"product","2":"type-product","3":"status-publish","4":"has-post-thumbnail","6":"product_cat-copos-de-shot","7":"product_tag-animais","8":"product_tag-ceramica","9":"pa_motivo-sardinhas","11":"first","12":"instock","13":"shipping-taxable","14":"product-type-simple"},"acf":[],"_links":{"self":[{"href":"https:\/\/olemosaic.com\/pt-pt\/wp-json\/wp\/v2\/product\/37653","targetHints":{"allow":["GET"]}}],"collection":[{"href":"https:\/\/olemosaic.com\/pt-pt\/wp-json\/wp\/v2\/product"}],"about":[{"href":"https:\/\/olemosaic.com\/pt-pt\/wp-json\/wp\/v2\/types\/product"}],"wp:featuredmedia":[{"embeddable":true,"href":"https:\/\/olemosaic.com\/pt-pt\/wp-json\/wp\/v2\/media\/8926"}],"wp:attachment":[{"href":"https:\/\/olemosaic.com\/pt-pt\/wp-json\/wp\/v2\/media?parent=37653"}],"wp:term":[{"taxonomy":"product_brand","embeddable":true,"href":"https:\/\/olemosaic.com\/pt-pt\/wp-json\/wp\/v2\/product_brand?post=37653"},{"taxonomy":"product_cat","embeddable":true,"href":"https:\/\/olemosaic.com\/pt-pt\/wp-json\/wp\/v2\/product_cat?post=37653"},{"taxonomy":"product_tag","embeddable":true,"href":"https:\/\/olemosaic.com\/pt-pt\/wp-json\/wp\/v2\/product_tag?post=37653"}],"curies":[{"name":"wp","href":"https:\/\/api.w.org\/{rel}","templated":true}]}}