{"id":37646,"date":"2025-02-20T22:38:33","date_gmt":"2025-02-20T22:38:33","guid":{"rendered":"http:\/\/olemosaic.com\/producto\/4-bols-de-coco-de-13-x-6-cm-flecha-camino-de-santiago\/"},"modified":"2025-07-25T19:35:31","modified_gmt":"2025-07-25T17:35:31","slug":"4-tacas-de-coco-de-13-x-6-cm-seta-caminho-de-santiago","status":"publish","type":"product","link":"https:\/\/olemosaic.com\/pt-pt\/produto\/4-tacas-de-coco-de-13-x-6-cm-seta-caminho-de-santiago\/","title":{"rendered":"4 Ta\u00e7as de coco de 13 x 6 cm. Seta. Caminho de Santiago."},"content":{"rendered":"<p>Este conjunto de 4 ta\u00e7as de coco \u00e9 uma recorda\u00e7\u00e3o atraente e colorida, inspirada no Caminho de Santiago. Cada ta\u00e7a, com um di\u00e2metro de 13 cm e uma altura de 6 cm, apresenta um design vibrante que se destaca pelas suas tonalidades em azul, vermelho, laranja e rosa, perfeitas para trazer vida e alegria a qualquer espa\u00e7o. O distintivo de cada ta\u00e7a \u00e9 uma seta branca que indica a dire\u00e7\u00e3o do caminho, acompanhada pelo texto &#8220;CAMINHO DE SANTIAGO&#8221;, o que a torna um s\u00edmbolo desta famosa rota de peregrina\u00e7\u00e3o europeia. A textura org\u00e2nica presente nos bordos das ta\u00e7as real\u00e7a o seu aspeto artesanal, conferindo um toque \u00fanico e aut\u00eantico a cada pe\u00e7a. Estas ta\u00e7as n\u00e3o s\u00e3o apenas ideais para uso decorativo, mas tamb\u00e9m resultam funcionais \u00e0 mesa, perfeitas para servir aperitivos ou simplesmente como objetos de adorno. Este conjunto de recorda\u00e7\u00f5es de qualidade \u00e9 uma excelente op\u00e7\u00e3o para turistas que procuram recorda\u00e7\u00f5es representativas e aut\u00eanticas da sua viagem. Na Ol\u00e9 Mosaic, como distribuidores de recorda\u00e7\u00f5es por grosso, oferecemos artigos que celebram a rica tradi\u00e7\u00e3o do Caminho de Santiago, ideais para lojas de presentes tur\u00edsticos que desejem oferecer produtos de grande relev\u00e2ncia cultural e est\u00e9tica.<\/p>\n","protected":false},"excerpt":{"rendered":"<p>Conjunto de 4 ta\u00e7as de coco, cada uma com um di\u00e2metro de 13 cm e uma altura de 6 cm, inspiradas no Caminho de Santiago. Estas coloridas ta\u00e7as apresentam um design vibrante em tons de azul, vermelho, laranja e rosa, cada uma com uma seta branca que indica o caminho, acompanhada pelo texto &#8220;CAMINHO DE SANTIAGO&#8221;. Os bordos das ta\u00e7as exibem uma textura org\u00e2nica que real\u00e7a o seu aspeto artesanal, ideal para decora\u00e7\u00e3o ou uso \u00e0 mesa.<\/p>\n","protected":false},"featured_media":14219,"template":"","meta":{"_acf_changed":false},"product_brand":[],"product_cat":[513],"product_tag":[],"class_list":{"0":"post-37646","1":"product","2":"type-product","3":"status-publish","4":"has-post-thumbnail","6":"product_cat-bols","7":"pa_ciudad-santiago","8":"pa_motivo-setas","9":"pa_pais-espana","11":"first","12":"instock","13":"shipping-taxable","14":"product-type-simple"},"acf":[],"_links":{"self":[{"href":"https:\/\/olemosaic.com\/pt-pt\/wp-json\/wp\/v2\/product\/37646","targetHints":{"allow":["GET"]}}],"collection":[{"href":"https:\/\/olemosaic.com\/pt-pt\/wp-json\/wp\/v2\/product"}],"about":[{"href":"https:\/\/olemosaic.com\/pt-pt\/wp-json\/wp\/v2\/types\/product"}],"wp:featuredmedia":[{"embeddable":true,"href":"https:\/\/olemosaic.com\/pt-pt\/wp-json\/wp\/v2\/media\/14219"}],"wp:attachment":[{"href":"https:\/\/olemosaic.com\/pt-pt\/wp-json\/wp\/v2\/media?parent=37646"}],"wp:term":[{"taxonomy":"product_brand","embeddable":true,"href":"https:\/\/olemosaic.com\/pt-pt\/wp-json\/wp\/v2\/product_brand?post=37646"},{"taxonomy":"product_cat","embeddable":true,"href":"https:\/\/olemosaic.com\/pt-pt\/wp-json\/wp\/v2\/product_cat?post=37646"},{"taxonomy":"product_tag","embeddable":true,"href":"https:\/\/olemosaic.com\/pt-pt\/wp-json\/wp\/v2\/product_tag?post=37646"}],"curies":[{"name":"wp","href":"https:\/\/api.w.org\/{rel}","templated":true}]}}