{"id":37644,"date":"2025-02-20T23:38:33","date_gmt":"2025-02-20T22:38:33","guid":{"rendered":"http:\/\/olemosaic.com\/producto\/4-bols-de-coco-de-13-x-6-cm-mariposa-6\/"},"modified":"2025-07-25T20:19:32","modified_gmt":"2025-07-25T18:19:32","slug":"4-tacas-de-coco-de-13-x-6-cm-borboleta-6","status":"publish","type":"product","link":"https:\/\/olemosaic.com\/pt-pt\/produto\/4-tacas-de-coco-de-13-x-6-cm-borboleta-6\/","title":{"rendered":"4 Ta\u00e7as de coco de 13 x 6 cm. Borboleta. Azul, vermelho, laranja, rosa."},"content":{"rendered":"<p>Este jogo de 4 ta\u00e7as de coco \u00e9 uma aut\u00eantica joia artesanal, ideal para quem procura recorda\u00e7\u00f5es de qualidade que reflitam a cultura e o design artesanal. Cada ta\u00e7a mede 13 x 6 cm e destaca-se pelo seu colorido vibrante: azul, vermelho, laranja e rosa. O que realmente as torna pe\u00e7as \u00fanicas \u00e9 o seu elegante motivo de borboleta, decorado minuciosamente em branco, que confere um ar fresco e original. Os bordos das ta\u00e7as apresentam um acabamento l\u00fadico que evoca um estilo artesanal, fazendo de cada pe\u00e7a n\u00e3o apenas um utens\u00edlio funcional para servir aperitivos, mas tamb\u00e9m um elemento decorativo que iluminar\u00e1 qualquer mesa.<\/p>\n<p>Este produto celebra a liga\u00e7\u00e3o com a natureza e a arte do artesanato local, sendo uma recorda\u00e7\u00e3o perfeita para os turistas que desejam levar para casa uma parte da cultura espanhola. As ta\u00e7as de coco s\u00e3o uma excelente op\u00e7\u00e3o para lojas de presentes tur\u00edsticos que procuram souvenirs aut\u00eanticos e representativos, conferindo um toque de cor e eleg\u00e2ncia a qualquer exposi\u00e7\u00e3o. Na Ol\u00e9 Mosaic, especializamo-nos na distribui\u00e7\u00e3o de souvenirs por grosso, assegurando que cada pe\u00e7a conte uma hist\u00f3ria de tradi\u00e7\u00e3o e criatividade. Atraentes e pr\u00e1ticas, estas recorda\u00e7\u00f5es de ta\u00e7as de coco s\u00e3o uma escolha ideal para quem procura qualidade e autenticidade nas suas compras.<\/p>\n","protected":false},"excerpt":{"rendered":"<p>Conjunto de 4 ta\u00e7as de coco de 13 x 6 cm, decoradas com um elegante motivo de borboleta. Cada ta\u00e7a apresenta uma cor vibrante diferente: azul, vermelho, laranja e rosa, complementadas com detalhes brancos que real\u00e7am o design da borboleta. Estas ta\u00e7as s\u00e3o perfeitas para servir aperitivos ou como pe\u00e7as decorativas. O seu acabamento artesanal e distintivo confere-lhes um toque de frescura e originalidade, ideais para dar cor a qualquer mesa.<\/p>\n","protected":false},"featured_media":14213,"template":"","meta":{"_acf_changed":false},"product_brand":[],"product_cat":[513],"product_tag":[516],"class_list":{"0":"post-37644","1":"product","2":"type-product","3":"status-publish","4":"has-post-thumbnail","6":"product_cat-bols","7":"product_tag-animais","8":"pa_motivo-borboletas","10":"first","11":"instock","12":"shipping-taxable","13":"product-type-simple"},"acf":[],"_links":{"self":[{"href":"https:\/\/olemosaic.com\/pt-pt\/wp-json\/wp\/v2\/product\/37644","targetHints":{"allow":["GET"]}}],"collection":[{"href":"https:\/\/olemosaic.com\/pt-pt\/wp-json\/wp\/v2\/product"}],"about":[{"href":"https:\/\/olemosaic.com\/pt-pt\/wp-json\/wp\/v2\/types\/product"}],"wp:featuredmedia":[{"embeddable":true,"href":"https:\/\/olemosaic.com\/pt-pt\/wp-json\/wp\/v2\/media\/14213"}],"wp:attachment":[{"href":"https:\/\/olemosaic.com\/pt-pt\/wp-json\/wp\/v2\/media?parent=37644"}],"wp:term":[{"taxonomy":"product_brand","embeddable":true,"href":"https:\/\/olemosaic.com\/pt-pt\/wp-json\/wp\/v2\/product_brand?post=37644"},{"taxonomy":"product_cat","embeddable":true,"href":"https:\/\/olemosaic.com\/pt-pt\/wp-json\/wp\/v2\/product_cat?post=37644"},{"taxonomy":"product_tag","embeddable":true,"href":"https:\/\/olemosaic.com\/pt-pt\/wp-json\/wp\/v2\/product_tag?post=37644"}],"curies":[{"name":"wp","href":"https:\/\/api.w.org\/{rel}","templated":true}]}}