{"id":37643,"date":"2025-02-20T23:38:32","date_gmt":"2025-02-20T22:38:32","guid":{"rendered":"http:\/\/olemosaic.com\/producto\/4-bols-de-coco-de-13-x-6-cm-salamandra-menorca\/"},"modified":"2025-07-25T20:41:06","modified_gmt":"2025-07-25T18:41:06","slug":"4-tacas-de-coco-de-13-x-6-cm-salamandra-menorca","status":"publish","type":"product","link":"https:\/\/olemosaic.com\/pt-pt\/produto\/4-tacas-de-coco-de-13-x-6-cm-salamandra-menorca\/","title":{"rendered":"4 Ta\u00e7as de coco de 13 x 6 cm. Salamandra. Menorca."},"content":{"rendered":"<p>Este conjunto de 4 ta\u00e7as de coco, de 13 x 6 cm, \u00e9 uma vibrante representa\u00e7\u00e3o da cultura menorquina, decoradas com um cativante design de salamandra. Cada ta\u00e7a foi pintada \u00e0 m\u00e3o, exibindo uma encantadora paleta de cores que inclui azul, dourado, rosa e roxo, criando um efeito visual \u00fanico que real\u00e7a a textura natural do coco. O acabamento brilhante de cada pe\u00e7a n\u00e3o s\u00f3 embeleza o design, como tamb\u00e9m as torna perfeitas para servir aperitivos ou como elementos decorativos que acrescentam um toque de tradi\u00e7\u00e3o a qualquer casa.<\/p>\n<p>O motivo da salamandra, s\u00edmbolo da fauna local, destaca a rica biodiversidade de Menorca e permite aos utilizadores ligarem-se \u00e0 ess\u00eancia da ilha em cada utiliza\u00e7\u00e3o. O uso de cores vivas reflete o ambiente alegre e acolhedor de Menorca, tornando estas ta\u00e7as num souvenir ideal para aqueles que desejam levar uma recorda\u00e7\u00e3o aut\u00eantica da sua visita. Na Ol\u00e9 Mosaic, somos especialistas na distribui\u00e7\u00e3o de souvenirs por grosso, e oferecemos este conjunto de ta\u00e7as como uma op\u00e7\u00e3o perfeita para lojas de presentes tur\u00edsticos que procuram produtos que contem hist\u00f3rias e representem a cultura local. Este conjunto de 4 ta\u00e7as de coco \u00e9, sem d\u00favida, uma excelente recorda\u00e7\u00e3o menorquina que combina funcionalidade e arte.<\/p>\n","protected":false},"excerpt":{"rendered":"<p>Conjunto de 4 ta\u00e7as de coco de 13 x 6 cm, decoradas com um design vibrante de salamandra, t\u00edpico de Menorca. Cada ta\u00e7a tem um design artesanal, pintado \u00e0 m\u00e3o, em cores azul, dourado, rosa e roxo, e apresenta um acabamento brilhante que real\u00e7a a textura natural do coco. Ideais para servir aperitivos ou como elemento decorativo, estas ta\u00e7as conferem um toque de tradi\u00e7\u00e3o menorquina a qualquer casa. Os motivos coloridos e alegres refletem o encanto da ilha.<\/p>\n","protected":false},"featured_media":14218,"template":"","meta":{"_acf_changed":false},"product_brand":[],"product_cat":[513],"product_tag":[516],"class_list":{"0":"post-37643","1":"product","2":"type-product","3":"status-publish","4":"has-post-thumbnail","6":"product_cat-bols","7":"product_tag-animais","8":"pa_ciudad-menorca","9":"pa_motivo-salamandras","10":"pa_pais-espana","12":"first","13":"instock","14":"shipping-taxable","15":"product-type-simple"},"acf":[],"_links":{"self":[{"href":"https:\/\/olemosaic.com\/pt-pt\/wp-json\/wp\/v2\/product\/37643","targetHints":{"allow":["GET"]}}],"collection":[{"href":"https:\/\/olemosaic.com\/pt-pt\/wp-json\/wp\/v2\/product"}],"about":[{"href":"https:\/\/olemosaic.com\/pt-pt\/wp-json\/wp\/v2\/types\/product"}],"wp:featuredmedia":[{"embeddable":true,"href":"https:\/\/olemosaic.com\/pt-pt\/wp-json\/wp\/v2\/media\/14218"}],"wp:attachment":[{"href":"https:\/\/olemosaic.com\/pt-pt\/wp-json\/wp\/v2\/media?parent=37643"}],"wp:term":[{"taxonomy":"product_brand","embeddable":true,"href":"https:\/\/olemosaic.com\/pt-pt\/wp-json\/wp\/v2\/product_brand?post=37643"},{"taxonomy":"product_cat","embeddable":true,"href":"https:\/\/olemosaic.com\/pt-pt\/wp-json\/wp\/v2\/product_cat?post=37643"},{"taxonomy":"product_tag","embeddable":true,"href":"https:\/\/olemosaic.com\/pt-pt\/wp-json\/wp\/v2\/product_tag?post=37643"}],"curies":[{"name":"wp","href":"https:\/\/api.w.org\/{rel}","templated":true}]}}