{"id":37642,"date":"2025-02-20T23:38:32","date_gmt":"2025-02-20T22:38:32","guid":{"rendered":"http:\/\/olemosaic.com\/producto\/4-bols-de-coco-de-13-x-6-cm-sagrada-familia-barcelona-4\/"},"modified":"2025-07-25T20:00:55","modified_gmt":"2025-07-25T18:00:55","slug":"4-tacas-de-coco-de-13-x-6-cm-sagrada-familia-barcelona-4","status":"publish","type":"product","link":"https:\/\/olemosaic.com\/pt-pt\/produto\/4-tacas-de-coco-de-13-x-6-cm-sagrada-familia-barcelona-4\/","title":{"rendered":"4 Ta\u00e7as de coco de 13 x 6 cm. Sagrada Fam\u00edlia. Barcelona. Espanha."},"content":{"rendered":"<p>Conjunto de 4 ta\u00e7as de coco decoradas com a emblem\u00e1tica Sagrada Fam\u00edlia de Barcelona. Cada ta\u00e7a, com medidas de 13 x 6 cm, destaca-se pelo seu design \u00fanico e vibrante, com uma paleta de cores intensas como azuis, laranjas e dourados, que real\u00e7am a textura natural do coco. No centro de cada pe\u00e7a, o log\u00f3tipo de Barcelona acrescenta um toque aut\u00eantico e distintivo, ligando cada ta\u00e7a \u00e0 vibrante cultura da cidade. Este conjunto n\u00e3o \u00e9 apenas ideal para servir aperitivos, mas tamb\u00e9m funciona como um atraente elemento decorativo que embelezar\u00e1 qualquer espa\u00e7o, conferindo um ar mediterr\u00e2nico.<\/p>\n<p>A Sagrada Fam\u00edlia, obra-prima de Antoni Gaud\u00ed, serve de inspira\u00e7\u00e3o para estas ta\u00e7as, encapsulando a ess\u00eancia art\u00edstica e arquitet\u00f3nica de Barcelona. Isto torna-as uma recorda\u00e7\u00e3o perfeita para quem deseja levar um pedacinho desta ic\u00f3nica cidade. Na Ol\u00e9 Mosaic, oferecemos-lhe a oportunidade de adquirir estes souvenirs de alta qualidade por grosso, garantindo a autenticidade e o design caracter\u00edstico de Barcelona. Este conjunto de ta\u00e7as de coco \u00e9 uma excelente op\u00e7\u00e3o para lojas de presentes tur\u00edsticos que procuram oferecer produtos funcionais e com um valor cultural significativo.<\/p>\n","protected":false},"excerpt":{"rendered":"<p>Conjunto de 4 ta\u00e7as de coco de 13 x 6 cm, decoradas com motivos que evocam a emblem\u00e1tica Sagrada Fam\u00edlia de Barcelona. Cada ta\u00e7a apresenta um design \u00fanico com diferentes cores vibrantes, como azuis, laranjas e dourados, que real\u00e7am a sua textura natural. Com o log\u00f3tipo de Barcelona no centro, estas ta\u00e7as s\u00e3o perfeitas tanto como objetos decorativos como funcionais, ideais para servir aperitivos ou como elemento decorativo na sua casa.<\/p>\n","protected":false},"featured_media":14217,"template":"","meta":{"_acf_changed":false},"product_brand":[],"product_cat":[513],"product_tag":[],"class_list":{"0":"post-37642","1":"product","2":"type-product","3":"status-publish","4":"has-post-thumbnail","6":"product_cat-bols","7":"pa_ciudad-barcelona","8":"pa_motivo-sagrada-familia","9":"pa_pais-espana","11":"first","12":"instock","13":"shipping-taxable","14":"product-type-simple"},"acf":[],"_links":{"self":[{"href":"https:\/\/olemosaic.com\/pt-pt\/wp-json\/wp\/v2\/product\/37642","targetHints":{"allow":["GET"]}}],"collection":[{"href":"https:\/\/olemosaic.com\/pt-pt\/wp-json\/wp\/v2\/product"}],"about":[{"href":"https:\/\/olemosaic.com\/pt-pt\/wp-json\/wp\/v2\/types\/product"}],"wp:featuredmedia":[{"embeddable":true,"href":"https:\/\/olemosaic.com\/pt-pt\/wp-json\/wp\/v2\/media\/14217"}],"wp:attachment":[{"href":"https:\/\/olemosaic.com\/pt-pt\/wp-json\/wp\/v2\/media?parent=37642"}],"wp:term":[{"taxonomy":"product_brand","embeddable":true,"href":"https:\/\/olemosaic.com\/pt-pt\/wp-json\/wp\/v2\/product_brand?post=37642"},{"taxonomy":"product_cat","embeddable":true,"href":"https:\/\/olemosaic.com\/pt-pt\/wp-json\/wp\/v2\/product_cat?post=37642"},{"taxonomy":"product_tag","embeddable":true,"href":"https:\/\/olemosaic.com\/pt-pt\/wp-json\/wp\/v2\/product_tag?post=37642"}],"curies":[{"name":"wp","href":"https:\/\/api.w.org\/{rel}","templated":true}]}}