{"id":37640,"date":"2025-02-20T23:38:32","date_gmt":"2025-02-20T22:38:32","guid":{"rendered":"http:\/\/olemosaic.com\/producto\/4-bols-de-coco-de-13-x-6-cm-toro-4\/"},"modified":"2025-07-25T19:49:37","modified_gmt":"2025-07-25T17:49:37","slug":"4-tacas-de-coco-de-13-x-6-cm-touro-4","status":"publish","type":"product","link":"https:\/\/olemosaic.com\/pt-pt\/produto\/4-tacas-de-coco-de-13-x-6-cm-touro-4\/","title":{"rendered":"4 Ta\u00e7as de coco de 13 x 6 cm. Touro. Folclore espanhol."},"content":{"rendered":"<p>Este conjunto de 4 ta\u00e7as de coco \u00e9 uma aut\u00eantica joia do artesanato espanhol, ideal para quem deseja levar um peda\u00e7o da cultura de Espanha para casa. Cada ta\u00e7a, com dimens\u00f5es de 13 x 6 cm, foi meticulosamente elaborada e decorada \u00e0 m\u00e3o, apresentando um design \u00fanico que celebra o emblem\u00e1tico touro, s\u00edmbolo indiscut\u00edvel da tradi\u00e7\u00e3o e do folclore espanhol. As cores vibrantes de cada ta\u00e7a \u2013 azul, vermelho, laranja e dourado \u2013 combinam-se numa espetacular textura que evoca a riqueza da paisagem espanhola. No centro de cada ta\u00e7a, a silhueta do touro destaca-se, prestando homenagem \u00e0s festas taurinas e \u00e0 heran\u00e7a cultural que representam.<\/p>\n<p>Estas ta\u00e7as n\u00e3o s\u00e3o apenas um complemento decorativo, mas tamb\u00e9m representam um estilo de vida cheio de paix\u00e3o e cultura, perfeitas para real\u00e7ar qualquer mesa ou evento, seja um jantar, uma celebra\u00e7\u00e3o ou uma reuni\u00e3o entre amigos. Na Ol\u00e9 Mosaic, orgulhamo-nos de oferecer souvenirs aut\u00eanticos e representativos de diversas regi\u00f5es, e estas ta\u00e7as de coco s\u00e3o uma excelente op\u00e7\u00e3o para lojas de presentes tur\u00edsticos que procurem produtos de alta qualidade. Como grossistas de souvenirs em Espanha, garantimos a autenticidade e singularidade de cada pe\u00e7a, ideal para os turistas que procuram uma recorda\u00e7\u00e3o significativa da sua visita. N\u00e3o deixe passar a oportunidade de oferecer estas atraentes ta\u00e7as de coco que embelezam tanto a mesa como o cora\u00e7\u00e3o de quem as recebe.<\/p>\n","protected":false},"excerpt":{"rendered":"<p>Conjunto de 4 ta\u00e7as de coco de 13 x 6 cm, decoradas com o emblem\u00e1tico motivo do touro, s\u00edmbolo da cultura espanhola. Cada ta\u00e7a apresenta um design \u00fanico, com cores vibrantes como azul, vermelho, laranja e dourado, que se entrela\u00e7am num padr\u00e3o de textura natural. As ta\u00e7as s\u00e3o cuidadosamente elaboradas e pintadas \u00e0 m\u00e3o, incorporando a silhueta de um touro no centro, ideais para real\u00e7ar a tradi\u00e7\u00e3o e o folclore espanhol em qualquer mesa ou evento.<\/p>\n","protected":false},"featured_media":14215,"template":"","meta":{"_acf_changed":false},"product_brand":[],"product_cat":[513],"product_tag":[516],"class_list":{"0":"post-37640","1":"product","2":"type-product","3":"status-publish","4":"has-post-thumbnail","6":"product_cat-bols","7":"product_tag-animais","8":"pa_motivo-touros","10":"first","11":"instock","12":"shipping-taxable","13":"product-type-simple"},"acf":[],"_links":{"self":[{"href":"https:\/\/olemosaic.com\/pt-pt\/wp-json\/wp\/v2\/product\/37640","targetHints":{"allow":["GET"]}}],"collection":[{"href":"https:\/\/olemosaic.com\/pt-pt\/wp-json\/wp\/v2\/product"}],"about":[{"href":"https:\/\/olemosaic.com\/pt-pt\/wp-json\/wp\/v2\/types\/product"}],"wp:featuredmedia":[{"embeddable":true,"href":"https:\/\/olemosaic.com\/pt-pt\/wp-json\/wp\/v2\/media\/14215"}],"wp:attachment":[{"href":"https:\/\/olemosaic.com\/pt-pt\/wp-json\/wp\/v2\/media?parent=37640"}],"wp:term":[{"taxonomy":"product_brand","embeddable":true,"href":"https:\/\/olemosaic.com\/pt-pt\/wp-json\/wp\/v2\/product_brand?post=37640"},{"taxonomy":"product_cat","embeddable":true,"href":"https:\/\/olemosaic.com\/pt-pt\/wp-json\/wp\/v2\/product_cat?post=37640"},{"taxonomy":"product_tag","embeddable":true,"href":"https:\/\/olemosaic.com\/pt-pt\/wp-json\/wp\/v2\/product_tag?post=37640"}],"curies":[{"name":"wp","href":"https:\/\/api.w.org\/{rel}","templated":true}]}}